{"id":733463,"date":"2025-08-27T22:10:33","date_gmt":"2025-08-27T19:10:33","guid":{"rendered":"https:\/\/roveyayinevi.com.tr\/index.php\/urun\/islak-menu\/"},"modified":"2026-04-16T02:41:29","modified_gmt":"2026-04-15T23:41:29","slug":"islak-menu","status":"publish","type":"product","link":"https:\/\/roveyayinevi.com.tr\/index.php\/urun\/islak-menu\/","title":{"rendered":"Islak Men\u00fc"},"content":{"rendered":"<p>Bir T\u00fcrk Kad\u0131n \u015eefin Seyahatnamesi ve Yemek Tarifleri Deniz Kurt G\u00f6rsev   \u201cDenizlere kad\u0131n eli de\u011fince, yemek yapma bir ba\u015fka sanata d\u00f6n\u00fc\u015f\u00fcyor. Mutfa\u011f\u0131 y\u00fczen bir m\u00fcze. Men\u00fcy\u00fc ise Piri Reis haritas\u0131na d\u00f6n\u00fc\u015ft\u00fcren bir \u015fef. Kar\u015f\u0131n\u0131zda a\u00e7\u0131k deniz \u015fefi, Deniz Kurt G\u00f6rsev.\u201d -Ertu\u011frul \u00d6zk\u00f6k   Hi\u00e7 bulunmad\u0131\u011f\u0131n\u0131z, g\u00f6rme \u015fans\u0131na eri\u015femedi\u011finiz, yaln\u0131zca foto\u011fraflar\u0131na bakarak bir g\u00fcn orada olaca\u011f\u0131n\u0131z\u0131n hayallerini kurdu\u011funuz yerlerde neler yendi\u011fini hi\u00e7 merak ettiniz mi? Y\u00f6resel \u00fcr\u00fcnlerin tarihten kopup gelen hikayelerini, bu \u00fcr\u00fcnlerle olu\u015fturulan tariflerin \u00e7\u0131k\u0131\u015f noktalar\u0131n\u0131, damakta kalan lezzetin k\u00fclt\u00fcrel bir \u015f\u00f6lene nas\u0131l d\u00f6n\u00fc\u015ft\u00fc\u011f\u00fcn\u00fc d\u00fc\u015f\u00fcnd\u00fcn\u00fcz m\u00fc? Peki, t\u00fcm bunlar\u0131 okyanusa\u015f\u0131r\u0131 bir yolculukla hayal ettiniz mi? Cevab\u0131n\u0131z hay\u0131rsa, a\u00e7\u0131k deniz \u015fefi Deniz Kurt G\u00f6rsev\u2019in Islak Men\u00fc\u2019s\u00fc ile hem yola \u00e7\u0131kma hem de mutfa\u011fa girme zaman\u0131!   T\u00fcrkiye\u2019den yola \u00e7\u0131k\u0131p Yunan Adalar\u0131\u2019na yelken a\u00e7acak, Poseidon\u2019un evinden Tanr\u0131lar Kenti Atina\u2019ya uzanacak, insan yap\u0131m\u0131 en dar kanallardan biri olan Korint Kanal\u0131\u2019ndan ge\u00e7erek \u0130talya k\u0131y\u0131lar\u0131na yana\u015facak, Sicilya ve Sardinya\u2019n\u0131n ard\u0131ndan pizza \u015fehri Napoli\u2019ye ve dillere destan Capri\u2019ye varacak, Ponza\u2019dan Korsika\u2019ya ve Portofino\u2019ya ge\u00e7eceksiniz. Bitti mi? Hay\u0131r! Fransa\u2019n\u0131n me\u015fhur k\u0131y\u0131lar\u0131 C\u00f4te d\u2019Azur, Balear Denizi\u2019nin incileri Mallorca ve \u0130biza\u2019y\u0131 g\u00f6recek, Akdeniz ve Atlantik Okyanusu ak\u0131nt\u0131lar\u0131n\u0131n \u00e7arp\u0131\u015ft\u0131\u011f\u0131 yerde dalgalarla bo\u011fu\u015farak Cebelitar\u0131k\u2019tan \u00e7\u0131kacak ve me\u015fhur Atlantik ge\u00e7i\u015fini yapmadan \u00f6nce Tanr\u0131\u2019n\u0131n evi kuzeylere \u00e7\u0131kacaks\u0131n\u0131z: Karlar krali\u00e7esi Norve\u00e7 fiyortlar\u0131na. Karayip Korsanlar\u0131\u2019na selam\u0131 \u00e7akt\u0131ktan sonra Panama Kanal\u0131 ve ver elini Gal\u00e0pagos! Darwin\u2019in evrim teorisini ke\u015ffetti\u011fi adalarda son bulan bir d\u00fcnya turu atacaks\u0131n\u0131z.   \u201cDeniz\u2019in kitab\u0131n\u0131 okurken ne hissetti\u011fimi hemen s\u00f6yleyeyim: G\u00fczel, beyaz bir yelkenliyle denize a\u00e7\u0131lm\u0131\u015f\u0131z ama teknenin bir \u00f6zelli\u011fi de ayn\u0131 zamanda zaman makinas\u0131 olmas\u0131ym\u0131\u015f. O y\u00fczden hem zamanda hem mekanda bir yolculu\u011fa \u00e7\u0131k\u0131yoruz. Tabii bizi bekleyen t\u00fcrl\u00fc maceralar, hikayeler, an\u0131lar ve \u00e7ok farkl\u0131 \u00fclkelerin, adalar\u0131n, kentlerin yemekleriyle\u2026\u201d -K\u00fcr\u015fat Ba\u015far     Kendisini en yak\u0131n hissetti\u011fi yerin ismi gibi denizler oldu\u011funu s\u00f6yleyen ve hi\u00e7bir yere de\u011fil, her yere ait oldu\u011funu vurgulayan Deniz Kurt G\u00f6rsev\u2019in Islak Men\u00fc\u2019s\u00fc ile hem a\u00e7\u0131k denizlerin her haline \u015fahit olacak hem k\u00fclt\u00fcrlerin nas\u0131l i\u00e7 i\u00e7e ge\u00e7ti\u011fine \u015fahit olacak hem de birbirinden lezzetli yemek tarifleriyle sofralar\u0131n\u0131z\u0131 \u015fenlendireceksiniz! <\/p>\n","protected":false},"excerpt":{"rendered":"<p>Bir T\u00fcrk Kad\u0131n \u015eefin Seyahatnamesi ve Yemek Tarifleri Deniz Kurt G\u00f6rsev \u201cDenizlere kad\u0131n eli de\u011fince, yemek yapma bir ba\u015fka sanata d\u00f6n\u00fc\u015f\u00fcyor. Mutfa\u011f\u0131 y\u00fczen bir m\u00fcze. Men\u00fcy\u00fc<span class=\"excerpt-hellip\"> [\u2026]<\/span><\/p>\n","protected":false},"featured_media":0,"template":"","meta":{"_monsterinsights_skip_tracking":false,"_monsterinsights_sitenote_active":false,"_monsterinsights_sitenote_note":"","_monsterinsights_sitenote_category":0},"product_brand":[],"product_cat":[22706,12457],"product_tag":[],"class_list":{"0":"post-733463","1":"product","2":"type-product","3":"status-publish","5":"product_cat-dunya-mutfagi","6":"product_cat-yemek-kitaplari","7":"pa_cilt-ciltsiz","8":"pa_tur-kitap","9":"pa_yayinevi-okuyan-us-yayin","10":"pa_yazar-deniz-kurt-gorsev","12":"first","13":"instock","14":"sale","15":"shipping-taxable","16":"purchasable","17":"product-type-simple"},"_links":{"self":[{"href":"https:\/\/roveyayinevi.com.tr\/index.php\/wp-json\/wp\/v2\/product\/733463","targetHints":{"allow":["GET"]}}],"collection":[{"href":"https:\/\/roveyayinevi.com.tr\/index.php\/wp-json\/wp\/v2\/product"}],"about":[{"href":"https:\/\/roveyayinevi.com.tr\/index.php\/wp-json\/wp\/v2\/types\/product"}],"wp:attachment":[{"href":"https:\/\/roveyayinevi.com.tr\/index.php\/wp-json\/wp\/v2\/media?parent=733463"}],"wp:term":[{"taxonomy":"product_brand","embeddable":true,"href":"https:\/\/roveyayinevi.com.tr\/index.php\/wp-json\/wp\/v2\/product_brand?post=733463"},{"taxonomy":"product_cat","embeddable":true,"href":"https:\/\/roveyayinevi.com.tr\/index.php\/wp-json\/wp\/v2\/product_cat?post=733463"},{"taxonomy":"product_tag","embeddable":true,"href":"https:\/\/roveyayinevi.com.tr\/index.php\/wp-json\/wp\/v2\/product_tag?post=733463"}],"curies":[{"name":"wp","href":"https:\/\/api.w.org\/{rel}","templated":true}]}}