{"id":733462,"date":"2025-08-27T22:10:32","date_gmt":"2025-08-27T19:10:32","guid":{"rendered":"https:\/\/roveyayinevi.com.tr\/index.php\/urun\/kisa-cin-tarihi\/"},"modified":"2026-04-16T02:41:29","modified_gmt":"2026-04-15T23:41:29","slug":"kisa-cin-tarihi","status":"publish","type":"product","link":"https:\/\/roveyayinevi.com.tr\/index.php\/urun\/kisa-cin-tarihi\/","title":{"rendered":"K\u0131sa \u00c7in Tarihi"},"content":{"rendered":"<p>Ayn\u0131 zamanda uygarl\u0131\u011f\u0131n d\u00fcnya \u00fczerindeki birka\u00e7 ba\u011f\u0131ms\u0131z do\u011fum yerinden biri olan \u00c7in, tarih\u00f6ncesinden kalan insanl\u0131k miras\u0131n\u0131 temel alarak antik\u00e7a\u011fdan itibaren m\u00fclki ve askeri \u00f6rg\u00fctlenme, bilim, teknoloji, sanat ve d\u00fc\ufb02\u00fcnce alanlar\u0131nda kaydetti\u011fi ba\u011flarla t\u00fcm insanl\u0131\u011f\u0131n imgeleminde kal\u0131c\u0131 bir iz b\u0131rakm\u0131\u015ft\u0131r. \u00c7in seddi, Yasak \u015eehir ve Toprak Askerler gibi an\u0131tsal nitelikteki eserleri bilmeyen, hayran kalmayan yoktur.   Kaydetti\u011fi ba\u011flar kadar b\u00fcy\u00fck felaketlere, i\u015fgallere u\u011fram\u0131\u015f, isyanlarla, salg\u0131nlarla bo\u011fulmu\u015f, ini\u015f ve \u00e7\u0131k\u0131\u015flar ya\u015fam\u0131\u015f \u00c7in\u2019in y\u0131ld\u0131z\u0131 21. y\u00fczy\u0131lda tekrar parlamaya ba\u015flam\u0131\u015f, siyasal, askeri, ekonomik ve teknolojik bak\u0131mdan Bat\u0131 ittifak sistemine rakip bir kuvvet merkezi haline gelmi\u015ftir.  D\u00fcnyan\u0131n en b\u00fcy\u00fck n\u00fcfuslu \u00fclkesi olan \u00c7in\u2019in heyecanl\u0131 ve uzun \u00f6yk\u00fcs\u00fc, insanl\u0131k tarihinin k\u0131sa bir kitaba s\u0131\u011fd\u0131r\u0131lmas\u0131 en g\u00fc\u00e7 seksiyonlar\u0131ndan biri olsa gerek; ama Gordon Kerr bunu ustal\u0131kla yap\u0131yor.  <\/p>\n","protected":false},"excerpt":{"rendered":"<p>Ayn\u0131 zamanda uygarl\u0131\u011f\u0131n d\u00fcnya \u00fczerindeki birka\u00e7 ba\u011f\u0131ms\u0131z do\u011fum yerinden biri olan \u00c7in, tarih\u00f6ncesinden kalan insanl\u0131k miras\u0131n\u0131 temel alarak antik\u00e7a\u011fdan itibaren m\u00fclki ve askeri \u00f6rg\u00fctlenme, bilim, teknoloji,<span class=\"excerpt-hellip\"> [\u2026]<\/span><\/p>\n","protected":false},"featured_media":0,"template":"","meta":{"_monsterinsights_skip_tracking":false,"_monsterinsights_sitenote_active":false,"_monsterinsights_sitenote_note":"","_monsterinsights_sitenote_category":0},"product_brand":[],"product_cat":[12305,12304],"product_tag":[],"class_list":{"0":"post-733462","1":"product","2":"type-product","3":"status-publish","5":"product_cat-dunya-tarihi","6":"product_cat-tarih","7":"pa_cilt-ciltsiz","8":"pa_tur-kitap","9":"pa_yayinevi-say-yayinlari","10":"pa_yazar-gordon-kerr","12":"first","13":"instock","14":"sale","15":"shipping-taxable","16":"purchasable","17":"product-type-simple"},"_links":{"self":[{"href":"https:\/\/roveyayinevi.com.tr\/index.php\/wp-json\/wp\/v2\/product\/733462","targetHints":{"allow":["GET"]}}],"collection":[{"href":"https:\/\/roveyayinevi.com.tr\/index.php\/wp-json\/wp\/v2\/product"}],"about":[{"href":"https:\/\/roveyayinevi.com.tr\/index.php\/wp-json\/wp\/v2\/types\/product"}],"wp:attachment":[{"href":"https:\/\/roveyayinevi.com.tr\/index.php\/wp-json\/wp\/v2\/media?parent=733462"}],"wp:term":[{"taxonomy":"product_brand","embeddable":true,"href":"https:\/\/roveyayinevi.com.tr\/index.php\/wp-json\/wp\/v2\/product_brand?post=733462"},{"taxonomy":"product_cat","embeddable":true,"href":"https:\/\/roveyayinevi.com.tr\/index.php\/wp-json\/wp\/v2\/product_cat?post=733462"},{"taxonomy":"product_tag","embeddable":true,"href":"https:\/\/roveyayinevi.com.tr\/index.php\/wp-json\/wp\/v2\/product_tag?post=733462"}],"curies":[{"name":"wp","href":"https:\/\/api.w.org\/{rel}","templated":true}]}}