{"id":733460,"date":"2025-08-27T22:10:30","date_gmt":"2025-08-27T19:10:30","guid":{"rendered":"https:\/\/roveyayinevi.com.tr\/index.php\/urun\/kisa-afrika-tarihi\/"},"modified":"2026-04-16T02:41:28","modified_gmt":"2026-04-15T23:41:28","slug":"kisa-afrika-tarihi","status":"publish","type":"product","link":"https:\/\/roveyayinevi.com.tr\/index.php\/urun\/kisa-afrika-tarihi\/","title":{"rendered":"K\u0131sa Afrika Tarihi"},"content":{"rendered":"<p>Charles Darwin, 1871 y\u0131l\u0131nda kaleme ald\u0131\u011f\u0131 insan\u0131n T\u00fcreyi\u015fi adl\u0131 kitab\u0131nda Afrika\u2019n\u0131n \u201cinsanl\u0131\u011f\u0131n be\u015fi\u011fi\u201d oldu\u011funu s\u00f6yledi\u011finde Avrupa\u2019da yer yerinden oynad\u0131. Avrupal\u0131lar\u0131n \u201c\u00fcst\u00fcn olma\u201d s\u00f6ylemlerine g\u00f6lge d\u00fc\u015f\u00fcren bu iddia 1950\u2019lerden sonra yap\u0131lan ara\u015ft\u0131rmalarla do\u011fruland\u0131. D\u00fcnya \u00fczerindeki kara alan\u0131n\u0131n be\u015fte birinden daha b\u00fcy\u00fck bir alan\u0131 kaplayan, elli d\u00f6rt egemen devletiyle \u015fa\u015f\u0131rt\u0131c\u0131 bollukta farkl\u0131 insan, etnik yap\u0131, toplum ve din sergileyen Afrika ayn\u0131 zamanda, bu \u015fansl\u0131 yap\u0131s\u0131na ra\u011fmen tarih boyunca d\u00fcnyada en fazla ac\u0131, a\u00e7l\u0131k, hastal\u0131k ve \u00f6l\u00fcm\u00fcn ya\u015fand\u0131\u011f\u0131 k\u0131ta oldu. K\u0131sa Afrika Tarihi, tarih\u00f6ncesi Afrika\u2019da insanl\u0131\u011f\u0131n do\u011fu\u015fundan 2011\u2019deki Arap Bahar\u0131\u2019na kadar bu muazzam k\u0131tan\u0131n tarihine \u00f6z bir giri\u015f sunuyor. \u0130nsan \u0131rk\u0131n\u0131n k\u00f6kenlerinden yola \u00e7\u0131k\u0131p ta\u015f devri s\u00fcrecini ana ba\u015fl\u0131klar alt\u0131nda topluyor, Arap varl\u0131\u011f\u0131n\u0131n ve M\u00fcsl\u00fcman devletlerin Sahra \u00f6tesi ticaretinin \u00f6nemini vurguluyor ve Avrupal\u0131lar k\u0131taya ak\u0131n etmeden \u00f6nceki ulus devletlerin ve krall\u0131klar\u0131n tarihini ele al\u0131yor. K\u00f6le ticareti, Sahra alt\u0131 Afrika\u2019n\u0131n Avrupal\u0131lar taraf\u0131ndan i\ufb02gal edilip s\u00f6m\u00fcrgele\u015ftirilmesi, \u201cAfrika Talan\u203a\u201d ve nihayetinde bu s\u00f6m\u00fcrge d\u00fczeninden kurtulmak i\u00e7in verilen ac\u0131 ve zorlu m\u00fccadeleleri ustal\u0131kla anlatan Kerr kitab\u0131n sonunda yirmi birinci y\u00fczy\u0131l Afrika\u2019s\u0131 i\u00e7in bir de\u011ferlendirmede bulunuyor.  <\/p>\n","protected":false},"excerpt":{"rendered":"<p>Charles Darwin, 1871 y\u0131l\u0131nda kaleme ald\u0131\u011f\u0131 insan\u0131n T\u00fcreyi\u015fi adl\u0131 kitab\u0131nda Afrika\u2019n\u0131n \u201cinsanl\u0131\u011f\u0131n be\u015fi\u011fi\u201d oldu\u011funu s\u00f6yledi\u011finde Avrupa\u2019da yer yerinden oynad\u0131. Avrupal\u0131lar\u0131n \u201c\u00fcst\u00fcn olma\u201d s\u00f6ylemlerine g\u00f6lge d\u00fc\u015f\u00fcren bu<span class=\"excerpt-hellip\"> [\u2026]<\/span><\/p>\n","protected":false},"featured_media":0,"template":"","meta":{"_monsterinsights_skip_tracking":false,"_monsterinsights_sitenote_active":false,"_monsterinsights_sitenote_note":"","_monsterinsights_sitenote_category":0},"product_brand":[],"product_cat":[12312,12304],"product_tag":[],"class_list":{"0":"post-733460","1":"product","2":"type-product","3":"status-publish","5":"product_cat-diger","6":"product_cat-tarih","7":"pa_cilt-ciltsiz","8":"pa_tur-kitap","9":"pa_yayinevi-say-yayinlari","10":"pa_yazar-gordon-kerr","12":"first","13":"instock","14":"sale","15":"shipping-taxable","16":"purchasable","17":"product-type-simple"},"_links":{"self":[{"href":"https:\/\/roveyayinevi.com.tr\/index.php\/wp-json\/wp\/v2\/product\/733460","targetHints":{"allow":["GET"]}}],"collection":[{"href":"https:\/\/roveyayinevi.com.tr\/index.php\/wp-json\/wp\/v2\/product"}],"about":[{"href":"https:\/\/roveyayinevi.com.tr\/index.php\/wp-json\/wp\/v2\/types\/product"}],"wp:attachment":[{"href":"https:\/\/roveyayinevi.com.tr\/index.php\/wp-json\/wp\/v2\/media?parent=733460"}],"wp:term":[{"taxonomy":"product_brand","embeddable":true,"href":"https:\/\/roveyayinevi.com.tr\/index.php\/wp-json\/wp\/v2\/product_brand?post=733460"},{"taxonomy":"product_cat","embeddable":true,"href":"https:\/\/roveyayinevi.com.tr\/index.php\/wp-json\/wp\/v2\/product_cat?post=733460"},{"taxonomy":"product_tag","embeddable":true,"href":"https:\/\/roveyayinevi.com.tr\/index.php\/wp-json\/wp\/v2\/product_tag?post=733460"}],"curies":[{"name":"wp","href":"https:\/\/api.w.org\/{rel}","templated":true}]}}