{"id":733459,"date":"2025-08-27T22:10:29","date_gmt":"2025-08-27T19:10:29","guid":{"rendered":"https:\/\/roveyayinevi.com.tr\/index.php\/urun\/masallari-yorumlamak\/"},"modified":"2026-04-16T02:41:28","modified_gmt":"2026-04-15T23:41:28","slug":"masallari-yorumlamak","status":"publish","type":"product","link":"https:\/\/roveyayinevi.com.tr\/index.php\/urun\/masallari-yorumlamak\/","title":{"rendered":"Masallar\u0131 Yorumlamak"},"content":{"rendered":"<p>Masallar, kolektif bilin\u00e7d\u0131\u015f\u0131n\u0131n en basit ve saf ifadeleridir; bu y\u00fczden, insan ruhunun temel kal\u0131plar\u0131n\u0131 a\u00e7\u0131k\u00e7a anlamam\u0131za imkan tan\u0131r. Her halk bu psi\u015fik ger\u00e7ekli\u011fi kendi tarz\u0131nda tecr\u00fcbe eder; haliyle, d\u00fcnya masallar\u0131n\u0131 yorumlamak, insan\u0131n arketip deneyimlerini ke\u015ffederken verimli bir y\u00f6ntem sunar. Masallar\u0131n psikolojik a\u00e7\u0131dan yorumlanmas\u0131nda belki de en b\u00fcy\u00fck otorite olan Marie-Louise von Franz, masallar\u0131 ayr\u0131nt\u0131s\u0131yla analiz ederken hem kolektif hem de bireysel bilin\u00e7 ve bilin\u00e7d\u0131\u015f\u0131 aras\u0131ndaki yollar\u0131 da bize g\u00f6sterir.<\/p>\n","protected":false},"excerpt":{"rendered":"<p>Masallar, kolektif bilin\u00e7d\u0131\u015f\u0131n\u0131n en basit ve saf ifadeleridir; bu y\u00fczden, insan ruhunun temel kal\u0131plar\u0131n\u0131 a\u00e7\u0131k\u00e7a anlamam\u0131za imkan tan\u0131r. Her halk bu psi\u015fik ger\u00e7ekli\u011fi kendi tarz\u0131nda tecr\u00fcbe<span class=\"excerpt-hellip\"> [\u2026]<\/span><\/p>\n","protected":false},"featured_media":0,"template":"","meta":{"_monsterinsights_skip_tracking":false,"_monsterinsights_sitenote_active":false,"_monsterinsights_sitenote_note":"","_monsterinsights_sitenote_category":0},"product_brand":[],"product_cat":[15499,13488],"product_tag":[],"class_list":{"0":"post-733459","1":"product","2":"type-product","3":"status-publish","5":"product_cat-antropoloji","6":"product_cat-toplum-ve-insan","7":"pa_cilt-ciltsiz","8":"pa_tur-kitap","9":"pa_yayinevi-pinhan-yayincilik","10":"pa_yazar-marie-louise-von-franz","12":"first","13":"instock","14":"sale","15":"shipping-taxable","16":"purchasable","17":"product-type-simple"},"_links":{"self":[{"href":"https:\/\/roveyayinevi.com.tr\/index.php\/wp-json\/wp\/v2\/product\/733459","targetHints":{"allow":["GET"]}}],"collection":[{"href":"https:\/\/roveyayinevi.com.tr\/index.php\/wp-json\/wp\/v2\/product"}],"about":[{"href":"https:\/\/roveyayinevi.com.tr\/index.php\/wp-json\/wp\/v2\/types\/product"}],"wp:attachment":[{"href":"https:\/\/roveyayinevi.com.tr\/index.php\/wp-json\/wp\/v2\/media?parent=733459"}],"wp:term":[{"taxonomy":"product_brand","embeddable":true,"href":"https:\/\/roveyayinevi.com.tr\/index.php\/wp-json\/wp\/v2\/product_brand?post=733459"},{"taxonomy":"product_cat","embeddable":true,"href":"https:\/\/roveyayinevi.com.tr\/index.php\/wp-json\/wp\/v2\/product_cat?post=733459"},{"taxonomy":"product_tag","embeddable":true,"href":"https:\/\/roveyayinevi.com.tr\/index.php\/wp-json\/wp\/v2\/product_tag?post=733459"}],"curies":[{"name":"wp","href":"https:\/\/api.w.org\/{rel}","templated":true}]}}