{"id":733458,"date":"2025-08-27T22:10:29","date_gmt":"2025-08-27T19:10:29","guid":{"rendered":"https:\/\/roveyayinevi.com.tr\/index.php\/urun\/nathalienin-mutfak-hikayeleri-ciltli\/"},"modified":"2026-04-16T02:41:28","modified_gmt":"2026-04-15T23:41:28","slug":"nathalienin-mutfak-hikayeleri-ciltli","status":"publish","type":"product","link":"https:\/\/roveyayinevi.com.tr\/index.php\/urun\/nathalienin-mutfak-hikayeleri-ciltli\/","title":{"rendered":"Nathalie\u2019nin Mutfak Hikayeleri (Ciltli)"},"content":{"rendered":"<p>1975 y\u0131l\u0131nda, \u0130stanbul Kad\u0131k\u00f6y\u2019de do\u011fdu\u011fumda, ailenin d\u00f6rd\u00fcnc\u00fc ku\u015fa\u011f\u0131 babam Dimitri Stoyanof, bug\u00fcn h\u00e2l\u00e2 hizmet veren Kad\u0131k\u00f6y Beyaz F\u0131r\u0131n\u2019\u0131 y\u00f6netiyordu.   Beyaz F\u0131r\u0131n aile i\u015fletmesi oldu\u011fu i\u00e7in k\u00fc\u00e7\u00fck ya\u015flardan itibaren hep oradayd\u0131m. Be\u015f ya\u015f\u0131mdan beri babam\u0131n beni Kad\u0131k\u00f6y Beyaz F\u0131r\u0131n\u2019a g\u00f6t\u00fcrd\u00fc\u011f\u00fcn\u00fc, o ya\u015f\u0131mda g\u00f6z\u00fcme kocaman g\u00f6r\u00fcnen pastanede s\u0131k s\u0131k \u00fcr\u00fcnlerin tad\u0131na bakt\u0131\u011f\u0131m\u0131 hat\u0131rlar\u0131m.   \u0130lkokuldan sonra Saint Benoit Frans\u0131z Lisesi\u2019ne gittim. Burada g\u00f6rd\u00fc\u011f\u00fcm e\u011fitim sayesinde g\u00fcn\u00fcm\u00fczde h\u00e2l\u00e2 pastac\u0131l\u0131k sekt\u00f6r\u00fcne y\u00f6n veren Frans\u0131z k\u00fclt\u00fcr\u00fcyle erken ya\u015fta tan\u0131\u015ft\u0131m. Bunlarla e\u015f zamanl\u0131 olarak \u00e7ocuklu\u011fumdan itibaren yaz tatillerimi \u00f6nce Ye\u015filk\u00f6y\u2019de oturan anneannemin evinde, ileriki y\u0131llarda ise San Francisco\u2019da Stoyanof\u2019s Restaurant\u2019\u0131 i\u015fleten dedem, babaannem ve amcam\u0131n yan\u0131nda, bilfiil \u00e7al\u0131\u015farak ge\u00e7irdim.   Liseden sonra, Ko\u00e7 \u00dcniversitesi\u2019nde i\u015fletme okudum. \u00dcniversitedeyken tatillerde hep Beyaz F\u0131r\u0131n\u2019\u0131n mutfa\u011f\u0131nda \u00e7al\u0131\u015ft\u0131m. 1993 y\u0131l\u0131nda Beyaz F\u0131r\u0131n\u2019\u0131n \u00c7iftehavuzlar ma\u011fazas\u0131n\u0131 a\u00e7t\u0131\u011f\u0131m\u0131z d\u00f6nemde ise art\u0131k pastac\u0131 olaca\u011f\u0131m\u0131 ve bu alanda ilerleyece\u011fimi biliyordum. \u00dcniversiteden sonra Le Cordon Bleu Paris\u2019te pastac\u0131l\u0131k e\u011fitimi almaya ba\u015flad\u0131m. O g\u00fcne kadar alayl\u0131 bir e\u011fitimden ge\u00e7mi\u015ftim ama 2000 y\u0131l\u0131nda mezun oldu\u011fumda art\u0131k mutfakta neyin nas\u0131l yap\u0131lmas\u0131 gerekti\u011fini biliyordum. Profesyonel olarak \u00e7al\u0131\u015fmaya ba\u015flad\u0131m. Evlendim, k\u0131zlar\u0131m Talya ve Liya do\u011fdular.   \u00c7ok \u015fansl\u0131y\u0131m ki i\u015fim her zaman hobim ve dolay\u0131s\u0131yla motivasyon kayna\u011f\u0131m oldu. Ayn\u0131 zamanda aile hayat\u0131n\u0131 hep \u00e7ok sevdim. Dostlar\u0131m ve ailemle birlikte sofrada ge\u00e7irdi\u011fimiz anlar benim i\u00e7in \u00e7ok k\u0131ymetli. Ailece ak\u015fam yemeklerine misafir \u00e7a\u011f\u0131rmay\u0131, geni\u015f aile ve arkada\u015flar\u0131m\u0131zla birlikte olmay\u0131 seviyoruz.   Makedonya\u2019da ba\u015flayan, anneannem ve kom\u015fular\u0131yla filizlenip annemle per\u00e7inlenen \u0130stanbul mutfa\u011f\u0131n\u0131n ve dedem ile amcam\u0131n Stoyanof\u2019s Restaurant\u2019\u0131n\u0131n lezzet haf\u0131zamda olu\u015fturdu\u011fu etkileri, Beyaz F\u0131r\u0131n\u2019\u0131n mutfa\u011f\u0131ndaki deneyimlerle harmanlay\u0131p b\u00fcy\u00fctt\u00fcm. T\u00fcm bu deneyimlerimi ailem, dostlar\u0131m ve arkada\u015flar\u0131mla payla\u015ft\u0131\u011f\u0131m gibi sizlerle de payla\u015fmak istedim. Samimiyetle haz\u0131rlad\u0131\u011f\u0131m ve i\u00e7inde \u2018yeni normal beslenme\u2019 anlay\u0131\u015f\u0131na yer verdi\u011fim bu kitab\u0131n size lezzetli ve keyifli sofralar sunaca\u011f\u0131n\u0131 umuyorum. <\/p>\n","protected":false},"excerpt":{"rendered":"<p>1975 y\u0131l\u0131nda, \u0130stanbul Kad\u0131k\u00f6y\u2019de do\u011fdu\u011fumda, ailenin d\u00f6rd\u00fcnc\u00fc ku\u015fa\u011f\u0131 babam Dimitri Stoyanof, bug\u00fcn h\u00e2l\u00e2 hizmet veren Kad\u0131k\u00f6y Beyaz F\u0131r\u0131n\u2019\u0131 y\u00f6netiyordu. Beyaz F\u0131r\u0131n aile i\u015fletmesi oldu\u011fu i\u00e7in k\u00fc\u00e7\u00fck<span class=\"excerpt-hellip\"> [\u2026]<\/span><\/p>\n","protected":false},"featured_media":0,"template":"","meta":{"_monsterinsights_skip_tracking":false,"_monsterinsights_sitenote_active":false,"_monsterinsights_sitenote_note":"","_monsterinsights_sitenote_category":0},"product_brand":[],"product_cat":[22706,12457],"product_tag":[],"class_list":{"0":"post-733458","1":"product","2":"type-product","3":"status-publish","5":"product_cat-dunya-mutfagi","6":"product_cat-yemek-kitaplari","7":"pa_cilt-ciltli","8":"pa_tur-kitap","9":"pa_yayinevi-remzi-kitabevi","10":"pa_yazar-kolektif","12":"first","13":"instock","14":"sale","15":"shipping-taxable","16":"purchasable","17":"product-type-simple"},"_links":{"self":[{"href":"https:\/\/roveyayinevi.com.tr\/index.php\/wp-json\/wp\/v2\/product\/733458","targetHints":{"allow":["GET"]}}],"collection":[{"href":"https:\/\/roveyayinevi.com.tr\/index.php\/wp-json\/wp\/v2\/product"}],"about":[{"href":"https:\/\/roveyayinevi.com.tr\/index.php\/wp-json\/wp\/v2\/types\/product"}],"wp:attachment":[{"href":"https:\/\/roveyayinevi.com.tr\/index.php\/wp-json\/wp\/v2\/media?parent=733458"}],"wp:term":[{"taxonomy":"product_brand","embeddable":true,"href":"https:\/\/roveyayinevi.com.tr\/index.php\/wp-json\/wp\/v2\/product_brand?post=733458"},{"taxonomy":"product_cat","embeddable":true,"href":"https:\/\/roveyayinevi.com.tr\/index.php\/wp-json\/wp\/v2\/product_cat?post=733458"},{"taxonomy":"product_tag","embeddable":true,"href":"https:\/\/roveyayinevi.com.tr\/index.php\/wp-json\/wp\/v2\/product_tag?post=733458"}],"curies":[{"name":"wp","href":"https:\/\/api.w.org\/{rel}","templated":true}]}}