{"id":733455,"date":"2025-08-27T22:10:25","date_gmt":"2025-08-27T19:10:25","guid":{"rendered":"https:\/\/roveyayinevi.com.tr\/index.php\/urun\/isikla-resmetme-terimleri\/"},"modified":"2026-04-16T02:41:28","modified_gmt":"2026-04-15T23:41:28","slug":"isikla-resmetme-terimleri","status":"publish","type":"product","link":"https:\/\/roveyayinevi.com.tr\/index.php\/urun\/isikla-resmetme-terimleri\/","title":{"rendered":"I\u015f\u0131kla Resmetme Terimleri"},"content":{"rendered":"<p>Bu kitapta foto\u011fraf ve g\u00f6r\u00fcnt\u00fcyle ilgili terimler, etimolojik ve tarihsel s\u00fcre\u00e7leriyle yer al\u0131yor.  Temel terimler Terimlerin k\u00f6keni Tarihsel s\u00fcre\u00e7 G\u00f6rsel a\u00e7\u0131klamalar Belirleyici \u00f6rnekler\u0130ngilizce kar\u015f\u0131l\u0131klar Foto\u011fraf ve g\u00f6r\u00fcnt\u00fc g\u00fcnl\u00fck ya\u015famda giderek yayg\u0131nla\u015f\u0131yor. Alan\u0131n terimlerini k\u00f6ken ve kullan\u0131m alanlar\u0131 bilgisiyle, T\u00fcrk\u00e7e kar\u015f\u0131l\u0131klar\u0131yla kullanmak isteyenler i\u00e7in I\u015f\u0131kla Resmetme Terimleri bir ba\u015fvuru kayna\u011f\u0131 niteli\u011finde. Dr. Levend K\u0131l\u0131\u00e7, Foto\u011fraf ve Medya Esteti\u011fi alan\u0131nda profes\u00f6r. G\u00f6r\u00fcnt\u00fc Esteti\u011fi, Video Sanat\u0131: Ele\u015ftirel Bir Bak\u0131\u015f, Foto\u011frafa Ba\u015flarken, Foto\u011fraf ve Sineman\u0131n Toplumsal Tarihi, Foto\u011fraf K\u00fclt\u00fcr\u00fc ve Foto\u011fraf ve Say\u0131sal G\u00f6r\u00fcnt\u00fc Terimleri S\u00f6zl\u00fc\u011f\u00fc kitaplar\u0131n\u0131n yazar\u0131.<\/p>\n","protected":false},"excerpt":{"rendered":"<p>Bu kitapta foto\u011fraf ve g\u00f6r\u00fcnt\u00fcyle ilgili terimler, etimolojik ve tarihsel s\u00fcre\u00e7leriyle yer al\u0131yor. Temel terimler Terimlerin k\u00f6keni Tarihsel s\u00fcre\u00e7 G\u00f6rsel a\u00e7\u0131klamalar Belirleyici \u00f6rnekler\u0130ngilizce kar\u015f\u0131l\u0131klar Foto\u011fraf ve<span class=\"excerpt-hellip\"> [\u2026]<\/span><\/p>\n","protected":false},"featured_media":0,"template":"","meta":{"_monsterinsights_skip_tracking":false,"_monsterinsights_sitenote_active":false,"_monsterinsights_sitenote_note":"","_monsterinsights_sitenote_category":0},"product_brand":[],"product_cat":[44608,12408],"product_tag":[],"class_list":{"0":"post-733455","1":"product","2":"type-product","3":"status-publish","5":"product_cat-diger-sanat","6":"product_cat-sanat","7":"pa_cilt-ciltsiz","8":"pa_tur-kitap","9":"pa_yayinevi-inkilap-kitabevi","10":"pa_yazar-levend-kilic","12":"first","13":"instock","14":"sale","15":"shipping-taxable","16":"purchasable","17":"product-type-simple"},"_links":{"self":[{"href":"https:\/\/roveyayinevi.com.tr\/index.php\/wp-json\/wp\/v2\/product\/733455","targetHints":{"allow":["GET"]}}],"collection":[{"href":"https:\/\/roveyayinevi.com.tr\/index.php\/wp-json\/wp\/v2\/product"}],"about":[{"href":"https:\/\/roveyayinevi.com.tr\/index.php\/wp-json\/wp\/v2\/types\/product"}],"wp:attachment":[{"href":"https:\/\/roveyayinevi.com.tr\/index.php\/wp-json\/wp\/v2\/media?parent=733455"}],"wp:term":[{"taxonomy":"product_brand","embeddable":true,"href":"https:\/\/roveyayinevi.com.tr\/index.php\/wp-json\/wp\/v2\/product_brand?post=733455"},{"taxonomy":"product_cat","embeddable":true,"href":"https:\/\/roveyayinevi.com.tr\/index.php\/wp-json\/wp\/v2\/product_cat?post=733455"},{"taxonomy":"product_tag","embeddable":true,"href":"https:\/\/roveyayinevi.com.tr\/index.php\/wp-json\/wp\/v2\/product_tag?post=733455"}],"curies":[{"name":"wp","href":"https:\/\/api.w.org\/{rel}","templated":true}]}}