{"id":733454,"date":"2025-08-27T22:10:24","date_gmt":"2025-08-27T19:10:24","guid":{"rendered":"https:\/\/roveyayinevi.com.tr\/index.php\/urun\/100-yilinda-sakarya-savasi\/"},"modified":"2026-04-16T02:41:28","modified_gmt":"2026-04-15T23:41:28","slug":"100-yilinda-sakarya-savasi","status":"publish","type":"product","link":"https:\/\/roveyayinevi.com.tr\/index.php\/urun\/100-yilinda-sakarya-savasi\/","title":{"rendered":"100. Y\u0131l\u0131nda Sakarya Sava\u015f\u0131"},"content":{"rendered":"<p>Bu kitap, zaman\u0131m\u0131zdan y\u00fcz y\u0131l \u00f6nce Ankara\u2019n\u0131n hemen yak\u0131n\u0131nda 22 g\u00fcn ve gece s\u00fcren bir meydan muharebesinde T\u00fcrk ordusunun d\u00e2hi bilginlerin ak\u0131l g\u00fcc\u00fcn\u00fc gerektiren zorlu askeri taktik problemlerini Mustafa Kemal\u2019in nas\u0131l \u00e7\u00f6z\u00fcme kavu\u015fturdu\u011funu anlatmaktad\u0131r.   Ayn\u0131 zamanda bu d\u00f6nem i\u015fgal alt\u0131nda bir \u00fclkede, beka krizinin h\u0131zla t\u0131rmand\u0131\u011f\u0131 ko\u015fullarda genel iradeye dayal\u0131 bir mecliste \u201csava\u015f demokrasisi\u201d uygulamas\u0131n\u0131n en \u00f6zg\u00fcn ve hi\u00e7 ku\u015fkusuz d\u00fcnyadaki en ba\u015far\u0131l\u0131 \u00f6rne\u011fidir.     Kahraman\u0131m\u0131z uzun muharebe g\u00fcnlerinde \u201cbilgelik\u201d, \u201csab\u0131r\u201d ve \u201ccesaret\u201d y\u00fckl\u00fc emir ve y\u00f6nlendirmeleriyle aniden beliren sorunlar\u0131 bir akordeon ahenginde ve her defas\u0131nda cesaretle ve tam zaman\u0131nda \u00e7\u00f6z\u00fcme kavu\u015fturmu\u015f; kendisine inananlar\u0131 zaferle bulu\u015fturmu\u015ftur.   Tarihte az say\u0131da kahraman k\u0131l\u0131\u00e7lar\u0131ndan sa\u00e7\u0131lan k\u0131v\u0131lc\u0131mlarla zafere giden yolu \u00f6nceden sezebilmi\u015ftir\u2026   B\u00fcy\u00fck kriz d\u00f6nemlerinde bu kahramanlar\u0131n milletlerinin beka sorunlar\u0131n\u0131 a\u015farken g\u00f6sterdikleri ba\u015far\u0131lar, onlar\u0131n dehalar\u0131n\u0131n ve \u00f6nceden sezi\u015f yeteneklerinin sonucudur. <\/p>\n","protected":false},"excerpt":{"rendered":"<p>Bu kitap, zaman\u0131m\u0131zdan y\u00fcz y\u0131l \u00f6nce Ankara\u2019n\u0131n hemen yak\u0131n\u0131nda 22 g\u00fcn ve gece s\u00fcren bir meydan muharebesinde T\u00fcrk ordusunun d\u00e2hi bilginlerin ak\u0131l g\u00fcc\u00fcn\u00fc gerektiren zorlu askeri<span class=\"excerpt-hellip\"> [\u2026]<\/span><\/p>\n","protected":false},"featured_media":0,"template":"","meta":{"_monsterinsights_skip_tracking":false,"_monsterinsights_sitenote_active":false,"_monsterinsights_sitenote_note":"","_monsterinsights_sitenote_category":0},"product_brand":[],"product_cat":[12370,12304],"product_tag":[],"class_list":{"0":"post-733454","1":"product","2":"type-product","3":"status-publish","5":"product_cat-arastirma-inceleme","6":"product_cat-tarih","7":"pa_cilt-ciltsiz","8":"pa_tur-kitap","9":"pa_yayinevi-cumhuriyet-kitaplari","10":"pa_yazar-hikmet-ozdemir","12":"first","13":"instock","14":"sale","15":"shipping-taxable","16":"purchasable","17":"product-type-simple"},"_links":{"self":[{"href":"https:\/\/roveyayinevi.com.tr\/index.php\/wp-json\/wp\/v2\/product\/733454","targetHints":{"allow":["GET"]}}],"collection":[{"href":"https:\/\/roveyayinevi.com.tr\/index.php\/wp-json\/wp\/v2\/product"}],"about":[{"href":"https:\/\/roveyayinevi.com.tr\/index.php\/wp-json\/wp\/v2\/types\/product"}],"wp:attachment":[{"href":"https:\/\/roveyayinevi.com.tr\/index.php\/wp-json\/wp\/v2\/media?parent=733454"}],"wp:term":[{"taxonomy":"product_brand","embeddable":true,"href":"https:\/\/roveyayinevi.com.tr\/index.php\/wp-json\/wp\/v2\/product_brand?post=733454"},{"taxonomy":"product_cat","embeddable":true,"href":"https:\/\/roveyayinevi.com.tr\/index.php\/wp-json\/wp\/v2\/product_cat?post=733454"},{"taxonomy":"product_tag","embeddable":true,"href":"https:\/\/roveyayinevi.com.tr\/index.php\/wp-json\/wp\/v2\/product_tag?post=733454"}],"curies":[{"name":"wp","href":"https:\/\/api.w.org\/{rel}","templated":true}]}}