{"id":733450,"date":"2025-08-27T22:10:20","date_gmt":"2025-08-27T19:10:20","guid":{"rendered":"https:\/\/roveyayinevi.com.tr\/index.php\/urun\/ciglik-2\/"},"modified":"2026-04-16T02:41:28","modified_gmt":"2026-04-15T23:41:28","slug":"ciglik-2","status":"publish","type":"product","link":"https:\/\/roveyayinevi.com.tr\/index.php\/urun\/ciglik-2\/","title":{"rendered":"\u00c7\u0131\u011fl\u0131k"},"content":{"rendered":"<p>\u00c7ocuklar\u0131m\u0131z e\u015fit ve \u00f6zg\u00fcr bir e\u011fitim almal\u0131d\u0131rlar. Ben bir \u00f6\u011fretmen ve m\u00fcfetti\u015f emeklisiyim. Bu kitap benim k\u00f6y enstit\u00fcs\u00fc son y\u0131llar\u0131nda ba\u015flad\u0131\u011f\u0131mdan daha sonra y\u00fcksek \u00f6\u011fretimin ard\u0131ndan gelen \u00f6\u011fretmenlik ve geriye d\u00f6n\u00fck \u00c7ocukluk y\u0131llar\u0131m\u0131 da kapsayan an\u0131lar\u0131m\u0131 i\u00e7erir. Do\u011fu illerimizde yapt\u0131\u011f\u0131m \u00f6\u011fretmenlik ve m\u00fcfetti\u015flik \u00e7al\u0131\u015fmalar\u0131mda en \u00e7ok ilgilendi\u011fim \u00e7ocuklar\u0131m\u0131z\u0131n durumlar\u0131n\u0131 anlat\u0131r. Bu kitap en \u00e7ok da \u00e7ocuk tecav\u00fczleri, \u00f6ld\u00fcr\u00fclmeleri konular\u0131n\u0131 i\u00e7erir. Bu arada makalelerimde bu kitapta yer al\u0131r.<\/p>\n","protected":false},"excerpt":{"rendered":"<p>\u00c7ocuklar\u0131m\u0131z e\u015fit ve \u00f6zg\u00fcr bir e\u011fitim almal\u0131d\u0131rlar. Ben bir \u00f6\u011fretmen ve m\u00fcfetti\u015f emeklisiyim. Bu kitap benim k\u00f6y enstit\u00fcs\u00fc son y\u0131llar\u0131nda ba\u015flad\u0131\u011f\u0131mdan daha sonra y\u00fcksek \u00f6\u011fretimin ard\u0131ndan<span class=\"excerpt-hellip\"> [\u2026]<\/span><\/p>\n","protected":false},"featured_media":0,"template":"","meta":{"_monsterinsights_skip_tracking":false,"_monsterinsights_sitenote_active":false,"_monsterinsights_sitenote_note":"","_monsterinsights_sitenote_category":0},"product_brand":[],"product_cat":[13701,12291],"product_tag":[],"class_list":{"0":"post-733450","1":"product","2":"type-product","3":"status-publish","5":"product_cat-ani-mektup-gunluk","6":"product_cat-edebiyat","7":"pa_cilt-ciltsiz","8":"pa_tur-kitap","9":"pa_yayinevi-kitap72-yayinlari","10":"pa_yazar-sitki-onder","12":"first","13":"instock","14":"sale","15":"shipping-taxable","16":"purchasable","17":"product-type-simple"},"_links":{"self":[{"href":"https:\/\/roveyayinevi.com.tr\/index.php\/wp-json\/wp\/v2\/product\/733450","targetHints":{"allow":["GET"]}}],"collection":[{"href":"https:\/\/roveyayinevi.com.tr\/index.php\/wp-json\/wp\/v2\/product"}],"about":[{"href":"https:\/\/roveyayinevi.com.tr\/index.php\/wp-json\/wp\/v2\/types\/product"}],"wp:attachment":[{"href":"https:\/\/roveyayinevi.com.tr\/index.php\/wp-json\/wp\/v2\/media?parent=733450"}],"wp:term":[{"taxonomy":"product_brand","embeddable":true,"href":"https:\/\/roveyayinevi.com.tr\/index.php\/wp-json\/wp\/v2\/product_brand?post=733450"},{"taxonomy":"product_cat","embeddable":true,"href":"https:\/\/roveyayinevi.com.tr\/index.php\/wp-json\/wp\/v2\/product_cat?post=733450"},{"taxonomy":"product_tag","embeddable":true,"href":"https:\/\/roveyayinevi.com.tr\/index.php\/wp-json\/wp\/v2\/product_tag?post=733450"}],"curies":[{"name":"wp","href":"https:\/\/api.w.org\/{rel}","templated":true}]}}