{"id":733444,"date":"2025-08-27T22:10:15","date_gmt":"2025-08-27T19:10:15","guid":{"rendered":"https:\/\/roveyayinevi.com.tr\/index.php\/urun\/farkliliklari-yonetme-kulturu-goc-yonetimi-alani-ve-turkiyeye-goc-eden-suriyeliler\/"},"modified":"2026-04-16T02:41:28","modified_gmt":"2026-04-15T23:41:28","slug":"farkliliklari-yonetme-kulturu-goc-yonetimi-alani-ve-turkiyeye-goc-eden-suriyeliler","status":"publish","type":"product","link":"https:\/\/roveyayinevi.com.tr\/index.php\/urun\/farkliliklari-yonetme-kulturu-goc-yonetimi-alani-ve-turkiyeye-goc-eden-suriyeliler\/","title":{"rendered":"Farkl\u0131l\u0131klar\u0131 Y\u00f6netme K\u00fclt\u00fcr\u00fc: G\u00f6\u00e7 Y\u00f6netimi Alan\u0131 ve T\u00fcrkiye\u2019ye G\u00f6\u00e7 Eden Suriyeliler"},"content":{"rendered":"<p>Farkl\u0131l\u0131klar\u0131 Y\u00f6netme K\u00fclt\u00fcr\u00fc: G\u00f6\u00e7 Y\u00f6netimi Alan\u0131 ve T\u00fcrkiye\u2019ye G\u00f6\u00e7 Eden Suriyeliler Michelle S. DROMGOLD-SERMEN Michelle Dromgold-Sermen Kuzey Karolina \u00dcniversitesi, Sosyoloji B\u00f6l\u00fcm\u00fcnde doktora yapmakta olup uzmanl\u0131k alan\u0131 uluslararas\u0131 g\u00f6\u00e7, g\u00f6\u00e7men toplumsal b\u00fct\u00fcnle\u015fmesi ve s\u0131\u011f\u0131nmac\u0131lar\u0131n isk\u00e2n\u0131 konular\u0131 \u00fczerinde yo\u011funla\u015fmaktad\u0131r. Y\u00fcksek lisans\u0131n\u0131 2015 y\u0131l\u0131nda Orta Do\u011fu Teknik \u00dcniversitesi, Orta Do\u011fu \u00c7al\u0131\u015fmalar\u0131 program\u0131nda, Dr. Besim Can Z\u0131rh\u2019\u0131n dan\u0131\u015fmanl\u0131\u011f\u0131nda tamamlam\u0131\u015ft\u0131r.2011\u2019den bu yana \u00e7ok say\u0131da Suriyeli \u00fclkelerinde devam eden i\u00e7 sava\u015ftan ka\u00e7arak, co\u011frafi yak\u0131nl\u0131k, ailevi ba\u011flar, dini ve k\u00fclt\u00fcrel benzerlikler ve T\u00fcrkiye\u2019nin \u00e7at\u0131\u015fmalar\u0131n erken d\u00f6nemlerinden itibaren uygulad\u0131\u011f\u0131 a\u00e7\u0131k-kap\u0131 politikalar\u0131 nedeniyle T\u00fcrkiye\u2019ye s\u0131\u011f\u0131nm\u0131\u015flard\u0131r.Suriyeliler ilk olarak T\u00fcrkiye\u2019ye gelmeye ba\u015flad\u0131klar\u0131nda, T\u00fcrkiye Avrupa Birli\u011fi ile uyum \u00e7er\u00e7evesinde g\u00f6\u00e7men politikalar\u0131n\u0131 2014\u2019te y\u00fcr\u00fcrl\u00fc\u011fe soktu\u011fu Yabanc\u0131lar ve Uluslararas\u0131 Koruma Kanununu uygulayarak de\u011fi\u015ftirmeye ba\u015fl\u0131yordu. Bu kitap T\u00fcrkiye\u2019de g\u00f6\u00e7 politikalar\u0131 ve g\u00f6\u00e7menlerin yap\u0131s\u0131 de\u011fi\u015fiyorken, kamu kurum ve kurulu\u015flar\u0131 ve sivil toplum \u00f6rg\u00fctleri ile 2015 y\u0131l\u0131nda yap\u0131lan r\u00f6portaj ve ara\u015ft\u0131rmalardan yararlanarak, T\u00fcrkiye\u2019de devlet ve sivil toplum \u00f6rg\u00fctlerinin g\u00f6\u00e7 y\u00f6netimine yakla\u015f\u0131m\u0131n\u0131 ve bu yakla\u015f\u0131m\u0131n Suriyeliler ile T\u00fcrk toplumu \u00fczerindeki etkisine \u0131\u015f\u0131k tutmaya \u00e7al\u0131\u015fmaktad\u0131r. 2015 y\u0131l\u0131ndaki g\u00f6\u00e7 y\u00f6netimini anlamak, T\u00fcrkiye\u2019de bug\u00fcn siyasalla\u015ft\u0131r\u0131lan Suriyeli krizi ve s\u0131\u011f\u0131nmac\u0131lar\u0131 tan\u0131mlayan temel yap\u0131 ta\u015flar\u0131n\u0131 ve mekanizmalar\u0131 anlamaya y\u00f6nelik \u00e7abalar i\u00e7in \u00f6nemli ipu\u00e7lar\u0131 sa\u011flayacakt\u0131r.Bu \u00e7al\u0131\u015fma Devlet Planlama Te\u015fkilat\u0131 taraf\u0131ndan desteklenmi\u015ftir.Hibe Numaras\u0131: BAP-07-03-2015-00.Michelle S. Dromgold\u2019un Dr. Besim Can Z\u0131rh dan\u0131\u015fmanl\u0131\u011f\u0131nda y\u00fcr\u00fct\u00fclen 2015 tarihli \u201cA Culture of Managing Difference: The Field of Migration Management and Syrian Movers to Turkey\u201d ba\u015fl\u0131kl\u0131 y\u00fcksek lisans tezi, \u201cOrta Do\u011fu Teknik \u00dcniversitesi Sosyal Bilimler Enstit\u00fcs\u00fc 2016-17 E\u011fitim ve \u00d6\u011fretim Y\u0131l\u0131 En \u0130yi Tez \u00d6d\u00fcl\u00fc\u201d ve \u201cODT\u00dc 2016 Y\u0131l\u0131n Y\u00fcksek Lisans Tezi \u00c7i\u011fdem Bar\u00e7an Tansel Yay\u0131n \u00d6d\u00fcl\u00fc\u201d olmak \u00fczere iki ayr\u0131 \u00f6d\u00fcle lay\u0131k g\u00f6r\u00fc\u015fm\u00fc\u015ft\u00fcr.<\/p>\n","protected":false},"excerpt":{"rendered":"<p>Farkl\u0131l\u0131klar\u0131 Y\u00f6netme K\u00fclt\u00fcr\u00fc: G\u00f6\u00e7 Y\u00f6netimi Alan\u0131 ve T\u00fcrkiye\u2019ye G\u00f6\u00e7 Eden Suriyeliler Michelle S. DROMGOLD-SERMEN Michelle Dromgold-Sermen Kuzey Karolina \u00dcniversitesi, Sosyoloji B\u00f6l\u00fcm\u00fcnde doktora yapmakta olup uzmanl\u0131k alan\u0131<span class=\"excerpt-hellip\"> [\u2026]<\/span><\/p>\n","protected":false},"featured_media":0,"template":"","meta":{"_monsterinsights_skip_tracking":false,"_monsterinsights_sitenote_active":false,"_monsterinsights_sitenote_note":"","_monsterinsights_sitenote_category":0},"product_brand":[],"product_cat":[13059,12337],"product_tag":[],"class_list":{"0":"post-733444","1":"product","2":"type-product","3":"status-publish","5":"product_cat-diger-politika-siyaset","6":"product_cat-politika-siyaset","7":"pa_cilt-ciltsiz","8":"pa_tur-kitap","9":"pa_yayinevi-odtu-akademik-kitaplar","10":"pa_yazar-michelle-s-dromgold-sermen","12":"first","13":"instock","14":"sale","15":"shipping-taxable","16":"purchasable","17":"product-type-simple"},"_links":{"self":[{"href":"https:\/\/roveyayinevi.com.tr\/index.php\/wp-json\/wp\/v2\/product\/733444","targetHints":{"allow":["GET"]}}],"collection":[{"href":"https:\/\/roveyayinevi.com.tr\/index.php\/wp-json\/wp\/v2\/product"}],"about":[{"href":"https:\/\/roveyayinevi.com.tr\/index.php\/wp-json\/wp\/v2\/types\/product"}],"wp:attachment":[{"href":"https:\/\/roveyayinevi.com.tr\/index.php\/wp-json\/wp\/v2\/media?parent=733444"}],"wp:term":[{"taxonomy":"product_brand","embeddable":true,"href":"https:\/\/roveyayinevi.com.tr\/index.php\/wp-json\/wp\/v2\/product_brand?post=733444"},{"taxonomy":"product_cat","embeddable":true,"href":"https:\/\/roveyayinevi.com.tr\/index.php\/wp-json\/wp\/v2\/product_cat?post=733444"},{"taxonomy":"product_tag","embeddable":true,"href":"https:\/\/roveyayinevi.com.tr\/index.php\/wp-json\/wp\/v2\/product_tag?post=733444"}],"curies":[{"name":"wp","href":"https:\/\/api.w.org\/{rel}","templated":true}]}}