{"id":733443,"date":"2025-08-27T22:10:14","date_gmt":"2025-08-27T19:10:14","guid":{"rendered":"https:\/\/roveyayinevi.com.tr\/index.php\/urun\/kiyamet-mahseri-yapilanma-ciltli\/"},"modified":"2026-04-16T02:41:28","modified_gmt":"2026-04-15T23:41:28","slug":"kiyamet-mahseri-yapilanma-ciltli","status":"publish","type":"product","link":"https:\/\/roveyayinevi.com.tr\/index.php\/urun\/kiyamet-mahseri-yapilanma-ciltli\/","title":{"rendered":"K\u0131yamet  Mah\u015feri Yap\u0131lanma  (Ciltli)"},"content":{"rendered":"<p>Hayalle ger\u00e7ek ayr\u0131 \u015feydir. Birilerini bir an i\u00e7in, belirli bir zaman i\u00e7in aldatabilirsin ama bu s\u00fcrekli olmaz. S\u00fcrekli hayalle ya\u015fanmaz. Onun i\u00e7in biz bu \u00e2lemde hayalle ya\u015f\u0131yoruz. Bu \u00e2lemde ya\u015f\u0131yoruz ama bu ilelebet olmaz. Hayal etti\u011fimizi bir g\u00fcn biz ya\u015fayaca\u011f\u0131z. Cenneti hayal ediyoruz, mah\u015feri hayal ediyoruz. G\u00f6rmediklerimizi hayal ediyoruz. G\u00f6r\u00fcyormu\u015fsun gibi, hayal ediyoruz. Rabbimize kullu\u011fumuzu onu g\u00f6r\u00fcyormu\u015fuz gibi yap\u0131yoruz. \u0130\u015fte bu \u00e2lem gibi \u00e2lemdir, \u00f6tesi yok. Ama bir g\u00fcn gelecek g\u00f6r\u00fcyor olacaks\u0131n. <\/p>\n","protected":false},"excerpt":{"rendered":"<p>Hayalle ger\u00e7ek ayr\u0131 \u015feydir. Birilerini bir an i\u00e7in, belirli bir zaman i\u00e7in aldatabilirsin ama bu s\u00fcrekli olmaz. S\u00fcrekli hayalle ya\u015fanmaz. Onun i\u00e7in biz bu \u00e2lemde hayalle<span class=\"excerpt-hellip\"> [\u2026]<\/span><\/p>\n","protected":false},"featured_media":0,"template":"","meta":{"_monsterinsights_skip_tracking":false,"_monsterinsights_sitenote_active":false,"_monsterinsights_sitenote_note":"","_monsterinsights_sitenote_category":0},"product_brand":[],"product_cat":[12718,12719,45552],"product_tag":[],"class_list":{"0":"post-733443","1":"product","2":"type-product","3":"status-publish","5":"product_cat-din","6":"product_cat-islam","7":"product_cat-meal-tefsir-hadis","8":"pa_cilt-ciltli","9":"pa_tur-kitap","10":"pa_yayinevi-altinordu-yayinlari","11":"pa_yazar-musa-ozdag","13":"first","14":"instock","15":"sale","16":"shipping-taxable","17":"purchasable","18":"product-type-simple"},"_links":{"self":[{"href":"https:\/\/roveyayinevi.com.tr\/index.php\/wp-json\/wp\/v2\/product\/733443","targetHints":{"allow":["GET"]}}],"collection":[{"href":"https:\/\/roveyayinevi.com.tr\/index.php\/wp-json\/wp\/v2\/product"}],"about":[{"href":"https:\/\/roveyayinevi.com.tr\/index.php\/wp-json\/wp\/v2\/types\/product"}],"wp:attachment":[{"href":"https:\/\/roveyayinevi.com.tr\/index.php\/wp-json\/wp\/v2\/media?parent=733443"}],"wp:term":[{"taxonomy":"product_brand","embeddable":true,"href":"https:\/\/roveyayinevi.com.tr\/index.php\/wp-json\/wp\/v2\/product_brand?post=733443"},{"taxonomy":"product_cat","embeddable":true,"href":"https:\/\/roveyayinevi.com.tr\/index.php\/wp-json\/wp\/v2\/product_cat?post=733443"},{"taxonomy":"product_tag","embeddable":true,"href":"https:\/\/roveyayinevi.com.tr\/index.php\/wp-json\/wp\/v2\/product_tag?post=733443"}],"curies":[{"name":"wp","href":"https:\/\/api.w.org\/{rel}","templated":true}]}}