{"id":733441,"date":"2025-08-27T22:10:12","date_gmt":"2025-08-27T19:10:12","guid":{"rendered":"https:\/\/roveyayinevi.com.tr\/index.php\/urun\/kendine-ait-bir-oda-9\/"},"modified":"2026-04-16T02:41:28","modified_gmt":"2026-04-15T23:41:28","slug":"kendine-ait-bir-oda-9","status":"publish","type":"product","link":"https:\/\/roveyayinevi.com.tr\/index.php\/urun\/kendine-ait-bir-oda-9\/","title":{"rendered":"Kendine Ait Bir Oda"},"content":{"rendered":"<p>Woolf\u2019un 1928 y\u0131l\u0131nda, Newnham ve Girton kolejlerinde verdi\u011fi iki konferans metnine dayanarak yazd\u0131\u011f\u0131 bu kitap; kad\u0131n\u0131n edebiyattaki yerini, toplumsal-s\u0131n\u0131fsal stat\u00fclerini inceleyerek a\u00e7\u0131klamaya \u00e7al\u0131\u015f\u0131r. Kendine Ait Bir Oda, erkeklerin, kad\u0131nlardan d\u00fc\u015f\u00fcnsel anlamda daha \u00fcst\u00fcn olduklar\u0131 savunusuna manifesto niteli\u011finde bir yan\u0131tt\u0131r. \u0130ngiltere\u2019de kad\u0131nlar\u0131n se\u00e7me ve se\u00e7ilme hakk\u0131ndan bir y\u0131l sonra yay\u0131nlanan bu \u00e7al\u0131\u015fma, bug\u00fcn de ge\u00e7erli\u011fini ve d\u00fc\u015f\u00fcnsel anlamda bir kaynak olma \u00f6zelli\u011fin korumaktad\u0131r. <\/p>\n","protected":false},"excerpt":{"rendered":"<p>Woolf\u2019un 1928 y\u0131l\u0131nda, Newnham ve Girton kolejlerinde verdi\u011fi iki konferans metnine dayanarak yazd\u0131\u011f\u0131 bu kitap; kad\u0131n\u0131n edebiyattaki yerini, toplumsal-s\u0131n\u0131fsal stat\u00fclerini inceleyerek a\u00e7\u0131klamaya \u00e7al\u0131\u015f\u0131r. Kendine Ait Bir<span class=\"excerpt-hellip\"> [\u2026]<\/span><\/p>\n","protected":false},"featured_media":0,"template":"","meta":{"_monsterinsights_skip_tracking":false,"_monsterinsights_sitenote_active":false,"_monsterinsights_sitenote_note":"","_monsterinsights_sitenote_category":0},"product_brand":[],"product_cat":[12777,12291],"product_tag":[],"class_list":{"0":"post-733441","1":"product","2":"type-product","3":"status-publish","5":"product_cat-deneme","6":"product_cat-edebiyat","7":"pa_cilt-ciltsiz","8":"pa_tur-kitap","9":"pa_yayinevi-toz-yayinlari","10":"pa_yazar-virginia-woolf","12":"first","13":"instock","14":"sale","15":"shipping-taxable","16":"purchasable","17":"product-type-simple"},"_links":{"self":[{"href":"https:\/\/roveyayinevi.com.tr\/index.php\/wp-json\/wp\/v2\/product\/733441","targetHints":{"allow":["GET"]}}],"collection":[{"href":"https:\/\/roveyayinevi.com.tr\/index.php\/wp-json\/wp\/v2\/product"}],"about":[{"href":"https:\/\/roveyayinevi.com.tr\/index.php\/wp-json\/wp\/v2\/types\/product"}],"wp:attachment":[{"href":"https:\/\/roveyayinevi.com.tr\/index.php\/wp-json\/wp\/v2\/media?parent=733441"}],"wp:term":[{"taxonomy":"product_brand","embeddable":true,"href":"https:\/\/roveyayinevi.com.tr\/index.php\/wp-json\/wp\/v2\/product_brand?post=733441"},{"taxonomy":"product_cat","embeddable":true,"href":"https:\/\/roveyayinevi.com.tr\/index.php\/wp-json\/wp\/v2\/product_cat?post=733441"},{"taxonomy":"product_tag","embeddable":true,"href":"https:\/\/roveyayinevi.com.tr\/index.php\/wp-json\/wp\/v2\/product_tag?post=733441"}],"curies":[{"name":"wp","href":"https:\/\/api.w.org\/{rel}","templated":true}]}}