{"id":733439,"date":"2025-08-27T22:10:10","date_gmt":"2025-08-27T19:10:10","guid":{"rendered":"https:\/\/roveyayinevi.com.tr\/index.php\/urun\/medeniyet-sinemasi\/"},"modified":"2026-04-16T02:41:28","modified_gmt":"2026-04-15T23:41:28","slug":"medeniyet-sinemasi","status":"publish","type":"product","link":"https:\/\/roveyayinevi.com.tr\/index.php\/urun\/medeniyet-sinemasi\/","title":{"rendered":"Medeniyet Sinemas\u0131"},"content":{"rendered":"<p>Filmin dilini var eden kaynaklar\u0131 kuramad\u0131\u011f\u0131m\u0131z s\u00fcrece sinema yapamay\u0131z. Sinema \u00f6nce, sinemadan ba\u015fka bir \u015feydir. Bu, b\u00fct\u00fcn alanlara uyarlanabilecek bir ilkedir. D\u00fcnyada sinema dilini geli\u015ftirmi\u015f ve yeni bir dil kurmu\u015f \u00fclkelerle aradaki makas\u0131 kapatmak \u00e7ok da zor de\u011fil. \u00c7\u00fcnk\u00fc donan\u0131ml\u0131 sinemac\u0131 say\u0131s\u0131 hi\u00e7 de az de\u011fil ve \u00e7ok da kaliteli. K\u00fc\u00e7\u00fck bir f\u0131r\u00e7a darbesi gerekiyor.Sinemada da reaksiyoner de\u011fil, aksiyoner oldu\u011fumuz zaman baz\u0131 \u015feylerin kendili\u011finden de\u011fi\u015fti\u011fi g\u00f6r\u00fclecektir.\u00c7\u00fcnk\u00fc, d\u00fcnyaya s\u00f6yleyecek s\u00f6z\u00fcm\u00fcz var! <\/p>\n","protected":false},"excerpt":{"rendered":"<p>Filmin dilini var eden kaynaklar\u0131 kuramad\u0131\u011f\u0131m\u0131z s\u00fcrece sinema yapamay\u0131z. Sinema \u00f6nce, sinemadan ba\u015fka bir \u015feydir. Bu, b\u00fct\u00fcn alanlara uyarlanabilecek bir ilkedir. D\u00fcnyada sinema dilini geli\u015ftirmi\u015f ve<span class=\"excerpt-hellip\"> [\u2026]<\/span><\/p>\n","protected":false},"featured_media":0,"template":"","meta":{"_monsterinsights_skip_tracking":false,"_monsterinsights_sitenote_active":false,"_monsterinsights_sitenote_note":"","_monsterinsights_sitenote_category":0},"product_brand":[],"product_cat":[12409,12408],"product_tag":[],"class_list":{"0":"post-733439","1":"product","2":"type-product","3":"status-publish","5":"product_cat-fotograf-sinema-tiyatro","6":"product_cat-sanat","7":"pa_cilt-ciltsiz","8":"pa_tur-kitap","9":"pa_yayinevi-biyografi-net-yayincilik","10":"pa_yazar-abdurrahman-capar","12":"first","13":"instock","14":"sale","15":"shipping-taxable","16":"purchasable","17":"product-type-simple"},"_links":{"self":[{"href":"https:\/\/roveyayinevi.com.tr\/index.php\/wp-json\/wp\/v2\/product\/733439","targetHints":{"allow":["GET"]}}],"collection":[{"href":"https:\/\/roveyayinevi.com.tr\/index.php\/wp-json\/wp\/v2\/product"}],"about":[{"href":"https:\/\/roveyayinevi.com.tr\/index.php\/wp-json\/wp\/v2\/types\/product"}],"wp:attachment":[{"href":"https:\/\/roveyayinevi.com.tr\/index.php\/wp-json\/wp\/v2\/media?parent=733439"}],"wp:term":[{"taxonomy":"product_brand","embeddable":true,"href":"https:\/\/roveyayinevi.com.tr\/index.php\/wp-json\/wp\/v2\/product_brand?post=733439"},{"taxonomy":"product_cat","embeddable":true,"href":"https:\/\/roveyayinevi.com.tr\/index.php\/wp-json\/wp\/v2\/product_cat?post=733439"},{"taxonomy":"product_tag","embeddable":true,"href":"https:\/\/roveyayinevi.com.tr\/index.php\/wp-json\/wp\/v2\/product_tag?post=733439"}],"curies":[{"name":"wp","href":"https:\/\/api.w.org\/{rel}","templated":true}]}}