{"id":733438,"date":"2025-08-27T22:10:09","date_gmt":"2025-08-27T19:10:09","guid":{"rendered":"https:\/\/roveyayinevi.com.tr\/index.php\/urun\/sukut-gumus-soz-altin\/"},"modified":"2026-04-16T02:41:28","modified_gmt":"2026-04-15T23:41:28","slug":"sukut-gumus-soz-altin","status":"publish","type":"product","link":"https:\/\/roveyayinevi.com.tr\/index.php\/urun\/sukut-gumus-soz-altin\/","title":{"rendered":"S\u00fckut G\u00fcm\u00fc\u015f S\u00f6z Alt\u0131n"},"content":{"rendered":"<p>Elinizdeki bu kitapta, na\u00e7izane y\u00fcre\u011fimden, d\u00fc\u015f\u00fcncelerimden dilime ve kalemime d\u00fc\u015fen s\u00f6zlerde; ya\u015fad\u0131\u011f\u0131m\u0131z olaylar, erteledi\u011fimiz sevgiler, onaylamad\u0131\u011f\u0131m\u0131z kavgalar, \u00f6teledi\u011fimiz d\u00fc\u015f\u00fcnceler, \u00f6rseledi\u011fimiz insanlar, kaybetti\u011fimiz ge\u00e7mi\u015f, de\u011ferlendiremedi\u011fimiz bug\u00fcn ve \u00f6zledi\u011fimiz gelecekle ilgili k\u0131r\u0131nt\u0131lar bulacaks\u0131n\u0131z. Sayd\u0131\u011f\u0131m ama\u00e7larla ve samimiyetle payla\u015fma ihtiyac\u0131 duydu\u011fum s\u00f6zlerimi, hayat\u0131n\u0131z\u0131n bir an\u0131nda ve bir nebze bile olsa, dima\u011f\u0131n\u0131zda bir tat b\u0131rak\u0131r m\u0131, karanl\u0131kta bir mum \u0131\u015f\u0131\u011f\u0131 olur mu, bir g\u00f6n\u00fcle dokunur mu diye siz de\u011ferli insanlara arma\u011fan ediyorum. En kalbi sevgi, sayg\u0131, selam ve muhabbetlerimle\u2026 Prof. Dr. Abdulkadir G\u00dcLL\u00dc <\/p>\n","protected":false},"excerpt":{"rendered":"<p>Elinizdeki bu kitapta, na\u00e7izane y\u00fcre\u011fimden, d\u00fc\u015f\u00fcncelerimden dilime ve kalemime d\u00fc\u015fen s\u00f6zlerde; ya\u015fad\u0131\u011f\u0131m\u0131z olaylar, erteledi\u011fimiz sevgiler, onaylamad\u0131\u011f\u0131m\u0131z kavgalar, \u00f6teledi\u011fimiz d\u00fc\u015f\u00fcnceler, \u00f6rseledi\u011fimiz insanlar, kaybetti\u011fimiz ge\u00e7mi\u015f, de\u011ferlendiremedi\u011fimiz bug\u00fcn ve<span class=\"excerpt-hellip\"> [\u2026]<\/span><\/p>\n","protected":false},"featured_media":0,"template":"","meta":{"_monsterinsights_skip_tracking":false,"_monsterinsights_sitenote_active":false,"_monsterinsights_sitenote_note":"","_monsterinsights_sitenote_category":0},"product_brand":[],"product_cat":[12291,12509],"product_tag":[],"class_list":{"0":"post-733438","1":"product","2":"type-product","3":"status-publish","5":"product_cat-edebiyat","6":"product_cat-siir","7":"pa_cilt-ciltsiz","8":"pa_tur-kitap","9":"pa_yayinevi-biyografi-net-yayincilik","10":"pa_yazar-abdulkadir-gullu","12":"first","13":"instock","14":"sale","15":"shipping-taxable","16":"purchasable","17":"product-type-simple"},"_links":{"self":[{"href":"https:\/\/roveyayinevi.com.tr\/index.php\/wp-json\/wp\/v2\/product\/733438","targetHints":{"allow":["GET"]}}],"collection":[{"href":"https:\/\/roveyayinevi.com.tr\/index.php\/wp-json\/wp\/v2\/product"}],"about":[{"href":"https:\/\/roveyayinevi.com.tr\/index.php\/wp-json\/wp\/v2\/types\/product"}],"wp:attachment":[{"href":"https:\/\/roveyayinevi.com.tr\/index.php\/wp-json\/wp\/v2\/media?parent=733438"}],"wp:term":[{"taxonomy":"product_brand","embeddable":true,"href":"https:\/\/roveyayinevi.com.tr\/index.php\/wp-json\/wp\/v2\/product_brand?post=733438"},{"taxonomy":"product_cat","embeddable":true,"href":"https:\/\/roveyayinevi.com.tr\/index.php\/wp-json\/wp\/v2\/product_cat?post=733438"},{"taxonomy":"product_tag","embeddable":true,"href":"https:\/\/roveyayinevi.com.tr\/index.php\/wp-json\/wp\/v2\/product_tag?post=733438"}],"curies":[{"name":"wp","href":"https:\/\/api.w.org\/{rel}","templated":true}]}}