{"id":733437,"date":"2025-08-27T22:10:08","date_gmt":"2025-08-27T19:10:08","guid":{"rendered":"https:\/\/roveyayinevi.com.tr\/index.php\/urun\/siir-diliyle-yuce-allahin-en-guzel-isimleri-ve-kurandan-yansimalar\/"},"modified":"2026-04-16T02:41:28","modified_gmt":"2026-04-15T23:41:28","slug":"siir-diliyle-yuce-allahin-en-guzel-isimleri-ve-kurandan-yansimalar","status":"publish","type":"product","link":"https:\/\/roveyayinevi.com.tr\/index.php\/urun\/siir-diliyle-yuce-allahin-en-guzel-isimleri-ve-kurandan-yansimalar\/","title":{"rendered":"\u015eiir Diliyle Y\u00fcce Allah&#8217;\u0131n En G\u00fczel \u0130simleri ve Kur&#8217;an&#8217;dan Yans\u0131malar"},"content":{"rendered":"<p>Herkes anla\u015f\u0131lmak i\u00e7in yazar ve konu\u015furken bu kural\u0131n Kur\u2019an i\u00e7in istisna edilmesi akla ziyan olur. \u201cKur\u2019an; okumakla sevap, anlamakla hayat kazanma kitab\u0131d\u0131r.\u201d Rabbimiz emirlerini bize, peygamberleri arac\u0131l\u0131\u011f\u0131 ve onlar\u0131n diliyle g\u00f6ndermi\u015ftir. Hepsi de Allah\u2019\u0131n tek dini \u0130slam\u2019\u0131 anlat\u0131r. Kutsal kitaplar, indirildi\u011fi dillerin kal\u0131plar\u0131, kurallar\u0131 ve kavramlar\u0131 ile insanl\u0131\u011fa aktar\u0131lm\u0131\u015ft\u0131r. Ve elbette peygamberler de ya\u015fay\u0131\u015f, davran\u0131\u015f ve s\u00f6zleriyle anlama, kavrama ve uygulama konusunda muhatap oldu\u011fu toplumlar i\u00e7in en iyi modeller olmu\u015ftur. Peygamberler d\u0131\u015f\u0131nda, Rabbimizin s\u00f6zlerini anlamland\u0131rma eksikli\u011fi ve endi\u015fesi bu i\u015fle i\u015ftigal eden her insanda vard\u0131r. Hatta tarihte baz\u0131 insanlar\u0131n Kur\u2019an\u2019\u0131 ba\u015fka dillere \u00e7evirme ve \u015ferh etme \u00e7al\u0131\u015fmalar\u0131n\u0131, yanl\u0131\u015f yapma korkusuyla, yar\u0131da kesti\u011fi bilgileri de mevcuttur. Rahman ve Rahim olan Rabbimize s\u0131\u011f\u0131narak Yesevi, Mevlana gibi manevi b\u00fcy\u00fcklerin de yapt\u0131klar\u0131ndan cesaret alarak, kendi dilimizin naz\u0131m kurallar\u0131yla, meallerden ald\u0131\u011f\u0131m anlamlar \u00e7er\u00e7evesinde, Kur\u2019an\u2019\u0131n \u00f6z\u00fcne sad\u0131k kalmaya gayret ederek bu \u00e7al\u0131\u015fmay\u0131 yapt\u0131m.Dile\u011fim \u015fiir diliyle, Kur\u2019an\u2019la okuyucunun ak\u0131l ve g\u00f6n\u00fcl irtibat\u0131 kurmas\u0131nda ilgi uyand\u0131rmakt\u0131r. Niyaz\u0131m ise, bu niyet do\u011frultusunda Rabbimizin r\u0131zas\u0131na talip olmakt\u0131r\u2026 <\/p>\n","protected":false},"excerpt":{"rendered":"<p>Herkes anla\u015f\u0131lmak i\u00e7in yazar ve konu\u015furken bu kural\u0131n Kur\u2019an i\u00e7in istisna edilmesi akla ziyan olur. \u201cKur\u2019an; okumakla sevap, anlamakla hayat kazanma kitab\u0131d\u0131r.\u201d Rabbimiz emirlerini bize, peygamberleri<span class=\"excerpt-hellip\"> [\u2026]<\/span><\/p>\n","protected":false},"featured_media":0,"template":"","meta":{"_monsterinsights_skip_tracking":false,"_monsterinsights_sitenote_active":false,"_monsterinsights_sitenote_note":"","_monsterinsights_sitenote_category":0},"product_brand":[],"product_cat":[12291,12509],"product_tag":[],"class_list":{"0":"post-733437","1":"product","2":"type-product","3":"status-publish","5":"product_cat-edebiyat","6":"product_cat-siir","7":"pa_cilt-ciltsiz","8":"pa_tur-kitap","9":"pa_yayinevi-biyografi-net-yayincilik","10":"pa_yazar-abdulkadir-gullu","12":"first","13":"instock","14":"sale","15":"shipping-taxable","16":"purchasable","17":"product-type-simple"},"_links":{"self":[{"href":"https:\/\/roveyayinevi.com.tr\/index.php\/wp-json\/wp\/v2\/product\/733437","targetHints":{"allow":["GET"]}}],"collection":[{"href":"https:\/\/roveyayinevi.com.tr\/index.php\/wp-json\/wp\/v2\/product"}],"about":[{"href":"https:\/\/roveyayinevi.com.tr\/index.php\/wp-json\/wp\/v2\/types\/product"}],"wp:attachment":[{"href":"https:\/\/roveyayinevi.com.tr\/index.php\/wp-json\/wp\/v2\/media?parent=733437"}],"wp:term":[{"taxonomy":"product_brand","embeddable":true,"href":"https:\/\/roveyayinevi.com.tr\/index.php\/wp-json\/wp\/v2\/product_brand?post=733437"},{"taxonomy":"product_cat","embeddable":true,"href":"https:\/\/roveyayinevi.com.tr\/index.php\/wp-json\/wp\/v2\/product_cat?post=733437"},{"taxonomy":"product_tag","embeddable":true,"href":"https:\/\/roveyayinevi.com.tr\/index.php\/wp-json\/wp\/v2\/product_tag?post=733437"}],"curies":[{"name":"wp","href":"https:\/\/api.w.org\/{rel}","templated":true}]}}