{"id":733434,"date":"2025-08-27T22:10:04","date_gmt":"2025-08-27T19:10:04","guid":{"rendered":"https:\/\/roveyayinevi.com.tr\/index.php\/urun\/curuk-visne-5-veda\/"},"modified":"2026-04-03T02:48:47","modified_gmt":"2026-04-02T23:48:47","slug":"curuk-visne-5-veda","status":"publish","type":"product","link":"https:\/\/roveyayinevi.com.tr\/index.php\/urun\/curuk-visne-5-veda\/","title":{"rendered":"\u00c7\u00fcr\u00fck Vi\u015fne 5- Veda"},"content":{"rendered":"<p>&#8220;Kalbinin at\u0131\u015f\u0131n\u0131 duyuyorum ve bu \u015fark\u0131n\u0131n benim i\u00e7in \u00e7ald\u0131\u011f\u0131n\u0131biliyorum. Mutluyum Asr\u0131n.\u201d Birbirlerini bulduklar\u0131 gece de\u011fi\u015fmeye ba\u015flayan hayatlar\u0131,Asr\u0131n\u2019\u0131n Esila\u2019ya sordu\u011fu soruyla yol ayr\u0131m\u0131na s\u00fcr\u00fcklenmi\u015fti.Sahip olduklar\u0131 o derin a\u015fk\u0131n \u0131\u015f\u0131\u011f\u0131nda ge\u00e7en g\u00fcnler, bilinmezli\u011fe do\u011fru evrildi\u011finde ise hayat son kozunu oynamak i\u00e7in haz\u0131rlanm\u0131\u015ft\u0131. Kurtulmak istediklerinde bile yakalar\u0131n\u0131 b\u0131rakmayan an\u0131lar\u0131pe\u015flerinden gelip ard\u0131 ard\u0131na felaketler ya\u015fanmas\u0131na sebepolunca, ka\u00e7\u0131n\u0131lmaz son ger\u00e7ekle\u015fti; ya\u015fanmas\u0131 hi\u00e7 de s\u00fcrprizolmayan ac\u0131lar sonras\u0131nda \u00f6denen bedellere ra\u011fmen ruhlar\u0131ndas\u00f6nmeyen a\u015fk\u0131n ate\u015fiyle bir karar vermek zorunda kald\u0131lar. Ya onlar\u0131 rahats\u0131z eden hayaletlere mahk\u00fbm olacaklar ya dasahip olduklar\u0131 en de\u011ferli duygular\u0131n izinden giderek, kendi d\u00fcnyalar\u0131nda, kendi elleriyle ektikleri papatyalarla ya\u015fayacaklard\u0131. \u201cBu \u015fark\u0131 senin sevgilim, dans et.\u201d<\/p>\n","protected":false},"excerpt":{"rendered":"<p>&#8220;Kalbinin at\u0131\u015f\u0131n\u0131 duyuyorum ve bu \u015fark\u0131n\u0131n benim i\u00e7in \u00e7ald\u0131\u011f\u0131n\u0131biliyorum. Mutluyum Asr\u0131n.\u201d Birbirlerini bulduklar\u0131 gece de\u011fi\u015fmeye ba\u015flayan hayatlar\u0131,Asr\u0131n\u2019\u0131n Esila\u2019ya sordu\u011fu soruyla yol ayr\u0131m\u0131na s\u00fcr\u00fcklenmi\u015fti.Sahip olduklar\u0131 o derin<span class=\"excerpt-hellip\"> [\u2026]<\/span><\/p>\n","protected":false},"featured_media":0,"template":"","meta":{"_monsterinsights_skip_tracking":false,"_monsterinsights_sitenote_active":false,"_monsterinsights_sitenote_note":"","_monsterinsights_sitenote_category":0},"product_brand":[],"product_cat":[12291,12711],"product_tag":[],"class_list":{"0":"post-733434","1":"product","2":"type-product","3":"status-publish","5":"product_cat-edebiyat","6":"product_cat-roman-oyku","7":"pa_cilt-ciltsiz","8":"pa_tur-kitap","9":"pa_yayinevi-epsilon-yayinlari","10":"pa_yazar-emine-tavuz","12":"first","13":"instock","14":"sale","15":"shipping-taxable","16":"purchasable","17":"product-type-simple"},"_links":{"self":[{"href":"https:\/\/roveyayinevi.com.tr\/index.php\/wp-json\/wp\/v2\/product\/733434","targetHints":{"allow":["GET"]}}],"collection":[{"href":"https:\/\/roveyayinevi.com.tr\/index.php\/wp-json\/wp\/v2\/product"}],"about":[{"href":"https:\/\/roveyayinevi.com.tr\/index.php\/wp-json\/wp\/v2\/types\/product"}],"wp:attachment":[{"href":"https:\/\/roveyayinevi.com.tr\/index.php\/wp-json\/wp\/v2\/media?parent=733434"}],"wp:term":[{"taxonomy":"product_brand","embeddable":true,"href":"https:\/\/roveyayinevi.com.tr\/index.php\/wp-json\/wp\/v2\/product_brand?post=733434"},{"taxonomy":"product_cat","embeddable":true,"href":"https:\/\/roveyayinevi.com.tr\/index.php\/wp-json\/wp\/v2\/product_cat?post=733434"},{"taxonomy":"product_tag","embeddable":true,"href":"https:\/\/roveyayinevi.com.tr\/index.php\/wp-json\/wp\/v2\/product_tag?post=733434"}],"curies":[{"name":"wp","href":"https:\/\/api.w.org\/{rel}","templated":true}]}}