{"id":733433,"date":"2025-08-27T22:10:04","date_gmt":"2025-08-27T19:10:04","guid":{"rendered":"https:\/\/roveyayinevi.com.tr\/index.php\/urun\/franz-lisztin-istanbullu-ogrencisi-faik-bey-franz-della-sudda-ve-yakin-ailesi\/"},"modified":"2026-04-16T02:41:28","modified_gmt":"2026-04-15T23:41:28","slug":"franz-lisztin-istanbullu-ogrencisi-faik-bey-franz-della-sudda-ve-yakin-ailesi","status":"publish","type":"product","link":"https:\/\/roveyayinevi.com.tr\/index.php\/urun\/franz-lisztin-istanbullu-ogrencisi-faik-bey-franz-della-sudda-ve-yakin-ailesi\/","title":{"rendered":"Franz Liszt\u2019in \u0130stanbullu \u00d6\u011frencisi  Faik Bey Franz Della Sudda ve Yak\u0131n Ailesi"},"content":{"rendered":"<p>19. y\u00fczy\u0131l\u0131n sonlar\u0131na do\u011fru, hakk\u0131nda \u201c\u00fcst\u00fcn yetenekli T\u00fcrk\u201d, \u201cpiyano virt\u00fc\u00f6zleri aras\u0131nda esen en yeni f\u0131rt\u0131na\u201d, \u201cb\u00fcy\u00fck T\u00fcrk piyanist\u201d, \u201c\u00e7a\u011f\u0131m\u0131z\u0131n en zarif ve parlak piyanisti\u201d, \u201c\u00f6nemli bir yetenek\u201d, \u201cb\u00fcy\u00fck virt\u00fc\u00f6z\u201d, \u201chassasiyeti, ince zevki ve zarafeti ile dikkat \u00e7ekiyor\u201d, \u201cpiyanonun harika ustalar\u0131 aras\u0131na yer ald\u0131\u011f\u0131n\u0131 ispatlayan \u00fcst\u00fcn nitelikleri g\u00f6zler \u00f6n\u00fcne serdi\u201d gibi \u00f6vg\u00fc dolu s\u00f6zler edilmi\u015f; 15 Haziran 1895\u2019te Londra\u2019daki Princes Hall\u2019da ilk kez sahneye \u00e7\u0131kt\u0131\u011f\u0131nda icras\u0131 \u201c\u0130stanbullu piyanist tart\u0131\u015fma g\u00f6t\u00fcrmez bir ba\u015far\u0131ya ula\u015ft\u0131\u201d, \u201cP\u0131r\u0131l p\u0131r\u0131l ve m\u00fckemmel icras\u0131 ile hayranlar\u0131n\u0131n g\u00f6nl\u00fcn\u00fc fethetti\u201d \u015feklinde yorumlanan, piyano i\u00e7in yapt\u0131\u011f\u0131 besteleri hakk\u0131nda \u201c\u00e7ok etkili ve m\u00fcziksel de\u011feri olduk\u00e7a y\u00fcksek\u201d, \u201cger\u00e7ek bir sanat anlay\u0131\u015f\u0131n\u0131 yans\u0131t\u0131yor\u201d gibi yorumlar yap\u0131lm\u0131\u015f bir \u0130stanbullu piyanist vard\u0131r. Weimar\u2019da b\u00fcy\u00fck \u00fcstat Franz Liszt\u2019in \u00fc\u00e7 seneden fazla \u00f6\u011frencisi olmu\u015f, onun \u015ferefine dillerden d\u00fc\u015fmeyen bir ziyafet vermi\u015f, 1882\u2019de Wagner\u2019in son operas\u0131 Parsifal\u2019in pr\u00f6miyerinde Bayreuth\u2019ta Richard Wagner\u2019le kadeh toku\u015fturmu\u015f bu T\u00fcrk piyanist, \u0130stanbullu \u00fcnl\u00fc eczac\u0131 aile Della Suddalardan Faik Bey Franz Della Sudda\u2019yd\u0131 (1859-1940). Franz Liszt\u2019in \u0130stanbullu \u00d6\u011frencisi Faik Bey Franz Della Sudda ve Yak\u0131n Ailesi adl\u0131 kitab\u0131nda \u00d6mer E\u011fecio\u011flu, sadece bir m\u00fczisyenin de\u011fil, \u0130stanbullu bir ailenin hik\u00e2yesini belgelerle ortaya koyuyor. <\/p>\n","protected":false},"excerpt":{"rendered":"<p>19. y\u00fczy\u0131l\u0131n sonlar\u0131na do\u011fru, hakk\u0131nda \u201c\u00fcst\u00fcn yetenekli T\u00fcrk\u201d, \u201cpiyano virt\u00fc\u00f6zleri aras\u0131nda esen en yeni f\u0131rt\u0131na\u201d, \u201cb\u00fcy\u00fck T\u00fcrk piyanist\u201d, \u201c\u00e7a\u011f\u0131m\u0131z\u0131n en zarif ve parlak piyanisti\u201d, \u201c\u00f6nemli bir<span class=\"excerpt-hellip\"> [\u2026]<\/span><\/p>\n","protected":false},"featured_media":0,"template":"","meta":{"_monsterinsights_skip_tracking":false,"_monsterinsights_sitenote_active":false,"_monsterinsights_sitenote_note":"","_monsterinsights_sitenote_category":0},"product_brand":[],"product_cat":[44608,12408],"product_tag":[],"class_list":{"0":"post-733433","1":"product","2":"type-product","3":"status-publish","5":"product_cat-diger-sanat","6":"product_cat-sanat","7":"pa_cilt-ciltsiz","8":"pa_tur-kitap","9":"pa_yayinevi-kirmizi-kedi-yayinevi","10":"pa_yazar-omer-egecioglu","12":"first","13":"instock","14":"sale","15":"shipping-taxable","16":"purchasable","17":"product-type-simple"},"_links":{"self":[{"href":"https:\/\/roveyayinevi.com.tr\/index.php\/wp-json\/wp\/v2\/product\/733433","targetHints":{"allow":["GET"]}}],"collection":[{"href":"https:\/\/roveyayinevi.com.tr\/index.php\/wp-json\/wp\/v2\/product"}],"about":[{"href":"https:\/\/roveyayinevi.com.tr\/index.php\/wp-json\/wp\/v2\/types\/product"}],"wp:attachment":[{"href":"https:\/\/roveyayinevi.com.tr\/index.php\/wp-json\/wp\/v2\/media?parent=733433"}],"wp:term":[{"taxonomy":"product_brand","embeddable":true,"href":"https:\/\/roveyayinevi.com.tr\/index.php\/wp-json\/wp\/v2\/product_brand?post=733433"},{"taxonomy":"product_cat","embeddable":true,"href":"https:\/\/roveyayinevi.com.tr\/index.php\/wp-json\/wp\/v2\/product_cat?post=733433"},{"taxonomy":"product_tag","embeddable":true,"href":"https:\/\/roveyayinevi.com.tr\/index.php\/wp-json\/wp\/v2\/product_tag?post=733433"}],"curies":[{"name":"wp","href":"https:\/\/api.w.org\/{rel}","templated":true}]}}