{"id":733431,"date":"2025-08-27T22:10:01","date_gmt":"2025-08-27T19:10:01","guid":{"rendered":"https:\/\/roveyayinevi.com.tr\/index.php\/urun\/dil-ve-lal\/"},"modified":"2026-04-16T02:41:28","modified_gmt":"2026-04-15T23:41:28","slug":"dil-ve-lal","status":"publish","type":"product","link":"https:\/\/roveyayinevi.com.tr\/index.php\/urun\/dil-ve-lal\/","title":{"rendered":"Dil Ve Lal"},"content":{"rendered":"<p>Kan\u0131yorum \u2013zifirim Uzun uzad\u0131ya uzant\u0131 t\u00fcm barikatlarda Aynalara g\u00f6m\u00fcl\u00fcyor r\u00fczg\u00e2r Parmaklar\u0131mda \u00e7at\u0131rd\u0131yor Vakt-i rah\u0131n \u2013param par\u00e7a Savruluyorum bi\u00e7imsiz Kentin bulvarlar\u0131na Kavgaya giderken A\u015fk\u0131n\u0131 z\u0131rhtan muska yapm\u0131\u015f\u0131m Tak\u0131yorum i\u015fte \u015furama Usuma y\u00fcre\u011fime \u2013yoklu\u011fun Yoklu\u011funda her kelimem Ne\u015fterle s\u0131nan\u0131yor Ad\u0131n u\u00e7urum denginde Bir hatla ba\u011flanm\u0131\u015f\u0131m infaz\u0131na \u015eimdi beni al infal say Mihrak-\u0131 tutu\u015ftursun feragat Yazg\u0131da korum Ya mirac\u0131m ol ya sonum bu hasret yaras\u0131 Kalbimde onulmaz\u2026 onulmaz bir yara\u2026<\/p>\n","protected":false},"excerpt":{"rendered":"<p>Kan\u0131yorum \u2013zifirim Uzun uzad\u0131ya uzant\u0131 t\u00fcm barikatlarda Aynalara g\u00f6m\u00fcl\u00fcyor r\u00fczg\u00e2r Parmaklar\u0131mda \u00e7at\u0131rd\u0131yor Vakt-i rah\u0131n \u2013param par\u00e7a Savruluyorum bi\u00e7imsiz Kentin bulvarlar\u0131na Kavgaya giderken A\u015fk\u0131n\u0131 z\u0131rhtan muska yapm\u0131\u015f\u0131m<span class=\"excerpt-hellip\"> [\u2026]<\/span><\/p>\n","protected":false},"featured_media":0,"template":"","meta":{"_monsterinsights_skip_tracking":false,"_monsterinsights_sitenote_active":false,"_monsterinsights_sitenote_note":"","_monsterinsights_sitenote_category":0},"product_brand":[],"product_cat":[12291,12509],"product_tag":[],"class_list":{"0":"post-733431","1":"product","2":"type-product","3":"status-publish","5":"product_cat-edebiyat","6":"product_cat-siir","7":"pa_cilt-ciltsiz","8":"pa_tur-kitap","9":"pa_yayinevi-gulnar-yayinlari","10":"pa_yazar-meryem-kucuk","12":"first","13":"instock","14":"sale","15":"shipping-taxable","16":"purchasable","17":"product-type-simple"},"_links":{"self":[{"href":"https:\/\/roveyayinevi.com.tr\/index.php\/wp-json\/wp\/v2\/product\/733431","targetHints":{"allow":["GET"]}}],"collection":[{"href":"https:\/\/roveyayinevi.com.tr\/index.php\/wp-json\/wp\/v2\/product"}],"about":[{"href":"https:\/\/roveyayinevi.com.tr\/index.php\/wp-json\/wp\/v2\/types\/product"}],"wp:attachment":[{"href":"https:\/\/roveyayinevi.com.tr\/index.php\/wp-json\/wp\/v2\/media?parent=733431"}],"wp:term":[{"taxonomy":"product_brand","embeddable":true,"href":"https:\/\/roveyayinevi.com.tr\/index.php\/wp-json\/wp\/v2\/product_brand?post=733431"},{"taxonomy":"product_cat","embeddable":true,"href":"https:\/\/roveyayinevi.com.tr\/index.php\/wp-json\/wp\/v2\/product_cat?post=733431"},{"taxonomy":"product_tag","embeddable":true,"href":"https:\/\/roveyayinevi.com.tr\/index.php\/wp-json\/wp\/v2\/product_tag?post=733431"}],"curies":[{"name":"wp","href":"https:\/\/api.w.org\/{rel}","templated":true}]}}