{"id":733430,"date":"2025-08-27T22:10:00","date_gmt":"2025-08-27T19:10:00","guid":{"rendered":"https:\/\/roveyayinevi.com.tr\/index.php\/urun\/ejderhalar-zamani-hikaye-anahtarcisi-2\/"},"modified":"2026-04-16T02:41:28","modified_gmt":"2026-04-15T23:41:28","slug":"ejderhalar-zamani-hikaye-anahtarcisi-2","status":"publish","type":"product","link":"https:\/\/roveyayinevi.com.tr\/index.php\/urun\/ejderhalar-zamani-hikaye-anahtarcisi-2\/","title":{"rendered":"Ejderhalar Zaman\u0131 &#8211; Hikaye Anahtarc\u0131s\u0131 2"},"content":{"rendered":"<p>Hikaye Anahtarc\u0131s\u0131 senin i\u00e7in \u00fc\u00e7 hikayenin kaps\u0131n\u0131 a\u00e7\u0131yor.Her kap\u0131y\u0131 a\u00e7an bir anahtar vard\u0131r. Hikayelerin kap\u0131s\u0131n\u0131 da hikaye anahtarc\u0131lar\u0131 a\u00e7ar. Sen daha \u00f6nce bir hikaye anahtarc\u0131s\u0131yla kar\u015f\u0131la\u015ft\u0131n m\u0131? Ba\u015ftan s\u00f6yleyelim her hikaye anahtarc\u0131s\u0131 biraz \u00e7\u0131lg\u0131n g\u00f6r\u00fcn\u00fcr. E\u011fer \u00f6yle olmasayd\u0131 hik\u00e2yelerin kap\u0131s\u0131n\u0131 hi\u00e7 kimse merak edip aralamazd\u0131 de\u011fil mi?Hikaye Anahtarc\u0131s\u0131\u2019n\u0131n rehberli\u011finde bamba\u015fka diyarlara ve bamba\u015fka zamanlara yolculuk yapmaya haz\u0131r m\u0131s\u0131n?\u015eaban, okul gezisi i\u00e7in m\u00fczeye gitti\u011finde Hikaye Anahtarc\u0131s\u0131 ile kar\u015f\u0131la\u015fmay\u0131 umarak ad\u0131mlar atar. Ve bir anda zaman durur. Hikaye Anahtarc\u0131s\u0131 bu sefer bir h\u0131rs\u0131z k\u0131l\u0131\u011f\u0131nda g\u00f6r\u00fcn\u00fcr ona. \u00dcstelik yan\u0131nda da bir at getirmi\u015ftir. Yolculuk \u00e7oook eskileredir. K\u00fcr\u015fad Destan\u0131\u2019n\u0131n ba\u015fkahraman\u0131 K\u00fcr\u015fad\u2019\u0131n yan\u0131na gidecektir \u015eaban. \u00c7inli askerlerle, y\u0131lanlarla ve ejderhalarla m\u00fccadele ederken ona g\u00fc\u00e7 veren ise Hikaye Anahtarc\u0131s\u0131\u2019n\u0131n heybesine koydu\u011fu \u00f6zel kitapt\u0131r. Hz. Ali\u2019yi anlatan bu kitap ona zorlu yolculu\u011funda \u0131\u015f\u0131k tutar.<\/p>\n","protected":false},"excerpt":{"rendered":"<p>Hikaye Anahtarc\u0131s\u0131 senin i\u00e7in \u00fc\u00e7 hikayenin kaps\u0131n\u0131 a\u00e7\u0131yor.Her kap\u0131y\u0131 a\u00e7an bir anahtar vard\u0131r. Hikayelerin kap\u0131s\u0131n\u0131 da hikaye anahtarc\u0131lar\u0131 a\u00e7ar. Sen daha \u00f6nce bir hikaye anahtarc\u0131s\u0131yla kar\u015f\u0131la\u015ft\u0131n<span class=\"excerpt-hellip\"> [\u2026]<\/span><\/p>\n","protected":false},"featured_media":0,"template":"","meta":{"_monsterinsights_skip_tracking":false,"_monsterinsights_sitenote_active":false,"_monsterinsights_sitenote_note":"","_monsterinsights_sitenote_category":0},"product_brand":[],"product_cat":[12274,12284],"product_tag":[],"class_list":{"0":"post-733430","1":"product","2":"type-product","3":"status-publish","5":"product_cat-cocuk-ve-genclik-kitaplari","6":"product_cat-hikayeler","7":"pa_cilt-ciltsiz","8":"pa_tur-kitap","9":"pa_yayinevi-dus-degirmeni","10":"pa_yazar-ayse-sevim","12":"first","13":"instock","14":"sale","15":"shipping-taxable","16":"purchasable","17":"product-type-simple"},"_links":{"self":[{"href":"https:\/\/roveyayinevi.com.tr\/index.php\/wp-json\/wp\/v2\/product\/733430","targetHints":{"allow":["GET"]}}],"collection":[{"href":"https:\/\/roveyayinevi.com.tr\/index.php\/wp-json\/wp\/v2\/product"}],"about":[{"href":"https:\/\/roveyayinevi.com.tr\/index.php\/wp-json\/wp\/v2\/types\/product"}],"wp:attachment":[{"href":"https:\/\/roveyayinevi.com.tr\/index.php\/wp-json\/wp\/v2\/media?parent=733430"}],"wp:term":[{"taxonomy":"product_brand","embeddable":true,"href":"https:\/\/roveyayinevi.com.tr\/index.php\/wp-json\/wp\/v2\/product_brand?post=733430"},{"taxonomy":"product_cat","embeddable":true,"href":"https:\/\/roveyayinevi.com.tr\/index.php\/wp-json\/wp\/v2\/product_cat?post=733430"},{"taxonomy":"product_tag","embeddable":true,"href":"https:\/\/roveyayinevi.com.tr\/index.php\/wp-json\/wp\/v2\/product_tag?post=733430"}],"curies":[{"name":"wp","href":"https:\/\/api.w.org\/{rel}","templated":true}]}}