{"id":733421,"date":"2025-08-27T22:09:21","date_gmt":"2025-08-27T19:09:21","guid":{"rendered":"https:\/\/roveyayinevi.com.tr\/index.php\/urun\/sevgili-serseri-kedim\/"},"modified":"2026-04-16T02:41:28","modified_gmt":"2026-04-15T23:41:28","slug":"sevgili-serseri-kedim","status":"publish","type":"product","link":"https:\/\/roveyayinevi.com.tr\/index.php\/urun\/sevgili-serseri-kedim\/","title":{"rendered":"Sevgili Serseri Kedim"},"content":{"rendered":"<p>Toti Noti, Emirgan Mahallesi\u2019nde ya\u015fayan s\u0131ra d\u0131\u015f\u0131 bir ev kedisi. Sahiplerin g\u00f6z\u00fcnde iyi bir ev kedisi olmaya \u00e7al\u0131\u015f\u0131rken asl\u0131nda sadece en uslu taraf\u0131n\u0131 onlara g\u00f6steriyor. \u00c7\u00fcnk\u00fc gece yar\u0131lar\u0131 kom\u015fu evlere izinsiz girmek gibi sahiplerini utand\u0131racak baz\u0131 huylara sahip. Gelgelelim, bir gece yar\u0131s\u0131 zor duruma d\u00fc\u015fen bir kom\u015fuya yard\u0131mc\u0131 olmas\u0131n\u0131n alt\u0131nda da bu huylar yat\u0131yor. Macera merak\u0131 y\u00fcz\u00fcnden ba\u015f\u0131na \u00f6yle \u015feyler geliyor ki, sahiplerini utand\u0131rmak \u015f\u00f6yle dursun, en sonunda mahalle park\u0131na heykeli dikilen &#8220;kahraman&#8221; bir kediye d\u00f6n\u00fc\u015f\u00fcyor.<\/p>\n","protected":false},"excerpt":{"rendered":"<p>Toti Noti, Emirgan Mahallesi\u2019nde ya\u015fayan s\u0131ra d\u0131\u015f\u0131 bir ev kedisi. Sahiplerin g\u00f6z\u00fcnde iyi bir ev kedisi olmaya \u00e7al\u0131\u015f\u0131rken asl\u0131nda sadece en uslu taraf\u0131n\u0131 onlara g\u00f6steriyor. \u00c7\u00fcnk\u00fc<span class=\"excerpt-hellip\"> [\u2026]<\/span><\/p>\n","protected":false},"featured_media":0,"template":"","meta":{"_monsterinsights_skip_tracking":false,"_monsterinsights_sitenote_active":false,"_monsterinsights_sitenote_note":"","_monsterinsights_sitenote_category":0},"product_brand":[],"product_cat":[12275,12274],"product_tag":[],"class_list":{"0":"post-733421","1":"product","2":"type-product","3":"status-publish","5":"product_cat-6-12-yas-kitaplari","6":"product_cat-cocuk-ve-genclik-kitaplari","7":"pa_cilt-ciltsiz","8":"pa_tur-kitap","9":"pa_yayinevi-luna-cocuk-yayinlari","10":"pa_yazar-ayda-cayir","12":"first","13":"instock","14":"sale","15":"shipping-taxable","16":"purchasable","17":"product-type-simple"},"_links":{"self":[{"href":"https:\/\/roveyayinevi.com.tr\/index.php\/wp-json\/wp\/v2\/product\/733421","targetHints":{"allow":["GET"]}}],"collection":[{"href":"https:\/\/roveyayinevi.com.tr\/index.php\/wp-json\/wp\/v2\/product"}],"about":[{"href":"https:\/\/roveyayinevi.com.tr\/index.php\/wp-json\/wp\/v2\/types\/product"}],"wp:attachment":[{"href":"https:\/\/roveyayinevi.com.tr\/index.php\/wp-json\/wp\/v2\/media?parent=733421"}],"wp:term":[{"taxonomy":"product_brand","embeddable":true,"href":"https:\/\/roveyayinevi.com.tr\/index.php\/wp-json\/wp\/v2\/product_brand?post=733421"},{"taxonomy":"product_cat","embeddable":true,"href":"https:\/\/roveyayinevi.com.tr\/index.php\/wp-json\/wp\/v2\/product_cat?post=733421"},{"taxonomy":"product_tag","embeddable":true,"href":"https:\/\/roveyayinevi.com.tr\/index.php\/wp-json\/wp\/v2\/product_tag?post=733421"}],"curies":[{"name":"wp","href":"https:\/\/api.w.org\/{rel}","templated":true}]}}