{"id":733419,"date":"2025-08-27T22:09:18","date_gmt":"2025-08-27T19:09:18","guid":{"rendered":"https:\/\/roveyayinevi.com.tr\/index.php\/urun\/bi-bilene-danisalim\/"},"modified":"2026-04-16T02:41:28","modified_gmt":"2026-04-15T23:41:28","slug":"bi-bilene-danisalim","status":"publish","type":"product","link":"https:\/\/roveyayinevi.com.tr\/index.php\/urun\/bi-bilene-danisalim\/","title":{"rendered":"Bi Bilene Dan\u0131\u015fal\u0131m"},"content":{"rendered":"<p>Elinizdeki kitap, Kat\u0131l\u0131m B\u00fclteni Haber Platformu\u2019na ait Youtube kanal\u0131nda yay\u0131nlanan ve t\u00fcm konsepti faizsiz finans kurumlar\u0131nda \u00e7al\u0131\u015fmak isteyen \u00f6\u011frencilere y\u00f6nelik olarak haz\u0131rlanan \u201cBi\u2019 Bilene Dan\u0131\u015fal\u0131m\u201d isimli programa konuk olan sekt\u00f6rden y\u00f6neticilerle, akademisyenlerle ve \u00f6\u011frencilerle yap\u0131lan s\u00f6yle\u015filerin yaz\u0131ya d\u00f6k\u00fclmesiyle ortaya \u00e7\u0131kan bir \u00e7al\u0131\u015fmad\u0131r. Program\u0131n sunucusu R. Levent I\u015f\u0131k\u2019\u0131n edit\u00f6rl\u00fc\u011f\u00fcnde haz\u0131rlanan \u00e7al\u0131\u015fman\u0131n, faizsiz finans alan\u0131nda kariyer yapmak isteyen t\u00fcm gen\u00e7ler i\u00e7in bir ba\u015fucu kitab\u0131 olabilme potansiyelinden \u00f6t\u00fcr\u00fc b\u00fcy\u00fck ilgi g\u00f6rmesi beklenmektedir&#8230; \u201cFaizsiz Finans\u2019\u0131n felsefesini, prensiplerini, ortaya \u00e7\u0131k\u0131\u015f\u0131n\u0131, d\u00fcnyadaki konumunu, \u00fclkemizdeki yolculu\u011funu ve gelece\u011fe y\u00f6nelik yol haritas\u0131n\u0131 payla\u015fan etkileyici bir eser.\u201d \u0130lhan Albayrak Vak\u0131f Kat\u0131l\u0131m Bankas\u0131 A.\u015e \u2013 Y\u00f6netim Kurulu \u00dcyesi \u201cKat\u0131l\u0131m Bankac\u0131l\u0131\u011f\u0131\u2019n\u0131 tan\u0131mak, dinamiklerini anlamak ve ruhunu ke\u015ffetmek i\u00e7in haz\u0131rlanm\u0131\u015f \u00e7ok k\u0131ymetli bir kitap.\u201d Mehmet Uluda\u011f Albaraka T\u00fcrk Kat\u0131l\u0131m Bankas\u0131 A.\u015e. \u2013 Ombudsmanl\u0131k Direkt\u00f6r\u00fc \u201cKat\u0131l\u0131m ekonomisi ve bankac\u0131l\u0131\u011f\u0131n\u0131 bilim insanlar\u0131 ile sekt\u00f6r temsilcilerinin g\u00f6z\u00fcnden \u00f6\u011frenmek isteyenler i\u00e7in ideal ve samimi bir \u00e7al\u0131\u015fma.\u201d Prof. Dr. \u0130brahim G\u00fcran Yumu\u015fak \u0130stanbul Sabahattin Zaim \u00dcniversitesi \u2013 \u0130YBF Dekan\u0131 1)Kat\u0131l\u0131m Bankalar\u0131nda 30 Y\u0131l \/ Cihat Baba 2)Teverruk Nedir? \/ Do\u00e7. Dr. Necmeddin G\u00fcney 3)Kat\u0131l\u0131m Bankalar\u0131 ile Konvansiyonel Bankalar\u0131n Farklar\u0131 \/ Do\u00e7. Dr. Yusuf Din\u00e7 4)Kat\u0131l\u0131m Bankalar\u0131nda M\u00fcfetti\u015flik \/ Mustafa G\u00fcl 5)Elbirli\u011fi Sistemi ve Tasarrufa Dayal\u0131 Finansman\/Dr. Murat Erg\u00fcven 6)Kat\u0131l\u0131m Ekonomisi Nedir? \/ Temel Haz\u0131ro\u011flu 7)D\u00fcnyada \u0130slami Bankac\u0131l\u0131k \/ Do\u00e7. Dr. Zeynep Hafsa Orhan 8)Elbirli\u011fi Sistemi\u2019nde Personel E\u011fitimi ve Kariyer S\u00fcreci \/ Elif Berber 9)\u0130slam Ekonomisi ve Finans\u0131 Lisans \u00d6\u011frencisi Olmak \/ Esma G\u00f6kmen 10)\u0130slam Ekonomisi ve Finans\u0131 Y\u00fcksek Lisans \u00d6\u011frencisi Olmak \/ Bedirhan Y\u0131ld\u0131z 11)Uygulamac\u0131lar\u0131n\u0131n G\u00f6z\u00fcnden Kat\u0131l\u0131m Bankac\u0131l\u0131\u011f\u0131n\u0131n Farklar\u0131 \/ Hasan Altunda\u011f <\/p>\n","protected":false},"excerpt":{"rendered":"<p>Elinizdeki kitap, Kat\u0131l\u0131m B\u00fclteni Haber Platformu\u2019na ait Youtube kanal\u0131nda yay\u0131nlanan ve t\u00fcm konsepti faizsiz finans kurumlar\u0131nda \u00e7al\u0131\u015fmak isteyen \u00f6\u011frencilere y\u00f6nelik olarak haz\u0131rlanan \u201cBi\u2019 Bilene Dan\u0131\u015fal\u0131m\u201d isimli<span class=\"excerpt-hellip\"> [\u2026]<\/span><\/p>\n","protected":false},"featured_media":0,"template":"","meta":{"_monsterinsights_skip_tracking":false,"_monsterinsights_sitenote_active":false,"_monsterinsights_sitenote_note":"","_monsterinsights_sitenote_category":0},"product_brand":[],"product_cat":[12291,30969],"product_tag":[],"class_list":{"0":"post-733419","1":"product","2":"type-product","3":"status-publish","5":"product_cat-edebiyat","6":"product_cat-soylesi-edebiyat","7":"pa_cilt-ciltsiz","8":"pa_tur-kitap","9":"pa_yayinevi-luna-yayinlari","10":"pa_yazar-r-levent-isik","12":"first","13":"instock","14":"sale","15":"shipping-taxable","16":"purchasable","17":"product-type-simple"},"_links":{"self":[{"href":"https:\/\/roveyayinevi.com.tr\/index.php\/wp-json\/wp\/v2\/product\/733419","targetHints":{"allow":["GET"]}}],"collection":[{"href":"https:\/\/roveyayinevi.com.tr\/index.php\/wp-json\/wp\/v2\/product"}],"about":[{"href":"https:\/\/roveyayinevi.com.tr\/index.php\/wp-json\/wp\/v2\/types\/product"}],"wp:attachment":[{"href":"https:\/\/roveyayinevi.com.tr\/index.php\/wp-json\/wp\/v2\/media?parent=733419"}],"wp:term":[{"taxonomy":"product_brand","embeddable":true,"href":"https:\/\/roveyayinevi.com.tr\/index.php\/wp-json\/wp\/v2\/product_brand?post=733419"},{"taxonomy":"product_cat","embeddable":true,"href":"https:\/\/roveyayinevi.com.tr\/index.php\/wp-json\/wp\/v2\/product_cat?post=733419"},{"taxonomy":"product_tag","embeddable":true,"href":"https:\/\/roveyayinevi.com.tr\/index.php\/wp-json\/wp\/v2\/product_tag?post=733419"}],"curies":[{"name":"wp","href":"https:\/\/api.w.org\/{rel}","templated":true}]}}