{"id":733414,"date":"2025-08-27T22:09:13","date_gmt":"2025-08-27T19:09:13","guid":{"rendered":"https:\/\/roveyayinevi.com.tr\/index.php\/urun\/ikiz-gezginler-yesillikler-ulkesinde\/"},"modified":"2026-04-16T02:41:27","modified_gmt":"2026-04-15T23:41:27","slug":"ikiz-gezginler-yesillikler-ulkesinde","status":"publish","type":"product","link":"https:\/\/roveyayinevi.com.tr\/index.php\/urun\/ikiz-gezginler-yesillikler-ulkesinde\/","title":{"rendered":"\u0130kiz Gezginler Ye\u015fillikler \u00dclkesi&#8217;nde"},"content":{"rendered":"<p>\u0130kiz Gezginler&#8217;le ver elini Bursa!Arkeolog, yazar Bet\u00fcl Avun\u00e7&#8217;un, yeni nesil okurlar\u0131 Anadolu topraklar\u0131n\u0131n zengin ve \u00e7ok k\u00fclt\u00fcrl\u00fc tarihiyle bulu\u015fturdu\u011fu &#8221;\u0130kiz Gezginler&#8221; serisi, ke\u015fif rotas\u0131n\u0131 bu kez, kurulu\u015fu Milattan \u00d6nce 2. y\u00fczy\u0131la dayanan bir kente, Osmanl\u0131 Devleti&#8217;nin ilk ba\u015fkenti Bursa&#8217;ya \u00e7eviriyor. \u0130kiz Gezginler Ye\u015fillikler \u00dclkesi&#8217;nde, yemye\u015fil do\u011fas\u0131ndan \u00f6t\u00fcr\u00fc &#8216;Ye\u015fil Bursa&#8217; nitelemesiyle an\u0131lan bu k\u00f6kl\u00fc kentimizi ve \u00e7evresini arkeolojik, mitolojik, tarihsel ve k\u00fclt\u00fcrel y\u00f6nleriyle oda\u011f\u0131na al\u0131yor; eski \u00e7a\u011flar\u0131n b\u00fcy\u00fcleyici \u00f6yk\u00fcleriyle sarmalanm\u0131\u015f reng\u00e2renk bir masal d\u00fcnyas\u0131 nak\u015fediyor. \u015eifal\u0131 kapl\u0131calar\u0131, &#8216;ulu&#8217; da\u011f\u0131, dillere destan g\u00f6lge oyunuyla her ta\u015f\u0131n\u0131n alt\u0131nda bir efsanenin yatt\u0131\u011f\u0131 g\u00fczel Bursa&#8217;m\u0131z\u0131n g\u00f6n\u00fcll\u00fc tan\u0131t\u0131m el\u00e7ili\u011fini \u00fcstlenen \u0130kiz Gezginler Peri ve Ege, ge\u00e7mi\u015ften g\u00fcn\u00fcm\u00fcze dimdik ayakta kalmay\u0131 ba\u015farm\u0131\u015f bir kentin belle\u011fine dair de\u011ferli payla\u015f\u0131mlarda bulunuyor.\u00c7ekirge semtinin ad\u0131 nereden geliyor?8500 ya\u015f\u0131ndaki bir iskelet nas\u0131l h\u00e2len konu\u015fabiliyor?Su perileri neden Hilas&#8217;\u0131 \u00f6zg\u00fcr b\u0131rakm\u0131yor?Sadece \u00e7ocuklar\u0131n girebildi\u011fi gizli hara nereye a\u00e7\u0131l\u0131yor?\u0130kiz Gezginler rehberli\u011finde hayal perdesi aralan\u0131yor; Prusa&#8217;dan Bursa&#8217;ya uzanan yol boyunca, g\u00f6klerin kral\u0131 G\u00fcne\u015f&#8217;ten do\u011fa tanr\u0131\u00e7as\u0131 Kibele&#8217;ye, Dev Adam Herakles&#8217;ten Karag\u00f6z ve Hacivat&#8217;a nice kahraman s\u00f6ylencelerde canlan\u0131yor. Kentauroslardan pegasoslara ve hatta tekboynuzlara mitoloji d\u00fcnyas\u0131n\u0131n b\u00fct\u00fcn atlar\u0131 engin g\u00f6klerde \u015fahlan\u0131rken, Kapl\u0131calar\u0131n Prensesi hem ruhlar\u0131m\u0131za hem de bedenlerimize \u015fifa da\u011f\u0131t\u0131yor. \u0130skender kebab\u0131n tad\u0131 damaklar\u0131m\u0131zda yer ederken; Bursa&#8217;n\u0131n Olimpos&#8217;u yani Uluda\u011f&#8217;\u0131n s\u0131rlar\u0131 a\u00e7\u0131kl\u0131\u011fa kavu\u015fuyor. K\u00fc\u00e7\u00fck dostlar\u0131m\u0131zla el ele verip, ge\u00e7mi\u015ften g\u00fcn\u00fcm\u00fcze, efsaneler d\u00fcnyas\u0131nda unutulmaz bir geziye \u00e7\u0131k\u0131yor ve t\u00fcrl\u00fc ser\u00fcvenler ya\u015faman\u0131n keyfine var\u0131yoruz&#8230; Tarih, arkeoloji, mitoloji, gezi temalar\u0131n\u0131 tek bir potada eritip s\u00fcr\u00fckleyici kurgularla bulu\u015fturan \u0130kiz Gezginler&#8217;in ser\u00fcvenleri hem e\u011flendirici hem de bilgilendirici yap\u0131s\u0131yla \u00e7ocuk edebiyat\u0131m\u0131z\u0131n \u00f6nc\u00fc yap\u0131tlar\u0131 aras\u0131nda yer almay\u0131 s\u00fcrd\u00fcr\u00fcyor. Serinin \u00f6nceki maceralar\u0131na g\u00f6ndermelerde bulunup okurlar\u0131n merak ve ara\u015ft\u0131rma duygusunu tetiklemeyi ihmal etmeyen \u0130kiz Gezginler Ye\u015fillikler \u00dclkesi&#8217;nde&#8217;yi okurken kendinizi bir anda 700 y\u0131ll\u0131k bir Osmanl\u0131 k\u00f6y\u00fcnde, top kafal\u0131 a\u011fa\u00e7larla dolu bir terasta ya da tombul bir havuzun i\u00e7inde y\u00fczerken bulman\u0131z i\u015ften bile de\u011fil! O h\u00e2lde daha ne duruyorsunuz? \u00c7ekirge Sultan&#8217;\u0131n s\u00f6ylediklerine kulak verin ve Bursa&#8217;ya bir de \u0130kiz Gezginler&#8217;in g\u00f6z\u00fcnden bakmay\u0131 deneyin&#8230;<\/p>\n","protected":false},"excerpt":{"rendered":"<p>\u0130kiz Gezginler&#8217;le ver elini Bursa!Arkeolog, yazar Bet\u00fcl Avun\u00e7&#8217;un, yeni nesil okurlar\u0131 Anadolu topraklar\u0131n\u0131n zengin ve \u00e7ok k\u00fclt\u00fcrl\u00fc tarihiyle bulu\u015fturdu\u011fu &#8221;\u0130kiz Gezginler&#8221; serisi, ke\u015fif rotas\u0131n\u0131 bu kez,<span class=\"excerpt-hellip\"> [\u2026]<\/span><\/p>\n","protected":false},"featured_media":0,"template":"","meta":{"_monsterinsights_skip_tracking":false,"_monsterinsights_sitenote_active":false,"_monsterinsights_sitenote_note":"","_monsterinsights_sitenote_category":0},"product_brand":[],"product_cat":[12370,12304],"product_tag":[],"class_list":{"0":"post-733414","1":"product","2":"type-product","3":"status-publish","5":"product_cat-arastirma-inceleme","6":"product_cat-tarih","7":"pa_cilt-ciltsiz","8":"pa_tur-kitap","9":"pa_yayinevi-tudem-yayinlari","10":"pa_yazar-betul-avunc","12":"first","13":"instock","14":"sale","15":"shipping-taxable","16":"purchasable","17":"product-type-simple"},"_links":{"self":[{"href":"https:\/\/roveyayinevi.com.tr\/index.php\/wp-json\/wp\/v2\/product\/733414","targetHints":{"allow":["GET"]}}],"collection":[{"href":"https:\/\/roveyayinevi.com.tr\/index.php\/wp-json\/wp\/v2\/product"}],"about":[{"href":"https:\/\/roveyayinevi.com.tr\/index.php\/wp-json\/wp\/v2\/types\/product"}],"wp:attachment":[{"href":"https:\/\/roveyayinevi.com.tr\/index.php\/wp-json\/wp\/v2\/media?parent=733414"}],"wp:term":[{"taxonomy":"product_brand","embeddable":true,"href":"https:\/\/roveyayinevi.com.tr\/index.php\/wp-json\/wp\/v2\/product_brand?post=733414"},{"taxonomy":"product_cat","embeddable":true,"href":"https:\/\/roveyayinevi.com.tr\/index.php\/wp-json\/wp\/v2\/product_cat?post=733414"},{"taxonomy":"product_tag","embeddable":true,"href":"https:\/\/roveyayinevi.com.tr\/index.php\/wp-json\/wp\/v2\/product_tag?post=733414"}],"curies":[{"name":"wp","href":"https:\/\/api.w.org\/{rel}","templated":true}]}}