{"id":733411,"date":"2025-08-27T22:09:09","date_gmt":"2025-08-27T19:09:09","guid":{"rendered":"https:\/\/roveyayinevi.com.tr\/index.php\/urun\/firtina-pastasi\/"},"modified":"2026-04-16T02:41:27","modified_gmt":"2026-04-15T23:41:27","slug":"firtina-pastasi","status":"publish","type":"product","link":"https:\/\/roveyayinevi.com.tr\/index.php\/urun\/firtina-pastasi\/","title":{"rendered":"F\u0131rt\u0131na Pastas\u0131"},"content":{"rendered":"<p>B\u00fcy\u00fckannenin \u00e7iftli\u011finde al\u00e7ak f\u0131rt\u0131na bulutlar\u0131 gezer, ku\u015flar yere yak\u0131n u\u00e7ard\u0131. Bulutlar keskin bir \u0131\u015f\u0131kla parlar, k\u00fckreyen g\u00f6k g\u00fcr\u00fclt\u00fcs\u00fc camlar\u0131 titretirdi. B\u00fcy\u00fckannenin torunu ise b\u00f6yle zamanlarda yata\u011f\u0131n alt\u0131na saklan\u0131rd\u0131. Ve \u015fimdi yeni bir f\u0131rt\u0131na yakla\u015f\u0131yordu. Ama b\u00fcy\u00fckannenin bu kez muhte\u015fem bir fikri vard\u0131: F\u0131rt\u0131na Pastas\u0131 yapmak.   Patricia Polacco, tehlikenin e\u015fi\u011finde ve korkular i\u00e7inde olmaya dair ezber bozan bir hik\u00e2ye anlat\u0131yor. <\/p>\n","protected":false},"excerpt":{"rendered":"<p>B\u00fcy\u00fckannenin \u00e7iftli\u011finde al\u00e7ak f\u0131rt\u0131na bulutlar\u0131 gezer, ku\u015flar yere yak\u0131n u\u00e7ard\u0131. Bulutlar keskin bir \u0131\u015f\u0131kla parlar, k\u00fckreyen g\u00f6k g\u00fcr\u00fclt\u00fcs\u00fc camlar\u0131 titretirdi. B\u00fcy\u00fckannenin torunu ise b\u00f6yle zamanlarda yata\u011f\u0131n<span class=\"excerpt-hellip\"> [\u2026]<\/span><\/p>\n","protected":false},"featured_media":0,"template":"","meta":{"_monsterinsights_skip_tracking":false,"_monsterinsights_sitenote_active":false,"_monsterinsights_sitenote_note":"","_monsterinsights_sitenote_category":0},"product_brand":[],"product_cat":[12274,12284],"product_tag":[],"class_list":{"0":"post-733411","1":"product","2":"type-product","3":"status-publish","5":"product_cat-cocuk-ve-genclik-kitaplari","6":"product_cat-hikayeler","7":"pa_cilt-ciltsiz","8":"pa_tur-kitap","9":"pa_yayinevi-cinar-yayinlari","10":"pa_yazar-patricia-polacco","12":"first","13":"instock","14":"sale","15":"shipping-taxable","16":"purchasable","17":"product-type-simple"},"_links":{"self":[{"href":"https:\/\/roveyayinevi.com.tr\/index.php\/wp-json\/wp\/v2\/product\/733411","targetHints":{"allow":["GET"]}}],"collection":[{"href":"https:\/\/roveyayinevi.com.tr\/index.php\/wp-json\/wp\/v2\/product"}],"about":[{"href":"https:\/\/roveyayinevi.com.tr\/index.php\/wp-json\/wp\/v2\/types\/product"}],"wp:attachment":[{"href":"https:\/\/roveyayinevi.com.tr\/index.php\/wp-json\/wp\/v2\/media?parent=733411"}],"wp:term":[{"taxonomy":"product_brand","embeddable":true,"href":"https:\/\/roveyayinevi.com.tr\/index.php\/wp-json\/wp\/v2\/product_brand?post=733411"},{"taxonomy":"product_cat","embeddable":true,"href":"https:\/\/roveyayinevi.com.tr\/index.php\/wp-json\/wp\/v2\/product_cat?post=733411"},{"taxonomy":"product_tag","embeddable":true,"href":"https:\/\/roveyayinevi.com.tr\/index.php\/wp-json\/wp\/v2\/product_tag?post=733411"}],"curies":[{"name":"wp","href":"https:\/\/api.w.org\/{rel}","templated":true}]}}