{"id":733409,"date":"2025-08-27T22:09:07","date_gmt":"2025-08-27T19:09:07","guid":{"rendered":"https:\/\/roveyayinevi.com.tr\/index.php\/urun\/kahramanlarin-turkuleri-marslarimiz-cd\/"},"modified":"2026-04-16T02:41:27","modified_gmt":"2026-04-15T23:41:27","slug":"kahramanlarin-turkuleri-marslarimiz-cd","status":"publish","type":"product","link":"https:\/\/roveyayinevi.com.tr\/index.php\/urun\/kahramanlarin-turkuleri-marslarimiz-cd\/","title":{"rendered":"Kahramanlar\u0131n T\u00fcrk\u00fcleri Mar\u015flar\u0131m\u0131z &#8211; CD"},"content":{"rendered":"<p>T\u00fcrk milletinin tarihinde sava\u015flar, zaferler ve nicelerinin ilmek ilmek dokunarak g\u00fcn\u00fcm\u00fcze geldi\u011fi bu kutlu eser, T\u00fcrk tarihini notalara, ezgilere ve seslere d\u00f6km\u00fc\u015ft\u00fcr. \u00dclk\u00fc Ocaklar\u0131 olarak mar\u015flar\u0131m\u0131z\u0131n T\u00fcrk milletimiz i\u00e7in yerini ve \u00f6nemini bilerek haz\u0131rlad\u0131\u011f\u0131m\u0131z bu \u00e7al\u0131\u015fma sizlerin be\u011fenisine sunulmu\u015ftur. \u0130yi dinlemeler dileriz. <\/p>\n","protected":false},"excerpt":{"rendered":"<p>T\u00fcrk milletinin tarihinde sava\u015flar, zaferler ve nicelerinin ilmek ilmek dokunarak g\u00fcn\u00fcm\u00fcze geldi\u011fi bu kutlu eser, T\u00fcrk tarihini notalara, ezgilere ve seslere d\u00f6km\u00fc\u015ft\u00fcr. \u00dclk\u00fc Ocaklar\u0131 olarak mar\u015flar\u0131m\u0131z\u0131n<span class=\"excerpt-hellip\"> [\u2026]<\/span><\/p>\n","protected":false},"featured_media":0,"template":"","meta":{"_monsterinsights_skip_tracking":false,"_monsterinsights_sitenote_active":false,"_monsterinsights_sitenote_note":"","_monsterinsights_sitenote_category":0},"product_brand":[],"product_cat":[14591,14556],"product_tag":[],"class_list":{"0":"post-733409","1":"product","2":"type-product","3":"status-publish","5":"product_cat-genel-kavramlar-kuram-ve-tarihce","6":"product_cat-muzik","7":"pa_tur-cd-dvd","8":"pa_yayinevi-ulku-ocaklari-egitim-ve-kultur-vakfi","9":"pa_yazar-ulku-ocaklari-egitim-ve-kultur-vakfi-kolektif","11":"first","12":"instock","13":"sale","14":"shipping-taxable","15":"purchasable","16":"product-type-simple"},"_links":{"self":[{"href":"https:\/\/roveyayinevi.com.tr\/index.php\/wp-json\/wp\/v2\/product\/733409","targetHints":{"allow":["GET"]}}],"collection":[{"href":"https:\/\/roveyayinevi.com.tr\/index.php\/wp-json\/wp\/v2\/product"}],"about":[{"href":"https:\/\/roveyayinevi.com.tr\/index.php\/wp-json\/wp\/v2\/types\/product"}],"wp:attachment":[{"href":"https:\/\/roveyayinevi.com.tr\/index.php\/wp-json\/wp\/v2\/media?parent=733409"}],"wp:term":[{"taxonomy":"product_brand","embeddable":true,"href":"https:\/\/roveyayinevi.com.tr\/index.php\/wp-json\/wp\/v2\/product_brand?post=733409"},{"taxonomy":"product_cat","embeddable":true,"href":"https:\/\/roveyayinevi.com.tr\/index.php\/wp-json\/wp\/v2\/product_cat?post=733409"},{"taxonomy":"product_tag","embeddable":true,"href":"https:\/\/roveyayinevi.com.tr\/index.php\/wp-json\/wp\/v2\/product_tag?post=733409"}],"curies":[{"name":"wp","href":"https:\/\/api.w.org\/{rel}","templated":true}]}}