{"id":733408,"date":"2025-08-27T22:09:06","date_gmt":"2025-08-27T19:09:06","guid":{"rendered":"https:\/\/roveyayinevi.com.tr\/index.php\/urun\/iyi-kalpli-cadi-ciki-calismanin-mutlulugu\/"},"modified":"2026-04-16T02:41:27","modified_gmt":"2026-04-15T23:41:27","slug":"iyi-kalpli-cadi-ciki-calismanin-mutlulugu","status":"publish","type":"product","link":"https:\/\/roveyayinevi.com.tr\/index.php\/urun\/iyi-kalpli-cadi-ciki-calismanin-mutlulugu\/","title":{"rendered":"\u0130yi Kalpli Cad\u0131 \u00c7iki \/ \u00c7al\u0131\u015fman\u0131n Mutlulu\u011fu"},"content":{"rendered":"<p>Cad\u0131 \u00c7iki t\u00fcm g\u00fcn temizlik yapm\u0131\u015f, \u00e7ok yorulmu\u015ftu. \u0130\u015fleri bir t\u00fcrl\u00fc bitmiyor, hep yeni bir \u015fey \u00e7\u0131k\u0131yordu. O g\u00fcnden sonra, Kedisi Piki\u2019nin tavsiyesi \u00fczerine Cad\u0131 \u00c7iki, ev i\u015flerini sihirli de\u011fne\u011fiyle \u015f\u0131p diye halletmeye karar verdi. Art\u0131k ev her zaman toplu, yemek daima haz\u0131r, k\u0131yafet dolab\u0131ysa hep tertemiz olacakt\u0131. Televizyon izlemek ve kitap okumakla ge\u00e7en, birbirinin ayn\u0131s\u0131 g\u00fcnlerin ard\u0131ndan bir g\u00fcn \u00c7iki\u2019yi \u00e7ok \u015fa\u015f\u0131rtan bir telefon geldi ve her \u015fey de\u011fi\u015fti&#8230; <\/p>\n","protected":false},"excerpt":{"rendered":"<p>Cad\u0131 \u00c7iki t\u00fcm g\u00fcn temizlik yapm\u0131\u015f, \u00e7ok yorulmu\u015ftu. \u0130\u015fleri bir t\u00fcrl\u00fc bitmiyor, hep yeni bir \u015fey \u00e7\u0131k\u0131yordu. O g\u00fcnden sonra, Kedisi Piki\u2019nin tavsiyesi \u00fczerine Cad\u0131 \u00c7iki,<span class=\"excerpt-hellip\"> [\u2026]<\/span><\/p>\n","protected":false},"featured_media":0,"template":"","meta":{"_monsterinsights_skip_tracking":false,"_monsterinsights_sitenote_active":false,"_monsterinsights_sitenote_note":"","_monsterinsights_sitenote_category":0},"product_brand":[],"product_cat":[12913,12274],"product_tag":[],"class_list":{"0":"post-733408","1":"product","2":"type-product","3":"status-publish","5":"product_cat-3-6-yas-kitaplari","6":"product_cat-cocuk-ve-genclik-kitaplari","7":"pa_cilt-ciltsiz","8":"pa_tur-kitap","9":"pa_yayinevi-ithaki-yayinlari","10":"pa_yazar-ceylan-isin-koryurek","12":"first","13":"instock","14":"sale","15":"shipping-taxable","16":"purchasable","17":"product-type-simple"},"_links":{"self":[{"href":"https:\/\/roveyayinevi.com.tr\/index.php\/wp-json\/wp\/v2\/product\/733408","targetHints":{"allow":["GET"]}}],"collection":[{"href":"https:\/\/roveyayinevi.com.tr\/index.php\/wp-json\/wp\/v2\/product"}],"about":[{"href":"https:\/\/roveyayinevi.com.tr\/index.php\/wp-json\/wp\/v2\/types\/product"}],"wp:attachment":[{"href":"https:\/\/roveyayinevi.com.tr\/index.php\/wp-json\/wp\/v2\/media?parent=733408"}],"wp:term":[{"taxonomy":"product_brand","embeddable":true,"href":"https:\/\/roveyayinevi.com.tr\/index.php\/wp-json\/wp\/v2\/product_brand?post=733408"},{"taxonomy":"product_cat","embeddable":true,"href":"https:\/\/roveyayinevi.com.tr\/index.php\/wp-json\/wp\/v2\/product_cat?post=733408"},{"taxonomy":"product_tag","embeddable":true,"href":"https:\/\/roveyayinevi.com.tr\/index.php\/wp-json\/wp\/v2\/product_tag?post=733408"}],"curies":[{"name":"wp","href":"https:\/\/api.w.org\/{rel}","templated":true}]}}