{"id":733407,"date":"2025-08-27T22:09:05","date_gmt":"2025-08-27T19:09:05","guid":{"rendered":"https:\/\/roveyayinevi.com.tr\/index.php\/urun\/calderin-umudu\/"},"modified":"2026-04-16T02:41:27","modified_gmt":"2026-04-15T23:41:27","slug":"calderin-umudu","status":"publish","type":"product","link":"https:\/\/roveyayinevi.com.tr\/index.php\/urun\/calderin-umudu\/","title":{"rendered":"Calder\u2019\u0131n Umudu"},"content":{"rendered":"<p>E\u011fer gerekirse senin i\u00e7in tanr\u0131larla sava\u015f\u0131r\u0131m   Modern d\u00fcnyan\u0131n g\u00f6be\u011finde elektri\u011fin, tesisat\u0131n ve di\u011fer geli\u015fmi\u015f sistemlerin olmad\u0131\u011f\u0131 bir yer vard\u0131. Hayallere, ifade \u00f6zg\u00fcrl\u00fc\u011f\u00fcne, umuda izin vermeyen bir yer    Orada, bir tanr\u0131n\u0131n v\u00fccuduna ve bir sava\u015f\u00e7\u0131n\u0131n kalbine sahip bir gen\u00e7 ya\u015f\u0131yordu. Calder g\u00fc\u00e7l\u00fc, sad\u0131k ve onuruna d\u00fc\u015fk\u00fcn olsa da, kendisinden beklenenin \u00f6tesinde \u015feyleri hayal etmeye c\u00fcret etmi\u015fti.   Sonra bir g\u00fcn, meleklerinki gibi bir y\u00fcze ve \u00e7elikten bir cesarete sahip bir k\u0131z \u00e7\u0131kageldi. Herkesin g\u00f6z\u00fcnde o, itaatk\u00e2rl\u0131\u011f\u0131n v\u00fccut bulmu\u015f h\u00e2liydi. Fakat asl\u0131nda Eden\u2019\u0131n kalbinde bundan fazlas\u0131 yat\u0131yordu.   Ba\u011fl\u0131 olduklar\u0131 tarikat\u0131n lideri Hector\u2019\u0131n inan\u0131\u015f\u0131na g\u00f6re yak\u0131nda bir tufan kopacak, insanl\u0131k yery\u00fcz\u00fcnden silinecek ve sadece ger\u00e7ek inananlar cennete kavu\u015fabilecekti. Cennet Bah\u00e7eleri\u2019ne ula\u015fabilmelerinin ilk \u015fart\u0131, Eden\u2019\u0131n g\u00f6revlerini yerine getirmesiydi. Ancak kaderin farkl\u0131 planlar\u0131 vard\u0131. Calder ve Eden\u2019\u0131n aralar\u0131ndaki saf duygular zamanla a\u015fka d\u00f6nd\u00fc\u011f\u00fcnde, sars\u0131lmaz inan\u00e7lar\u0131n\u0131 sorgulamak ve yenilmez sand\u0131klar\u0131 g\u00fc\u00e7lere kafa tutmak zorunda kalacaklard\u0131. <\/p>\n","protected":false},"excerpt":{"rendered":"<p>E\u011fer gerekirse senin i\u00e7in tanr\u0131larla sava\u015f\u0131r\u0131m Modern d\u00fcnyan\u0131n g\u00f6be\u011finde elektri\u011fin, tesisat\u0131n ve di\u011fer geli\u015fmi\u015f sistemlerin olmad\u0131\u011f\u0131 bir yer vard\u0131. Hayallere, ifade \u00f6zg\u00fcrl\u00fc\u011f\u00fcne, umuda izin vermeyen bir<span class=\"excerpt-hellip\"> [\u2026]<\/span><\/p>\n","protected":false},"featured_media":0,"template":"","meta":{"_monsterinsights_skip_tracking":false,"_monsterinsights_sitenote_active":false,"_monsterinsights_sitenote_note":"","_monsterinsights_sitenote_category":0},"product_brand":[],"product_cat":[14643,12291],"product_tag":[],"class_list":{"0":"post-733407","1":"product","2":"type-product","3":"status-publish","5":"product_cat-ask","6":"product_cat-edebiyat","7":"pa_cilt-ciltsiz","8":"pa_tur-kitap","9":"pa_yayinevi-yabanci-yayinevi","10":"pa_yazar-mia-sheridan","12":"first","13":"instock","14":"sale","15":"shipping-taxable","16":"purchasable","17":"product-type-simple"},"_links":{"self":[{"href":"https:\/\/roveyayinevi.com.tr\/index.php\/wp-json\/wp\/v2\/product\/733407","targetHints":{"allow":["GET"]}}],"collection":[{"href":"https:\/\/roveyayinevi.com.tr\/index.php\/wp-json\/wp\/v2\/product"}],"about":[{"href":"https:\/\/roveyayinevi.com.tr\/index.php\/wp-json\/wp\/v2\/types\/product"}],"wp:attachment":[{"href":"https:\/\/roveyayinevi.com.tr\/index.php\/wp-json\/wp\/v2\/media?parent=733407"}],"wp:term":[{"taxonomy":"product_brand","embeddable":true,"href":"https:\/\/roveyayinevi.com.tr\/index.php\/wp-json\/wp\/v2\/product_brand?post=733407"},{"taxonomy":"product_cat","embeddable":true,"href":"https:\/\/roveyayinevi.com.tr\/index.php\/wp-json\/wp\/v2\/product_cat?post=733407"},{"taxonomy":"product_tag","embeddable":true,"href":"https:\/\/roveyayinevi.com.tr\/index.php\/wp-json\/wp\/v2\/product_tag?post=733407"}],"curies":[{"name":"wp","href":"https:\/\/api.w.org\/{rel}","templated":true}]}}