{"id":733406,"date":"2025-08-27T22:09:04","date_gmt":"2025-08-27T19:09:04","guid":{"rendered":"https:\/\/roveyayinevi.com.tr\/index.php\/urun\/kozadan-cikmak\/"},"modified":"2026-04-12T02:48:00","modified_gmt":"2026-04-11T23:48:00","slug":"kozadan-cikmak","status":"publish","type":"product","link":"https:\/\/roveyayinevi.com.tr\/index.php\/urun\/kozadan-cikmak\/","title":{"rendered":"Kozadan \u00c7\u0131kmak"},"content":{"rendered":"<p>\u201cEngelli bir \u00e7ocu\u011fun ya\u015fam m\u00fccadelesinde, ailenin saf sevgiyle \u00fcstlendi\u011fi m\u00fcthi\u015f bir tevekk\u00fcl \u00f6rne\u011fi. Kitap, okuyanlara ilham vermekle kalmay\u0131p b\u00f6yle bir durumda olan  herkese umut olacak. Bir insan\u0131n sadece bedenden olu\u015fmad\u0131\u011f\u0131n\u0131, \u00e7ok \u00f6zel ve g\u00fc\u00e7l\u00fc ruhsal bir varl\u0131k oldu\u011funa dair g\u00fc\u00e7l\u00fc ya\u015fanm\u0131\u015fl\u0131klara tan\u0131k olacaks\u0131n\u0131z.\u201d \u2500Mert G\u00dcLER &#8211; Yazar, Meditatif Ya\u015fam Ko\u00e7u   \u201cUzun s\u00fcredir b\u00f6yle i\u00e7ime i\u015fleyen ve beni derinden etkileyen bir kitaba denk gelmemi\u015ftim. Bana bir kez daha kendi matemati\u011fimle yarat\u0131c\u0131n\u0131n matemati\u011finin farkl\u0131 oldu\u011funu hat\u0131rlatt\u0131n. Nas\u0131l \u00f6zel bir insan ve annesin sen Beyza Bulut, ya\u015fad\u0131klar\u0131n ve m\u00fccadelen hepimize ilham verecek.\u201d \u2500I\u015f\u0131l Evrim Akg\u00fcn &#8211; Yazar, Psikolog   \u201cEngellerin \u00fczerine sevgiden k\u00f6pr\u00fc kurup sevdiklerinin ellerinden s\u0131ms\u0131k\u0131 tutmu\u015f bir annenin hayata g\u00fczel bak\u0131\u015f a\u00e7\u0131s\u0131n\u0131 ve t\u00fcm ailelere \u00f6rnek olabilecek m\u00fccadelesini anlatt\u0131\u011f\u0131 bu kitapta \u00f6\u011frenece\u011finiz, sizi yenileyecek \u00e7ok \u015fey var. Kozadan \u00e7\u0131kmak sizin de kabu\u011funuzu k\u0131r\u0131p sevgiyle d\u00fcnyan\u0131z\u0131 sarman\u0131z\u0131 sa\u011flayacak. \u201d \u2500Nazan Sultan Altun &#8211; Fizyoterapist   \u201cBu kitapta k\u00fc\u00e7\u00fcc\u00fck bir ipekb\u00f6ce\u011finin ya\u015fama \u0131srarla, inatla tutunma m\u00fccadelesine tan\u0131kl\u0131k ederken bir yandan da gencecik iki ebeveynin a\u015fk, umut ve mutluluk dolu hayat\u0131na kulak veriyoruz. G\u00fcc\u00fcn\u00fc sevgiden alan bu ailemiz, bir\u00e7ok engelli \u00e7ocuk ve anne babalar\u0131n\u0131n ya\u015fad\u0131\u011f\u0131 \u015fa\u015fk\u0131nl\u0131k kar\u015f\u0131s\u0131nda dimdik durup, t\u00fcm olumsuzluklara ve zorluklara ra\u011fmen hi\u00e7 d\u00fc\u015f\u00fcnmeden amans\u0131z m\u00fccadele ve fedak\u00e2rl\u0131klar\u0131na devam ediyorlar. \u2500Bah\u00e7elievler Empati \u00d6zel E\u011fitim Fizik Tedavi ve Rehabilitasyon Merkezi <\/p>\n","protected":false},"excerpt":{"rendered":"<p>\u201cEngelli bir \u00e7ocu\u011fun ya\u015fam m\u00fccadelesinde, ailenin saf sevgiyle \u00fcstlendi\u011fi m\u00fcthi\u015f bir tevekk\u00fcl \u00f6rne\u011fi. Kitap, okuyanlara ilham vermekle kalmay\u0131p b\u00f6yle bir durumda olan herkese umut olacak. Bir<span class=\"excerpt-hellip\"> [\u2026]<\/span><\/p>\n","protected":false},"featured_media":0,"template":"","meta":{"_monsterinsights_skip_tracking":false,"_monsterinsights_sitenote_active":false,"_monsterinsights_sitenote_note":"","_monsterinsights_sitenote_category":0},"product_brand":[],"product_cat":[12364,12376],"product_tag":[],"class_list":{"0":"post-733406","1":"product","2":"type-product","3":"status-publish","5":"product_cat-genel-konular","6":"product_cat-kisisel-gelisim","7":"pa_cilt-ciltsiz","8":"pa_tur-kitap","9":"pa_yayinevi-muptela-yayinevi","10":"pa_yazar-h-beyza-bulut","12":"first","13":"instock","14":"sale","15":"shipping-taxable","16":"purchasable","17":"product-type-simple"},"_links":{"self":[{"href":"https:\/\/roveyayinevi.com.tr\/index.php\/wp-json\/wp\/v2\/product\/733406","targetHints":{"allow":["GET"]}}],"collection":[{"href":"https:\/\/roveyayinevi.com.tr\/index.php\/wp-json\/wp\/v2\/product"}],"about":[{"href":"https:\/\/roveyayinevi.com.tr\/index.php\/wp-json\/wp\/v2\/types\/product"}],"wp:attachment":[{"href":"https:\/\/roveyayinevi.com.tr\/index.php\/wp-json\/wp\/v2\/media?parent=733406"}],"wp:term":[{"taxonomy":"product_brand","embeddable":true,"href":"https:\/\/roveyayinevi.com.tr\/index.php\/wp-json\/wp\/v2\/product_brand?post=733406"},{"taxonomy":"product_cat","embeddable":true,"href":"https:\/\/roveyayinevi.com.tr\/index.php\/wp-json\/wp\/v2\/product_cat?post=733406"},{"taxonomy":"product_tag","embeddable":true,"href":"https:\/\/roveyayinevi.com.tr\/index.php\/wp-json\/wp\/v2\/product_tag?post=733406"}],"curies":[{"name":"wp","href":"https:\/\/api.w.org\/{rel}","templated":true}]}}