{"id":733403,"date":"2025-08-27T22:08:59","date_gmt":"2025-08-27T19:08:59","guid":{"rendered":"https:\/\/roveyayinevi.com.tr\/index.php\/urun\/ozgurluk-ve-adalet-savascisi-aliya\/"},"modified":"2026-04-16T02:40:57","modified_gmt":"2026-04-15T23:40:57","slug":"ozgurluk-ve-adalet-savascisi-aliya","status":"publish","type":"product","link":"https:\/\/roveyayinevi.com.tr\/index.php\/urun\/ozgurluk-ve-adalet-savascisi-aliya\/","title":{"rendered":"\u00d6zg\u00fcrl\u00fck ve Adalet Sava\u015f\u00e7\u0131s\u0131 Aliya"},"content":{"rendered":"<p>Aliya k\u00fc\u00e7\u00fck ya\u015flar\u0131nda kurmaya ba\u015flar d\u00fcnyay\u0131 de\u011fi\u015ftirme hayallerini. D\u00fcnyay\u0131 de\u011fi\u015ftirmek i\u00e7in elbette sadece hayal kurmak yetmez, \u00e7al\u0131\u015fmak da gerekir.Y\u0131llar i\u00e7inde g\u00f6rd\u00fc\u011f\u00fc zul\u00fcmler, adaletsizlikler Aliya\u2019y\u0131 idealinden d\u00f6nd\u00fcrmez. D\u00fcnyay\u0131 de\u011fi\u015ftiremese de halk\u0131yla birlikte verdi\u011fi b\u00fcy\u00fck sava\u015f sonunda Bosna Hersek\u2019in kaderini de\u011fi\u015ftirir. Bosna Hersek art\u0131k \u00f6zg\u00fcr bir \u00fclkedir. Aliya da bu \u00f6zg\u00fcr \u00fclkenin ilk cumhurba\u015fkan\u0131 olur.Bu kitapta \u015fartlar ne kadar zor olursa olsun adaletten ve \u00f6zg\u00fcrl\u00fckten hi\u00e7bir zaman vazge\u00e7meyen Aliya \u0130zzetbegovi\u00e7\u2019in m\u00fccadelesini okuyacaks\u0131n\u0131z.<\/p>\n","protected":false},"excerpt":{"rendered":"<p>Aliya k\u00fc\u00e7\u00fck ya\u015flar\u0131nda kurmaya ba\u015flar d\u00fcnyay\u0131 de\u011fi\u015ftirme hayallerini. D\u00fcnyay\u0131 de\u011fi\u015ftirmek i\u00e7in elbette sadece hayal kurmak yetmez, \u00e7al\u0131\u015fmak da gerekir.Y\u0131llar i\u00e7inde g\u00f6rd\u00fc\u011f\u00fc zul\u00fcmler, adaletsizlikler Aliya\u2019y\u0131 idealinden d\u00f6nd\u00fcrmez.<span class=\"excerpt-hellip\"> [\u2026]<\/span><\/p>\n","protected":false},"featured_media":0,"template":"","meta":{"_monsterinsights_skip_tracking":false,"_monsterinsights_sitenote_active":false,"_monsterinsights_sitenote_note":"","_monsterinsights_sitenote_category":0},"product_brand":[],"product_cat":[14009,12291],"product_tag":[],"class_list":{"0":"post-733403","1":"product","2":"type-product","3":"status-publish","5":"product_cat-biyografi-otobiyografi-edebiyat","6":"product_cat-edebiyat","7":"pa_cilt-ciltsiz","8":"pa_tur-kitap","9":"pa_yayinevi-erdem-cocuk","10":"pa_yazar-meryem-ucar","12":"first","13":"instock","14":"sale","15":"shipping-taxable","16":"purchasable","17":"product-type-simple"},"_links":{"self":[{"href":"https:\/\/roveyayinevi.com.tr\/index.php\/wp-json\/wp\/v2\/product\/733403","targetHints":{"allow":["GET"]}}],"collection":[{"href":"https:\/\/roveyayinevi.com.tr\/index.php\/wp-json\/wp\/v2\/product"}],"about":[{"href":"https:\/\/roveyayinevi.com.tr\/index.php\/wp-json\/wp\/v2\/types\/product"}],"wp:attachment":[{"href":"https:\/\/roveyayinevi.com.tr\/index.php\/wp-json\/wp\/v2\/media?parent=733403"}],"wp:term":[{"taxonomy":"product_brand","embeddable":true,"href":"https:\/\/roveyayinevi.com.tr\/index.php\/wp-json\/wp\/v2\/product_brand?post=733403"},{"taxonomy":"product_cat","embeddable":true,"href":"https:\/\/roveyayinevi.com.tr\/index.php\/wp-json\/wp\/v2\/product_cat?post=733403"},{"taxonomy":"product_tag","embeddable":true,"href":"https:\/\/roveyayinevi.com.tr\/index.php\/wp-json\/wp\/v2\/product_tag?post=733403"}],"curies":[{"name":"wp","href":"https:\/\/api.w.org\/{rel}","templated":true}]}}