{"id":733402,"date":"2025-08-27T22:08:59","date_gmt":"2025-08-27T19:08:59","guid":{"rendered":"https:\/\/roveyayinevi.com.tr\/index.php\/urun\/yavas-hafif-sakin\/"},"modified":"2026-04-16T02:40:57","modified_gmt":"2026-04-15T23:40:57","slug":"yavas-hafif-sakin","status":"publish","type":"product","link":"https:\/\/roveyayinevi.com.tr\/index.php\/urun\/yavas-hafif-sakin\/","title":{"rendered":"Yava\u015f, Hafif, Sakin"},"content":{"rendered":"<p>Bedeni, kalbi ve ruhu y\u00fckler alt\u0131nda ezilen bir insan, tela\u015fla ko\u015fturarak ancak k\u00f6t\u00fc \u015fans\u0131 \u00e7a\u011f\u0131r\u0131r.   YAVA\u015eLA! Seni \u00e7\u0131lg\u0131nca akan hayat \u0131rma\u011f\u0131n\u0131n bilinmezleri i\u00e7inde yava\u015flamaya ve m\u00fcmk\u00fcnse bir nefeslik durmaya davet ediyorum.   HAF\u0130FLE! Kendini nas\u0131l olup da bir \u201ctatminsizlik, ka\u00e7\u0131\u015f ve aray\u0131\u015f\u201d sarmal\u0131na hapsetti\u011fini g\u00f6rebilirsen y\u00fcklerini b\u0131rakmak ve hafiflemek m\u00fcmk\u00fcn.   SAK\u0130N OL! Hayat kutsal bir oyun ve t\u00fcm k\u00e2inat, senin oyuna k\u00fcs\u00fcp k\u00f6\u015fene \u00e7ekilmeni de\u011fil oyuna kat\u0131lman\u0131 ve \u00f6mr\u00fcn\u00fcn hakk\u0131n\u0131 vermeni sab\u0131rs\u0131zl\u0131kla bekliyor. <\/p>\n","protected":false},"excerpt":{"rendered":"<p>Bedeni, kalbi ve ruhu y\u00fckler alt\u0131nda ezilen bir insan, tela\u015fla ko\u015fturarak ancak k\u00f6t\u00fc \u015fans\u0131 \u00e7a\u011f\u0131r\u0131r. YAVA\u015eLA! Seni \u00e7\u0131lg\u0131nca akan hayat \u0131rma\u011f\u0131n\u0131n bilinmezleri i\u00e7inde yava\u015flamaya ve m\u00fcmk\u00fcnse<span class=\"excerpt-hellip\"> [\u2026]<\/span><\/p>\n","protected":false},"featured_media":0,"template":"","meta":{"_monsterinsights_skip_tracking":false,"_monsterinsights_sitenote_active":false,"_monsterinsights_sitenote_note":"","_monsterinsights_sitenote_category":0},"product_brand":[],"product_cat":[12364,12376],"product_tag":[],"class_list":{"0":"post-733402","1":"product","2":"type-product","3":"status-publish","5":"product_cat-genel-konular","6":"product_cat-kisisel-gelisim","7":"pa_cilt-ciltsiz","8":"pa_tur-kitap","9":"pa_yayinevi-destek-yayinlari","10":"pa_yazar-ali-karakus","12":"first","13":"instock","14":"sale","15":"shipping-taxable","16":"purchasable","17":"product-type-simple"},"_links":{"self":[{"href":"https:\/\/roveyayinevi.com.tr\/index.php\/wp-json\/wp\/v2\/product\/733402","targetHints":{"allow":["GET"]}}],"collection":[{"href":"https:\/\/roveyayinevi.com.tr\/index.php\/wp-json\/wp\/v2\/product"}],"about":[{"href":"https:\/\/roveyayinevi.com.tr\/index.php\/wp-json\/wp\/v2\/types\/product"}],"wp:attachment":[{"href":"https:\/\/roveyayinevi.com.tr\/index.php\/wp-json\/wp\/v2\/media?parent=733402"}],"wp:term":[{"taxonomy":"product_brand","embeddable":true,"href":"https:\/\/roveyayinevi.com.tr\/index.php\/wp-json\/wp\/v2\/product_brand?post=733402"},{"taxonomy":"product_cat","embeddable":true,"href":"https:\/\/roveyayinevi.com.tr\/index.php\/wp-json\/wp\/v2\/product_cat?post=733402"},{"taxonomy":"product_tag","embeddable":true,"href":"https:\/\/roveyayinevi.com.tr\/index.php\/wp-json\/wp\/v2\/product_tag?post=733402"}],"curies":[{"name":"wp","href":"https:\/\/api.w.org\/{rel}","templated":true}]}}