{"id":733400,"date":"2025-08-27T22:08:57","date_gmt":"2025-08-27T19:08:57","guid":{"rendered":"https:\/\/roveyayinevi.com.tr\/index.php\/urun\/bu-noktaya-nasil-geldik\/"},"modified":"2026-04-16T02:40:57","modified_gmt":"2026-04-15T23:40:57","slug":"bu-noktaya-nasil-geldik","status":"publish","type":"product","link":"https:\/\/roveyayinevi.com.tr\/index.php\/urun\/bu-noktaya-nasil-geldik\/","title":{"rendered":"Bu Noktaya Nas\u0131l Geldik?"},"content":{"rendered":"<p>\u201cPara; a\u00e7lar\u0131, umutsuzlar\u0131, k\u0131r\u0131lm\u0131\u015flar\u0131, a\u00e7g\u00f6zl\u00fcleri, muhta\u00e7lar\u0131 ba\u015ftan \u00e7\u0131karmaya devam etti\u011fi s\u00fcrece karde\u015fler aras\u0131nda her zaman sava\u015f olacakt\u0131r.\u201d Kitaptaki sayfalar, insanl\u0131\u011f\u0131n b\u00fcy\u00fck bir d\u00f6n\u00fc\u015f\u00fcm ya\u015fad\u0131\u011f\u0131 tarihin bu tuhaf an\u0131nda, bir Japon\u2019un bak\u0131\u015f a\u00e7\u0131s\u0131yla, Ortado\u011fu d\u00fczeninin i\u00e7inden ge\u00e7ti\u011fi d\u00f6n\u00fcm noktalar\u0131n\u0131 anlatmaktad\u0131r. Bu kitap, s\u00fcrekli bir de\u011fi\u015fim halinde olan ve Covid-19 pandemisinin karanl\u0131\u011f\u0131nda de\u011fi\u015fim s\u00fcreci iyice h\u0131zlanan Ortado\u011fu ve Do\u011fu Asya uluslararas\u0131 siyasetine \u0131\u015f\u0131k tutan bir projekt\u00f6r g\u00f6revindedir. Satoshi Ikeuchi, Tokyo \u00dcniversitesi \u0130leri Bilim ve Teknoloji Ara\u015ft\u0131rma Merkezi\u2019nde (RCAST) Din ve K\u00fcresel G\u00fcvenlik Profes\u00f6r\u00fc\u2019d\u00fcr. Ortado\u011fu siyasetinde uzmanla\u015fm\u0131\u015ft\u0131r. Ayn\u0131 zamanda uluslararas\u0131 ve b\u00f6lgesel \u00e7al\u0131\u015fmalar \u00fczerine ara\u015ft\u0131rmalar\u0131n merkezi olan RCAST Acil Stratejiler A\u00e7\u0131k Laboratuvar\u0131\u2019n\u0131 idare etmektedir. <\/p>\n","protected":false},"excerpt":{"rendered":"<p>\u201cPara; a\u00e7lar\u0131, umutsuzlar\u0131, k\u0131r\u0131lm\u0131\u015flar\u0131, a\u00e7g\u00f6zl\u00fcleri, muhta\u00e7lar\u0131 ba\u015ftan \u00e7\u0131karmaya devam etti\u011fi s\u00fcrece karde\u015fler aras\u0131nda her zaman sava\u015f olacakt\u0131r.\u201d Kitaptaki sayfalar, insanl\u0131\u011f\u0131n b\u00fcy\u00fck bir d\u00f6n\u00fc\u015f\u00fcm ya\u015fad\u0131\u011f\u0131 tarihin bu<span class=\"excerpt-hellip\"> [\u2026]<\/span><\/p>\n","protected":false},"featured_media":0,"template":"","meta":{"_monsterinsights_skip_tracking":false,"_monsterinsights_sitenote_active":false,"_monsterinsights_sitenote_note":"","_monsterinsights_sitenote_category":0},"product_brand":[],"product_cat":[13590,12337],"product_tag":[],"class_list":{"0":"post-733400","1":"product","2":"type-product","3":"status-publish","5":"product_cat-arastirma-inceleme-politika-siyaset","6":"product_cat-politika-siyaset","7":"pa_cilt-ciltsiz","8":"pa_tur-kitap","9":"pa_yayinevi-destek-yayinlari","10":"pa_yazar-satoshi-ikeuchi","12":"first","13":"instock","14":"sale","15":"shipping-taxable","16":"purchasable","17":"product-type-simple"},"_links":{"self":[{"href":"https:\/\/roveyayinevi.com.tr\/index.php\/wp-json\/wp\/v2\/product\/733400","targetHints":{"allow":["GET"]}}],"collection":[{"href":"https:\/\/roveyayinevi.com.tr\/index.php\/wp-json\/wp\/v2\/product"}],"about":[{"href":"https:\/\/roveyayinevi.com.tr\/index.php\/wp-json\/wp\/v2\/types\/product"}],"wp:attachment":[{"href":"https:\/\/roveyayinevi.com.tr\/index.php\/wp-json\/wp\/v2\/media?parent=733400"}],"wp:term":[{"taxonomy":"product_brand","embeddable":true,"href":"https:\/\/roveyayinevi.com.tr\/index.php\/wp-json\/wp\/v2\/product_brand?post=733400"},{"taxonomy":"product_cat","embeddable":true,"href":"https:\/\/roveyayinevi.com.tr\/index.php\/wp-json\/wp\/v2\/product_cat?post=733400"},{"taxonomy":"product_tag","embeddable":true,"href":"https:\/\/roveyayinevi.com.tr\/index.php\/wp-json\/wp\/v2\/product_tag?post=733400"}],"curies":[{"name":"wp","href":"https:\/\/api.w.org\/{rel}","templated":true}]}}