{"id":733398,"date":"2025-08-27T22:08:55","date_gmt":"2025-08-27T19:08:55","guid":{"rendered":"https:\/\/roveyayinevi.com.tr\/index.php\/urun\/evrendeki-son-hazine\/"},"modified":"2026-04-16T02:40:57","modified_gmt":"2026-04-15T23:40:57","slug":"evrendeki-son-hazine","status":"publish","type":"product","link":"https:\/\/roveyayinevi.com.tr\/index.php\/urun\/evrendeki-son-hazine\/","title":{"rendered":"Evrendeki Son Hazine"},"content":{"rendered":"<p>Hayalle \u00f6r\u00fclen hikayelerin i\u00e7inde nice s\u0131rlar, \u00f6\u011f\u00fctler gizlidir. Yery\u00fcz\u00fcndeki her \u015feyin bir hikayesi vard\u0131r. D\u00fcnyadaki hayat bile bir hikaye ile ba\u015flar. Her insan\u0131n da kendine ait bir hikayesi vard\u0131r. Bir haber \u00e7ekimi i\u00e7in teyzesiyle birlikte havaalan\u0131na giden Eren\u2019in hikayesi de gizemli, ya\u015fl\u0131 bir adamla kar\u015f\u0131la\u015fmas\u0131yla ba\u015flar. Ya\u015fl\u0131 adam\u0131n anlatt\u0131klar\u0131, teyzesinin hayat\u0131n\u0131 de\u011fi\u015ftirecek bir haberin kayna\u011f\u0131d\u0131r. Bu kayna\u011fa ula\u015fmak isteyen teyzesiyle birlikte yolculu\u011fa \u00e7\u0131kan Eren\u2019i farkl\u0131 s\u00fcrprizler beklemektedir.Teyzesi haber pe\u015findeyken Eren hazine pe\u015fine d\u00fc\u015fer. Arad\u0131\u011f\u0131 \u015feyin evrendeki hem ilk hem son hazine oldu\u011funun fark\u0131nda de\u011fildir. Arad\u0131\u011f\u0131n\u0131 bulmas\u0131n\u0131n ise tek yolu vard\u0131r: Vazge\u00e7memek.Kim bu hikayenin ger\u00e7ek kahraman\u0131n\u0131 tan\u0131rsa t\u00fcm kalbiyle sever onu. Sevdi\u011fi zaman ona benzemek ister. Benzedi\u011finde de evrendeki hazineyi ke\u015ffeder.Evrendeki Son Hazine, Eren\u2019in biraz fantastik biraz ger\u00e7ek bir kurguyla Peygamber Efendimizi tan\u0131ma ve anlama yolculu\u011funu anlat\u0131yor.<\/p>\n","protected":false},"excerpt":{"rendered":"<p>Hayalle \u00f6r\u00fclen hikayelerin i\u00e7inde nice s\u0131rlar, \u00f6\u011f\u00fctler gizlidir. Yery\u00fcz\u00fcndeki her \u015feyin bir hikayesi vard\u0131r. D\u00fcnyadaki hayat bile bir hikaye ile ba\u015flar. Her insan\u0131n da kendine ait<span class=\"excerpt-hellip\"> [\u2026]<\/span><\/p>\n","protected":false},"featured_media":0,"template":"","meta":{"_monsterinsights_skip_tracking":false,"_monsterinsights_sitenote_active":false,"_monsterinsights_sitenote_note":"","_monsterinsights_sitenote_category":0},"product_brand":[],"product_cat":[12291,12711],"product_tag":[],"class_list":{"0":"post-733398","1":"product","2":"type-product","3":"status-publish","5":"product_cat-edebiyat","6":"product_cat-roman-oyku","7":"pa_cilt-ciltsiz","8":"pa_tur-kitap","9":"pa_yayinevi-dus-degirmeni","10":"pa_yazar-figen-yaman-cosar","12":"first","13":"instock","14":"sale","15":"shipping-taxable","16":"purchasable","17":"product-type-simple"},"_links":{"self":[{"href":"https:\/\/roveyayinevi.com.tr\/index.php\/wp-json\/wp\/v2\/product\/733398","targetHints":{"allow":["GET"]}}],"collection":[{"href":"https:\/\/roveyayinevi.com.tr\/index.php\/wp-json\/wp\/v2\/product"}],"about":[{"href":"https:\/\/roveyayinevi.com.tr\/index.php\/wp-json\/wp\/v2\/types\/product"}],"wp:attachment":[{"href":"https:\/\/roveyayinevi.com.tr\/index.php\/wp-json\/wp\/v2\/media?parent=733398"}],"wp:term":[{"taxonomy":"product_brand","embeddable":true,"href":"https:\/\/roveyayinevi.com.tr\/index.php\/wp-json\/wp\/v2\/product_brand?post=733398"},{"taxonomy":"product_cat","embeddable":true,"href":"https:\/\/roveyayinevi.com.tr\/index.php\/wp-json\/wp\/v2\/product_cat?post=733398"},{"taxonomy":"product_tag","embeddable":true,"href":"https:\/\/roveyayinevi.com.tr\/index.php\/wp-json\/wp\/v2\/product_tag?post=733398"}],"curies":[{"name":"wp","href":"https:\/\/api.w.org\/{rel}","templated":true}]}}