{"id":733395,"date":"2025-08-27T22:08:53","date_gmt":"2025-08-27T19:08:53","guid":{"rendered":"https:\/\/roveyayinevi.com.tr\/index.php\/urun\/mukaddes-kitapin-yorumu\/"},"modified":"2026-04-16T02:40:57","modified_gmt":"2026-04-15T23:40:57","slug":"mukaddes-kitapin-yorumu","status":"publish","type":"product","link":"https:\/\/roveyayinevi.com.tr\/index.php\/urun\/mukaddes-kitapin-yorumu\/","title":{"rendered":"Mukaddes Kitap&#8217;\u0131n Yorumu"},"content":{"rendered":"<p>Isaac Newton (1643-1727) bilim tarihinde k\u00f6\u015fe ta\u015f\u0131 bilim insanlar\u0131ndan birisidir. 1687 y\u0131l\u0131nda yay\u0131mlanan eseri Philosophie Naturalis Principia Mathematica (Do\u011fa Felsefesinin Matematiksel \u0130lkeleri) ile u\u00e7aklar\u0131m\u0131z\u0131 u\u00e7uran, arabalar\u0131n ve g\u00fcnl\u00fck hayatta kulland\u0131\u011f\u0131m\u0131z di\u011fer e\u015fyalar\u0131n yap\u0131m\u0131nda kullan\u0131lan klasik mekani\u011fin temellerini att\u0131. Newton, evrensel \u00e7ekim kanununu ve kendi ad\u0131yla an\u0131lan \u00fc\u00e7 me\u015fhur hareket yasas\u0131n\u0131 ke\u015ffetmi\u015f ve matematiksel olarak form\u00fcle etmi\u015ftir. Gezegenlerin eliptik y\u00f6r\u00fcngelerde hareket etmesi gerekti\u011fini ve G\u00fcne\u015f\u2019in sistemimizin merkezinde olmas\u0131 gerekti\u011fini matematiksel olarak g\u00f6stermi\u015f, b\u00f6ylece D\u00fcnya merkezli Evren anlay\u0131\u015f\u0131n\u0131n sonunu getirmi\u015ftir. Bug\u00fcn halen kullan\u0131lan aynal\u0131 teleskopu o geli\u015ftirmi\u015f, b\u00f6ylece kendisinden \u00f6ncekilerden daha sa\u011fl\u0131kl\u0131 g\u00f6zlemler yap\u0131lmas\u0131n\u0131 olanakl\u0131 k\u0131lm\u0131\u015ft\u0131r. Newton ayn\u0131 zamanda tarihin en \u00f6nemli matematik\u00e7ilerden biridir. Ancak Newton bir bilim insan\u0131 olman\u0131n yan\u0131nda inan\u00e7l\u0131 bir insand\u0131r ve bunu olduk\u00e7a \u00f6nemsemektedir. Elinizdeki kitap ile Newton\u2019un bir teolog, Din Tarih\u00e7isi olarak kar\u015f\u0131n\u0131zda durmakta, titiz \u00f6rd\u00fc\u011f\u00fc eserinde H\u0131ristiyanl\u0131k inanc\u0131n\u0131n tarihsel s\u00fcrecini g\u00f6zler \u00f6n\u00fcne sermektedir. Mirhan Kitap Sir Isaac Newton\u2019un eserini ayn\u0131 titizlikle okurlar\u0131na sunmaktan k\u0131van\u00e7 duymaktad\u0131r.<\/p>\n","protected":false},"excerpt":{"rendered":"<p>Isaac Newton (1643-1727) bilim tarihinde k\u00f6\u015fe ta\u015f\u0131 bilim insanlar\u0131ndan birisidir. 1687 y\u0131l\u0131nda yay\u0131mlanan eseri Philosophie Naturalis Principia Mathematica (Do\u011fa Felsefesinin Matematiksel \u0130lkeleri) ile u\u00e7aklar\u0131m\u0131z\u0131 u\u00e7uran, arabalar\u0131n<span class=\"excerpt-hellip\"> [\u2026]<\/span><\/p>\n","protected":false},"featured_media":0,"template":"","meta":{"_monsterinsights_skip_tracking":false,"_monsterinsights_sitenote_active":false,"_monsterinsights_sitenote_note":"","_monsterinsights_sitenote_category":0},"product_brand":[],"product_cat":[19998,12388],"product_tag":[],"class_list":{"0":"post-733395","1":"product","2":"type-product","3":"status-publish","5":"product_cat-din-felsefesi","6":"product_cat-felsefe","7":"pa_cilt-ciltsiz","8":"pa_tur-kitap","9":"pa_yayinevi-mirhan-kitap","10":"pa_yazar-isaac-newton","12":"first","13":"instock","14":"sale","15":"shipping-taxable","16":"purchasable","17":"product-type-simple"},"_links":{"self":[{"href":"https:\/\/roveyayinevi.com.tr\/index.php\/wp-json\/wp\/v2\/product\/733395","targetHints":{"allow":["GET"]}}],"collection":[{"href":"https:\/\/roveyayinevi.com.tr\/index.php\/wp-json\/wp\/v2\/product"}],"about":[{"href":"https:\/\/roveyayinevi.com.tr\/index.php\/wp-json\/wp\/v2\/types\/product"}],"wp:attachment":[{"href":"https:\/\/roveyayinevi.com.tr\/index.php\/wp-json\/wp\/v2\/media?parent=733395"}],"wp:term":[{"taxonomy":"product_brand","embeddable":true,"href":"https:\/\/roveyayinevi.com.tr\/index.php\/wp-json\/wp\/v2\/product_brand?post=733395"},{"taxonomy":"product_cat","embeddable":true,"href":"https:\/\/roveyayinevi.com.tr\/index.php\/wp-json\/wp\/v2\/product_cat?post=733395"},{"taxonomy":"product_tag","embeddable":true,"href":"https:\/\/roveyayinevi.com.tr\/index.php\/wp-json\/wp\/v2\/product_tag?post=733395"}],"curies":[{"name":"wp","href":"https:\/\/api.w.org\/{rel}","templated":true}]}}