{"id":733394,"date":"2025-08-27T22:08:51","date_gmt":"2025-08-27T19:08:51","guid":{"rendered":"https:\/\/roveyayinevi.com.tr\/index.php\/urun\/hayvan-ciftligi-23\/"},"modified":"2026-04-16T02:40:57","modified_gmt":"2026-04-15T23:40:57","slug":"hayvan-ciftligi-23","status":"publish","type":"product","link":"https:\/\/roveyayinevi.com.tr\/index.php\/urun\/hayvan-ciftligi-23\/","title":{"rendered":"Hayvan \u00c7iftli\u011fi"},"content":{"rendered":"<p>Hayvan \u00c7iftli\u011fi, George Orwell taraf\u0131ndan 17 A\u011fustos 1945\u2019te \u0130ngiltere\u2019de yay\u0131mlanan alegorik bir roman. Kitap, hayvanlar\u0131n e\u015fit, \u00f6zg\u00fcr ve mutlu olabilece\u011fi bir toplum yaratma umuduyla insan \u00e7ift\u00e7ilerine isyan eden bir grup \u00e7iftlik hayvan\u0131n\u0131n hik\u00e2yesini anlat\u0131yor. Ancak nihayetinde isyan \u201cihanete\u201d u\u011fruyor ve \u00e7iftli\u011fin, Napolyon adl\u0131 bir domuzun diktat\u00f6rl\u00fc\u011f\u00fc alt\u0131nda eskisi kadar k\u00f6t\u00fc bir duruma d\u00fc\u015fmesi politik bir hiciv olarak sunuluyor.Time Dergisi kitab\u0131 en iyi 100 \u0130ngilizce romandan biri olarak se\u00e7ti (1923\u2019ten 2005\u2019e kadar); En \u0130yi 20. Y\u00fczy\u0131l Romanlar\u0131 Modern K\u00fct\u00fcphane Listesi\u2019nde 31. s\u0131rada ve. BBC\u2019in ulusun en sevilen roman\u0131n\u0131 bulmak amac\u0131yla yapt\u0131\u011f\u0131 \u201cThe Big Read\u201d anketinde 46. s\u0131rada yer ald\u0131. 1996\u2019da Hugo \u00d6d\u00fcl\u00fc kazand\u0131 ve \u201cGreat Books of the Western World\u201d (Bat\u0131 D\u00fcnyas\u0131n\u0131n B\u00fcy\u00fck Kitaplar\u0131) se\u00e7kisine d\u00e2hil edildi.<\/p>\n","protected":false},"excerpt":{"rendered":"<p>Hayvan \u00c7iftli\u011fi, George Orwell taraf\u0131ndan 17 A\u011fustos 1945\u2019te \u0130ngiltere\u2019de yay\u0131mlanan alegorik bir roman. Kitap, hayvanlar\u0131n e\u015fit, \u00f6zg\u00fcr ve mutlu olabilece\u011fi bir toplum yaratma umuduyla insan \u00e7ift\u00e7ilerine<span class=\"excerpt-hellip\"> [\u2026]<\/span><\/p>\n","protected":false},"featured_media":0,"template":"","meta":{"_monsterinsights_skip_tracking":false,"_monsterinsights_sitenote_active":false,"_monsterinsights_sitenote_note":"","_monsterinsights_sitenote_category":0},"product_brand":[],"product_cat":[12291,12711],"product_tag":[],"class_list":{"0":"post-733394","1":"product","2":"type-product","3":"status-publish","5":"product_cat-edebiyat","6":"product_cat-roman-oyku","7":"pa_cilt-ciltsiz","8":"pa_tur-kitap","9":"pa_yayinevi-mirhan-kitap","10":"pa_yazar-george-orwell","12":"first","13":"instock","14":"sale","15":"shipping-taxable","16":"purchasable","17":"product-type-simple"},"_links":{"self":[{"href":"https:\/\/roveyayinevi.com.tr\/index.php\/wp-json\/wp\/v2\/product\/733394","targetHints":{"allow":["GET"]}}],"collection":[{"href":"https:\/\/roveyayinevi.com.tr\/index.php\/wp-json\/wp\/v2\/product"}],"about":[{"href":"https:\/\/roveyayinevi.com.tr\/index.php\/wp-json\/wp\/v2\/types\/product"}],"wp:attachment":[{"href":"https:\/\/roveyayinevi.com.tr\/index.php\/wp-json\/wp\/v2\/media?parent=733394"}],"wp:term":[{"taxonomy":"product_brand","embeddable":true,"href":"https:\/\/roveyayinevi.com.tr\/index.php\/wp-json\/wp\/v2\/product_brand?post=733394"},{"taxonomy":"product_cat","embeddable":true,"href":"https:\/\/roveyayinevi.com.tr\/index.php\/wp-json\/wp\/v2\/product_cat?post=733394"},{"taxonomy":"product_tag","embeddable":true,"href":"https:\/\/roveyayinevi.com.tr\/index.php\/wp-json\/wp\/v2\/product_tag?post=733394"}],"curies":[{"name":"wp","href":"https:\/\/api.w.org\/{rel}","templated":true}]}}