{"id":733389,"date":"2025-08-27T22:08:46","date_gmt":"2025-08-27T19:08:46","guid":{"rendered":"https:\/\/roveyayinevi.com.tr\/index.php\/urun\/kuran-i-kerim-ve-turkce-meali\/"},"modified":"2026-02-03T02:57:47","modified_gmt":"2026-02-02T23:57:47","slug":"kuran-i-kerim-ve-turkce-meali","status":"publish","type":"product","link":"https:\/\/roveyayinevi.com.tr\/index.php\/urun\/kuran-i-kerim-ve-turkce-meali\/","title":{"rendered":"Kur\u2019an-\u0131 Kerim ve T\u00fcrk\u00e7e Meali"},"content":{"rendered":"<p>Ayetleri Allah taraf\u0131ndan, Cebrail arac\u0131l\u0131\u011f\u0131 ile Hz. Muhammed\u2019e vahiyler halinde indirilen Kur\u2019\u00e2n-\u0131 Kerim, \u0130sl\u00e2m \u00e2leminin kutsal kitab\u0131d\u0131r. Hz. Muhammed\u2019in ger\u00e7ek bir peygamber oldu\u011funun kan\u0131t\u0131 ve en b\u00fcy\u00fck mucizesi Kur\u2019an-\u0131 Kerim\u2019dir.114 sure ve 6666 ayetten olu\u015fan kutsal kitab\u0131m\u0131z Kur\u2019\u00e2n-\u0131 Kerim\u2019de; \u0130sl\u00e2m dininin h\u00fck\u00fcmleri, ahl\u00e2k ve inan\u00e7 hakk\u0131ndaki kaideler, Allah\u2019\u0131n varl\u0131\u011f\u0131 ve birli\u011fi, Hz. Muhammed\u2019in kutsiyeti ve \u0130sl\u00e2m\u2019\u0131 yaymak ad\u0131na verdi\u011fi m\u00fccadeleler, d\u00fcnya \u00fczerinde var olmu\u015f t\u00fcm peygamberlerin mucizeleri ve iyi bir m\u00fcmin olman\u0131n yollar\u0131 aktar\u0131lm\u0131\u015ft\u0131r. Ayr\u0131ca Kur\u2019\u00e2n-\u0131 Kerim, fesahat ve belagat sahas\u0131nda da ilk ve en m\u00fckemmel \u00f6rnek olarak kabul edilir. \u0130sl\u00e2m inanc\u0131na g\u00f6re, Kur\u2019\u00e2n-\u0131 Kerim\u2019in bir benzeri k\u0131yamete dek indirilmeyecektir. O, d\u00fcnya \u00fczerinde var olmu\u015f son kutsal kitapt\u0131r.De ki: \u201cAnt olsun ki, bu Kur\u2019\u00e2n\u2019\u0131n bir benzerini ortaya koymak \u00fczere, insanlar ve cinler bir araya toplan\u0131p birbirine destek olsalar da, onun benzerini ortaya getiremezler.\u201d (\u0130sra: 88)<\/p>\n","protected":false},"excerpt":{"rendered":"<p>Ayetleri Allah taraf\u0131ndan, Cebrail arac\u0131l\u0131\u011f\u0131 ile Hz. Muhammed\u2019e vahiyler halinde indirilen Kur\u2019\u00e2n-\u0131 Kerim, \u0130sl\u00e2m \u00e2leminin kutsal kitab\u0131d\u0131r. Hz. Muhammed\u2019in ger\u00e7ek bir peygamber oldu\u011funun kan\u0131t\u0131 ve en<span class=\"excerpt-hellip\"> [\u2026]<\/span><\/p>\n","protected":false},"featured_media":0,"template":"","meta":{"_monsterinsights_skip_tracking":false,"_monsterinsights_sitenote_active":false,"_monsterinsights_sitenote_note":"","_monsterinsights_sitenote_category":0},"product_brand":[],"product_cat":[12718,12719,17284],"product_tag":[],"class_list":{"0":"post-733389","1":"product","2":"type-product","3":"status-publish","5":"product_cat-din","6":"product_cat-islam","7":"product_cat-kuran-ve-kuran-uzerine","8":"pa_cilt-ciltsiz","9":"pa_tur-kitap","10":"pa_yayinevi-mirhan-kitap","11":"pa_yazar-elmalili-muhammed-hamdi-yazir","13":"first","14":"instock","15":"sale","16":"shipping-taxable","17":"purchasable","18":"product-type-simple"},"_links":{"self":[{"href":"https:\/\/roveyayinevi.com.tr\/index.php\/wp-json\/wp\/v2\/product\/733389","targetHints":{"allow":["GET"]}}],"collection":[{"href":"https:\/\/roveyayinevi.com.tr\/index.php\/wp-json\/wp\/v2\/product"}],"about":[{"href":"https:\/\/roveyayinevi.com.tr\/index.php\/wp-json\/wp\/v2\/types\/product"}],"wp:attachment":[{"href":"https:\/\/roveyayinevi.com.tr\/index.php\/wp-json\/wp\/v2\/media?parent=733389"}],"wp:term":[{"taxonomy":"product_brand","embeddable":true,"href":"https:\/\/roveyayinevi.com.tr\/index.php\/wp-json\/wp\/v2\/product_brand?post=733389"},{"taxonomy":"product_cat","embeddable":true,"href":"https:\/\/roveyayinevi.com.tr\/index.php\/wp-json\/wp\/v2\/product_cat?post=733389"},{"taxonomy":"product_tag","embeddable":true,"href":"https:\/\/roveyayinevi.com.tr\/index.php\/wp-json\/wp\/v2\/product_tag?post=733389"}],"curies":[{"name":"wp","href":"https:\/\/api.w.org\/{rel}","templated":true}]}}