{"id":733383,"date":"2025-08-27T22:08:40","date_gmt":"2025-08-27T19:08:40","guid":{"rendered":"https:\/\/roveyayinevi.com.tr\/index.php\/urun\/gezgin-oykuler\/"},"modified":"2026-04-16T02:40:57","modified_gmt":"2026-04-15T23:40:57","slug":"gezgin-oykuler","status":"publish","type":"product","link":"https:\/\/roveyayinevi.com.tr\/index.php\/urun\/gezgin-oykuler\/","title":{"rendered":"Gezgin \u00d6yk\u00fcler"},"content":{"rendered":"<p>Tiyatro ve \u015farap tanr\u0131s\u0131 Dionysos\u2019un e\u011fitmeni ve yak\u0131n dostu olarak bilinen Silenos, g\u00fcn\u00fcn birinde, Frig Kral\u0131 Midas\u2019a zorunlu olarak misafir olur. Kral, bilgeli\u011fi ve bir o kadar da sarho\u015flu\u011fu ile \u00fcnlenmi\u015f, ge\u00e7mi\u015fi tan\u0131yan, gelece\u011fi de g\u00f6ren Silenos\u2019u b\u00fcy\u00fck bir mutlulukla misafir eder. \u00d6yk\u00fclerin anlat\u0131c\u0131s\u0131 Silenos, hem tanr\u0131 hem de insanlar\u0131n d\u00fcnyas\u0131na a\u015final\u0131\u011f\u0131 olan mitolojik bir karakterdir. Midas, bu ya\u015fl\u0131 bilgenin misafir kald\u0131\u011f\u0131 on g\u00fcn i\u00e7erisinde, onun tatl\u0131 diliyle anlatt\u0131\u011f\u0131 \u00f6yk\u00fcleri b\u00fcy\u00fck bir merakla dinler.Silenos\u2019un anlatt\u0131\u011f\u0131 \u00f6yk\u00fcler, birer mitos olarak tanr\u0131larla \u00f6l\u00fcml\u00fcler d\u00fcnyas\u0131 aras\u0131nda bir oraya bir buraya savrulur ve o \u00f6yk\u00fclerde anlat\u0131lan soyut ki\u015fi veya olaylar\u0131n aya\u011f\u0131 yere basmaya ba\u015flar ve bir epos\u2019a d\u00f6n\u00fc\u015ferek somutla\u015f\u0131r ve en sonunda bir deyi\u015fe veya bir terime evrilir, logos\/logia olur.Uzun y\u0131llar rehber olarak Anadolu\u2019yu yabanc\u0131 misafirlere tan\u0131tan \u00dcnal G\u00fcven, mitoloji \u00f6yk\u00fclerini tam bir hik\u00e2ye anlat\u0131c\u0131s\u0131 olarak bir araya getiriyor. Tarih merakl\u0131s\u0131 gezginlerin ba\u015fucu kitab\u0131 olacak bu eser, mitolojiye bak\u0131\u015f a\u00e7\u0131n\u0131z\u0131 k\u00f6kten de\u011fi\u015ftirecek.Not: Renkli bask\u0131 resim galerisi vard\u0131r.<\/p>\n","protected":false},"excerpt":{"rendered":"<p>Tiyatro ve \u015farap tanr\u0131s\u0131 Dionysos\u2019un e\u011fitmeni ve yak\u0131n dostu olarak bilinen Silenos, g\u00fcn\u00fcn birinde, Frig Kral\u0131 Midas\u2019a zorunlu olarak misafir olur. Kral, bilgeli\u011fi ve bir o<span class=\"excerpt-hellip\"> [\u2026]<\/span><\/p>\n","protected":false},"featured_media":0,"template":"","meta":{"_monsterinsights_skip_tracking":false,"_monsterinsights_sitenote_active":false,"_monsterinsights_sitenote_note":"","_monsterinsights_sitenote_category":0},"product_brand":[],"product_cat":[12312,12304],"product_tag":[],"class_list":{"0":"post-733383","1":"product","2":"type-product","3":"status-publish","5":"product_cat-diger","6":"product_cat-tarih","7":"pa_cilt-ciltsiz","8":"pa_tur-kitap","9":"pa_yayinevi-yediveren-yayinlari","10":"pa_yazar-unal-guven","12":"first","13":"instock","14":"sale","15":"shipping-taxable","16":"purchasable","17":"product-type-simple"},"_links":{"self":[{"href":"https:\/\/roveyayinevi.com.tr\/index.php\/wp-json\/wp\/v2\/product\/733383","targetHints":{"allow":["GET"]}}],"collection":[{"href":"https:\/\/roveyayinevi.com.tr\/index.php\/wp-json\/wp\/v2\/product"}],"about":[{"href":"https:\/\/roveyayinevi.com.tr\/index.php\/wp-json\/wp\/v2\/types\/product"}],"wp:attachment":[{"href":"https:\/\/roveyayinevi.com.tr\/index.php\/wp-json\/wp\/v2\/media?parent=733383"}],"wp:term":[{"taxonomy":"product_brand","embeddable":true,"href":"https:\/\/roveyayinevi.com.tr\/index.php\/wp-json\/wp\/v2\/product_brand?post=733383"},{"taxonomy":"product_cat","embeddable":true,"href":"https:\/\/roveyayinevi.com.tr\/index.php\/wp-json\/wp\/v2\/product_cat?post=733383"},{"taxonomy":"product_tag","embeddable":true,"href":"https:\/\/roveyayinevi.com.tr\/index.php\/wp-json\/wp\/v2\/product_tag?post=733383"}],"curies":[{"name":"wp","href":"https:\/\/api.w.org\/{rel}","templated":true}]}}