{"id":733381,"date":"2025-08-27T22:08:38","date_gmt":"2025-08-27T19:08:38","guid":{"rendered":"https:\/\/roveyayinevi.com.tr\/index.php\/urun\/aynadaki-deprem\/"},"modified":"2026-04-16T02:40:57","modified_gmt":"2026-04-15T23:40:57","slug":"aynadaki-deprem","status":"publish","type":"product","link":"https:\/\/roveyayinevi.com.tr\/index.php\/urun\/aynadaki-deprem\/","title":{"rendered":"Aynadaki Deprem"},"content":{"rendered":"<p>Bana d\u00fc\u015fen bir kader vard\u0131, lakin \u00fcst\u00fcne sen geldin.Ate\u015f mi oldu, su mu bilmem, kaderime keder geldin.Depremler yaln\u0131zca beton y\u0131\u011f\u0131nlar\u0131n\u0131n \u00e7\u00f6kmesiyle olmaz. Aynan\u0131n kar\u015f\u0131s\u0131na ge\u00e7ti\u011finizde i\u00e7iniz &#8220;C\u0131z\u02ba ediyorsa depremi i\u00e7inizde de ya\u015f\u0131yorsunuz demektir. Beton y\u0131\u011f\u0131nlar\u0131 sadece bedeninizi \u00f6ld\u00fcr\u00fcr. E\u011fer aynada kendize bakt\u0131\u011f\u0131n\u0131zda i\u00e7iniz rahat ise temelleriniz sa\u011flam demektir. Bedenen olmasa da ruhen her zaman ya\u015fayacaks\u0131n\u0131z.\u02baSenden affetmeni bekleyemem k\u0131z\u0131m, lakin beni affedebilir misin &#8220;<\/p>\n","protected":false},"excerpt":{"rendered":"<p>Bana d\u00fc\u015fen bir kader vard\u0131, lakin \u00fcst\u00fcne sen geldin.Ate\u015f mi oldu, su mu bilmem, kaderime keder geldin.Depremler yaln\u0131zca beton y\u0131\u011f\u0131nlar\u0131n\u0131n \u00e7\u00f6kmesiyle olmaz. Aynan\u0131n kar\u015f\u0131s\u0131na ge\u00e7ti\u011finizde i\u00e7iniz<span class=\"excerpt-hellip\"> [\u2026]<\/span><\/p>\n","protected":false},"featured_media":0,"template":"","meta":{"_monsterinsights_skip_tracking":false,"_monsterinsights_sitenote_active":false,"_monsterinsights_sitenote_note":"","_monsterinsights_sitenote_category":0},"product_brand":[],"product_cat":[12291,12711],"product_tag":[],"class_list":{"0":"post-733381","1":"product","2":"type-product","3":"status-publish","5":"product_cat-edebiyat","6":"product_cat-roman-oyku","7":"pa_cilt-ciltsiz","8":"pa_tur-kitap","9":"pa_yayinevi-herdem-kitap","10":"pa_yazar-imdat-ilyas-celik","12":"first","13":"instock","14":"sale","15":"shipping-taxable","16":"purchasable","17":"product-type-simple"},"_links":{"self":[{"href":"https:\/\/roveyayinevi.com.tr\/index.php\/wp-json\/wp\/v2\/product\/733381","targetHints":{"allow":["GET"]}}],"collection":[{"href":"https:\/\/roveyayinevi.com.tr\/index.php\/wp-json\/wp\/v2\/product"}],"about":[{"href":"https:\/\/roveyayinevi.com.tr\/index.php\/wp-json\/wp\/v2\/types\/product"}],"wp:attachment":[{"href":"https:\/\/roveyayinevi.com.tr\/index.php\/wp-json\/wp\/v2\/media?parent=733381"}],"wp:term":[{"taxonomy":"product_brand","embeddable":true,"href":"https:\/\/roveyayinevi.com.tr\/index.php\/wp-json\/wp\/v2\/product_brand?post=733381"},{"taxonomy":"product_cat","embeddable":true,"href":"https:\/\/roveyayinevi.com.tr\/index.php\/wp-json\/wp\/v2\/product_cat?post=733381"},{"taxonomy":"product_tag","embeddable":true,"href":"https:\/\/roveyayinevi.com.tr\/index.php\/wp-json\/wp\/v2\/product_tag?post=733381"}],"curies":[{"name":"wp","href":"https:\/\/api.w.org\/{rel}","templated":true}]}}