{"id":733380,"date":"2025-08-27T22:08:37","date_gmt":"2025-08-27T19:08:37","guid":{"rendered":"https:\/\/roveyayinevi.com.tr\/index.php\/urun\/buzdaki-kelebek\/"},"modified":"2026-04-16T02:40:57","modified_gmt":"2026-04-15T23:40:57","slug":"buzdaki-kelebek","status":"publish","type":"product","link":"https:\/\/roveyayinevi.com.tr\/index.php\/urun\/buzdaki-kelebek\/","title":{"rendered":"Buzdaki Kelebek"},"content":{"rendered":"<p>Milyonlarca okurun heyecanla romanlar\u0131n\u0131 bekledi\u011fi Sylvia Day\u2019den, tutkulu, duygu y\u00fckl\u00fc bir a\u015fk hik\u00e2yesi\u2026   Bu yerde olmak akl\u0131m\u0131n ucundan bile ge\u00e7memi\u015fti. \u015eimdi ise buraya yerle\u015ftim. Sevdi\u011fim bir yerde, yeniledi\u011fim evimde, bay\u0131ld\u0131\u011f\u0131m dostlar\u0131mla zaman ge\u00e7iriyor, beni mutlu eden bir i\u015fte \u00e7al\u0131\u015f\u0131yordum. Ge\u00e7mi\u015fimle bar\u0131\u015f\u0131yor, gelece\u011fimin temellerini at\u0131yordum. Derken Garrett Frost kap\u0131 kom\u015fum oldu.   \u0130nat\u00e7\u0131 ve c\u00fcretk\u00e2r, hayat\u0131m\u0131n titiz d\u00fczenini da\u011f\u0131tan, do\u011fal afet gibi bir adam. Ona dadanm\u0131\u015f hayaletleri, d\u00fcrt\u00fclerini kontrol eden i\u015fkenceyi iyi tan\u0131yordum. Garrett her ko\u015fulda riskli olurdu ama yaral\u0131 hali \u00e7ok daha tehlikeliydi. Bu adam\u0131n i\u00e7inde kopan f\u0131rt\u0131nalara kar\u015f\u0131 fazla k\u0131r\u0131lgan ve i\u00e7ini par\u00e7alayan ac\u0131ya kar\u015f\u0131 koyamayacak kadar narin olmaktan korkuyordum. Ama bu adam fazlas\u0131yla kararl\u0131\u2026 ve de k\u0131\u015fk\u0131rt\u0131c\u0131yd\u0131. Umut bazen buzdan \u0131ss\u0131zl\u0131klar\u0131 bile delip ge\u00e7meyi ba\u015far\u0131rd\u0131.   Kalbinizi \u0131s\u0131tacak Buzdaki Kelebek, Crossfire serisiyle t\u00fcm d\u00fcnyada \u00e7oksatan yazar Sylvia Day\u2019in yaratt\u0131\u011f\u0131 sansasyonun muhte\u015fem d\u00f6n\u00fc\u015f\u00fcne i\u015faret ediyor.   \u201c\u00c7ok s\u00fcr\u00fckleyici!\u201d Access Hollywood Live   \u201cSu gibi akan ve hedefi tam on ikiden vuran, dopdolu bir hik\u00e2ye.\u201d Kirkus Reviews   \u201c\u0130nsan\u0131 hiddetle sayfalar\u0131 \u00e7evirmek zorunda b\u0131rak\u0131yor.\u201d Glamour   \u201cNefis bir yaz\u0131m\u2026 Day\u2019in bundan sonra yapacaklar\u0131n\u0131 heyecanla bekliyorum!\u201d RT Book Reviews <\/p>\n","protected":false},"excerpt":{"rendered":"<p>Milyonlarca okurun heyecanla romanlar\u0131n\u0131 bekledi\u011fi Sylvia Day\u2019den, tutkulu, duygu y\u00fckl\u00fc bir a\u015fk hik\u00e2yesi\u2026 Bu yerde olmak akl\u0131m\u0131n ucundan bile ge\u00e7memi\u015fti. \u015eimdi ise buraya yerle\u015ftim. Sevdi\u011fim bir<span class=\"excerpt-hellip\"> [\u2026]<\/span><\/p>\n","protected":false},"featured_media":0,"template":"","meta":{"_monsterinsights_skip_tracking":false,"_monsterinsights_sitenote_active":false,"_monsterinsights_sitenote_note":"","_monsterinsights_sitenote_category":0},"product_brand":[],"product_cat":[14643,12291],"product_tag":[],"class_list":{"0":"post-733380","1":"product","2":"type-product","3":"status-publish","5":"product_cat-ask","6":"product_cat-edebiyat","7":"pa_cilt-ciltsiz","8":"pa_tur-kitap","9":"pa_yayinevi-dex-yayinevi","10":"pa_yazar-sylvia-day","12":"first","13":"instock","14":"sale","15":"shipping-taxable","16":"purchasable","17":"product-type-simple"},"_links":{"self":[{"href":"https:\/\/roveyayinevi.com.tr\/index.php\/wp-json\/wp\/v2\/product\/733380","targetHints":{"allow":["GET"]}}],"collection":[{"href":"https:\/\/roveyayinevi.com.tr\/index.php\/wp-json\/wp\/v2\/product"}],"about":[{"href":"https:\/\/roveyayinevi.com.tr\/index.php\/wp-json\/wp\/v2\/types\/product"}],"wp:attachment":[{"href":"https:\/\/roveyayinevi.com.tr\/index.php\/wp-json\/wp\/v2\/media?parent=733380"}],"wp:term":[{"taxonomy":"product_brand","embeddable":true,"href":"https:\/\/roveyayinevi.com.tr\/index.php\/wp-json\/wp\/v2\/product_brand?post=733380"},{"taxonomy":"product_cat","embeddable":true,"href":"https:\/\/roveyayinevi.com.tr\/index.php\/wp-json\/wp\/v2\/product_cat?post=733380"},{"taxonomy":"product_tag","embeddable":true,"href":"https:\/\/roveyayinevi.com.tr\/index.php\/wp-json\/wp\/v2\/product_tag?post=733380"}],"curies":[{"name":"wp","href":"https:\/\/api.w.org\/{rel}","templated":true}]}}