{"id":733379,"date":"2025-08-27T22:08:36","date_gmt":"2025-08-27T19:08:36","guid":{"rendered":"https:\/\/roveyayinevi.com.tr\/index.php\/urun\/gumus-alevler-sarayi\/"},"modified":"2026-04-16T02:40:56","modified_gmt":"2026-04-15T23:40:56","slug":"gumus-alevler-sarayi","status":"publish","type":"product","link":"https:\/\/roveyayinevi.com.tr\/index.php\/urun\/gumus-alevler-sarayi\/","title":{"rendered":"G\u00fcm\u00fc\u015f Alevler Saray\u0131"},"content":{"rendered":"<p>Sarah J. Maas\u2019\u0131n milyonlarca okura ve say\u0131s\u0131z \u00f6d\u00fcle ula\u015fan, benzersiz evreni Dikenler ve G\u00fcller Saray\u0131 serisi, Feyre\u2019nin ate\u015fli k\u0131z karde\u015fi Nesta\u2019n\u0131n yolculu\u011fuyla devam ediyor.    Nesta Archeron her zaman kibirli, \u00e7abuk \u00f6fkelenen ve yava\u015f affeden biriydi. Yine de Kazan\u2019a girmeye zorland\u0131\u011f\u0131ndan ve kendi iste\u011fi d\u0131\u015f\u0131nda Ulu Peri oldu\u011fundan beri, i\u00e7inde ya\u015fad\u0131\u011f\u0131 garip d\u00fcnyada kendine bir yer bulmak i\u00e7in m\u00fccadele ediyor. Daha da k\u00f6t\u00fcs\u00fc sava\u015f\u0131n deh\u015fetini ve i\u00e7inde kaybettiklerini unutam\u0131yor. Asl\u0131nda onun \u00f6fkesini en h\u0131zl\u0131 ate\u015fleyen tek bir ki\u015fi var: Cassian\u2026 Ama Cassian\u2019\u0131n ate\u015fledi\u011fi tek \u015fey \u00f6fkesi de\u011fil\u2026  Bu arada, son sava\u015f s\u0131ras\u0131nda K\u0131ta\u2019ya d\u00f6nen insan krali\u00e7eler, diyarlardaki bar\u0131\u015f\u0131 tehdit eden yeni ve tehlikeli bir ittifak pe\u015finde. Ve onlar\u0131 durdurman\u0131n anahtar\u0131, Cassian ve Nesta\u2019n\u0131n elinde. Sava\u015f\u0131n kavurdu\u011fu ve belirsizlikle bo\u011fu\u015fan bir d\u00fcnyada Nesta ve Cassian hem i\u00e7lerindeki hem d\u0131\u015far\u0131daki canavarlarla m\u00fccadele etmek zorundalar\u2026    \u201cHem tutkulu ve romantik hem de vah\u015fi; \u00e7ok g\u00fczel yaz\u0131lm\u0131\u015f bir efsane. Kesinlikle muhte\u015fem.\u201d   Alexandra Bracken   \u201cTutku dolu, vah\u015fi, seksi ve c\u00fcretk\u00e2r\u2026 \u00f6yle s\u00fcr\u00fckleyici ki\u2026\u201d    USA Today \u201cGerilim, romantizm, entrika ve aksiyon. Bu kitab\u0131 sak\u0131n ka\u00e7\u0131rmay\u0131n!\u201d    HuffPost <\/p>\n","protected":false},"excerpt":{"rendered":"<p>Sarah J. Maas\u2019\u0131n milyonlarca okura ve say\u0131s\u0131z \u00f6d\u00fcle ula\u015fan, benzersiz evreni Dikenler ve G\u00fcller Saray\u0131 serisi, Feyre\u2019nin ate\u015fli k\u0131z karde\u015fi Nesta\u2019n\u0131n yolculu\u011fuyla devam ediyor. Nesta Archeron<span class=\"excerpt-hellip\"> [\u2026]<\/span><\/p>\n","protected":false},"featured_media":0,"template":"","meta":{"_monsterinsights_skip_tracking":false,"_monsterinsights_sitenote_active":false,"_monsterinsights_sitenote_note":"","_monsterinsights_sitenote_category":0},"product_brand":[],"product_cat":[12291,17033],"product_tag":[],"class_list":{"0":"post-733379","1":"product","2":"type-product","3":"status-publish","5":"product_cat-edebiyat","6":"product_cat-korku-gerilim","7":"pa_cilt-ciltsiz","8":"pa_tur-kitap","9":"pa_yayinevi-dex-yayinevi","10":"pa_yazar-sarah-j-maas","12":"first","13":"instock","14":"sale","15":"shipping-taxable","16":"purchasable","17":"product-type-simple"},"_links":{"self":[{"href":"https:\/\/roveyayinevi.com.tr\/index.php\/wp-json\/wp\/v2\/product\/733379","targetHints":{"allow":["GET"]}}],"collection":[{"href":"https:\/\/roveyayinevi.com.tr\/index.php\/wp-json\/wp\/v2\/product"}],"about":[{"href":"https:\/\/roveyayinevi.com.tr\/index.php\/wp-json\/wp\/v2\/types\/product"}],"wp:attachment":[{"href":"https:\/\/roveyayinevi.com.tr\/index.php\/wp-json\/wp\/v2\/media?parent=733379"}],"wp:term":[{"taxonomy":"product_brand","embeddable":true,"href":"https:\/\/roveyayinevi.com.tr\/index.php\/wp-json\/wp\/v2\/product_brand?post=733379"},{"taxonomy":"product_cat","embeddable":true,"href":"https:\/\/roveyayinevi.com.tr\/index.php\/wp-json\/wp\/v2\/product_cat?post=733379"},{"taxonomy":"product_tag","embeddable":true,"href":"https:\/\/roveyayinevi.com.tr\/index.php\/wp-json\/wp\/v2\/product_tag?post=733379"}],"curies":[{"name":"wp","href":"https:\/\/api.w.org\/{rel}","templated":true}]}}