{"id":733377,"date":"2025-08-27T22:08:34","date_gmt":"2025-08-27T19:08:34","guid":{"rendered":"https:\/\/roveyayinevi.com.tr\/index.php\/urun\/sifrelerin-pesinde-gobeklitepe-matematik-romani-2\/"},"modified":"2026-04-16T02:40:56","modified_gmt":"2026-04-15T23:40:56","slug":"sifrelerin-pesinde-gobeklitepe-matematik-romani-2","status":"publish","type":"product","link":"https:\/\/roveyayinevi.com.tr\/index.php\/urun\/sifrelerin-pesinde-gobeklitepe-matematik-romani-2\/","title":{"rendered":"\u015eifrelerin Pe\u015finde G\u00f6beklitepe &#8211; Matematik Roman\u0131 2"},"content":{"rendered":"<p>Nehir, Efe ve Cafer, y\u00fczleri olmayan insanlar\u0131n bulundu\u011fu foto\u011fraflar\u0131n s\u0131rr\u0131n\u0131 \u00e7\u00f6zmeye \u00e7al\u0131\u015f\u0131rken kendilerini G\u00f6beklitepe&#8217;de buluyorlar. Foto\u011fraflardaki \u015fifreleri \u00e7\u00f6z\u00fcp evlerine d\u00f6nebilmek i\u00e7in G\u00f6beklitepe&#8217;de ara\u015ft\u0131rma yapmalar\u0131, bir\u00e7ok insanla konu\u015fup bilgi almalar\u0131 gerekiyor. Ve yine zaman ile yar\u0131\u015f\u0131yorlar&#8230; <\/p>\n","protected":false},"excerpt":{"rendered":"<p>Nehir, Efe ve Cafer, y\u00fczleri olmayan insanlar\u0131n bulundu\u011fu foto\u011fraflar\u0131n s\u0131rr\u0131n\u0131 \u00e7\u00f6zmeye \u00e7al\u0131\u015f\u0131rken kendilerini G\u00f6beklitepe&#8217;de buluyorlar. Foto\u011fraflardaki \u015fifreleri \u00e7\u00f6z\u00fcp evlerine d\u00f6nebilmek i\u00e7in G\u00f6beklitepe&#8217;de ara\u015ft\u0131rma yapmalar\u0131, bir\u00e7ok insanla<span class=\"excerpt-hellip\"> [\u2026]<\/span><\/p>\n","protected":false},"featured_media":0,"template":"","meta":{"_monsterinsights_skip_tracking":false,"_monsterinsights_sitenote_active":false,"_monsterinsights_sitenote_note":"","_monsterinsights_sitenote_category":0},"product_brand":[],"product_cat":[12275,12274],"product_tag":[],"class_list":{"0":"post-733377","1":"product","2":"type-product","3":"status-publish","5":"product_cat-6-12-yas-kitaplari","6":"product_cat-cocuk-ve-genclik-kitaplari","7":"pa_cilt-ciltsiz","8":"pa_tur-kitap","9":"pa_yayinevi-beyaz-balina-yayinlari","10":"pa_yazar-hasan-topdemir","12":"first","13":"instock","14":"sale","15":"shipping-taxable","16":"purchasable","17":"product-type-simple"},"_links":{"self":[{"href":"https:\/\/roveyayinevi.com.tr\/index.php\/wp-json\/wp\/v2\/product\/733377","targetHints":{"allow":["GET"]}}],"collection":[{"href":"https:\/\/roveyayinevi.com.tr\/index.php\/wp-json\/wp\/v2\/product"}],"about":[{"href":"https:\/\/roveyayinevi.com.tr\/index.php\/wp-json\/wp\/v2\/types\/product"}],"wp:attachment":[{"href":"https:\/\/roveyayinevi.com.tr\/index.php\/wp-json\/wp\/v2\/media?parent=733377"}],"wp:term":[{"taxonomy":"product_brand","embeddable":true,"href":"https:\/\/roveyayinevi.com.tr\/index.php\/wp-json\/wp\/v2\/product_brand?post=733377"},{"taxonomy":"product_cat","embeddable":true,"href":"https:\/\/roveyayinevi.com.tr\/index.php\/wp-json\/wp\/v2\/product_cat?post=733377"},{"taxonomy":"product_tag","embeddable":true,"href":"https:\/\/roveyayinevi.com.tr\/index.php\/wp-json\/wp\/v2\/product_tag?post=733377"}],"curies":[{"name":"wp","href":"https:\/\/api.w.org\/{rel}","templated":true}]}}