{"id":733375,"date":"2025-08-27T22:08:32","date_gmt":"2025-08-27T19:08:32","guid":{"rendered":"https:\/\/roveyayinevi.com.tr\/index.php\/urun\/tanrilarin-atlari-olymposun-yaratiklari\/"},"modified":"2026-04-16T02:40:56","modified_gmt":"2026-04-15T23:40:56","slug":"tanrilarin-atlari-olymposun-yaratiklari","status":"publish","type":"product","link":"https:\/\/roveyayinevi.com.tr\/index.php\/urun\/tanrilarin-atlari-olymposun-yaratiklari\/","title":{"rendered":"Tanr\u0131lar\u0131n Atlar\u0131 &#8211; Olympos\u2019un Yarat\u0131klar\u0131"},"content":{"rendered":"<p>Mitoloji d\u00fcnyas\u0131na yolculuk yeni maceralarla devam ediyor!Demon, Olympos Da\u011f\u0131\u2019nda resmi hayvan bak\u0131c\u0131s\u0131 olarak \u00e7al\u0131\u015fmaya al\u0131\u015f\u0131yor, tanr\u0131lar da ona. Ne zaman ki Helios ve Poseidon birbirlerine meydan okuyorlar, o zaman Demon\u2019\u0131n huzuru ka\u00e7\u0131yor. Sonunda iki tanr\u0131 kimin atlar\u0131 daha h\u0131zl\u0131 diye yar\u0131\u015fmaya karar veriyor. G\u00f6zlerini h\u0131rs b\u00fcr\u00fcm\u00fc\u015f tanr\u0131lar\u0131n ikisi de Demon\u2019dan yard\u0131m isteyince Demon ne yapaca\u011f\u0131n\u0131 \u015fa\u015f\u0131r\u0131yor.<\/p>\n","protected":false},"excerpt":{"rendered":"<p>Mitoloji d\u00fcnyas\u0131na yolculuk yeni maceralarla devam ediyor!Demon, Olympos Da\u011f\u0131\u2019nda resmi hayvan bak\u0131c\u0131s\u0131 olarak \u00e7al\u0131\u015fmaya al\u0131\u015f\u0131yor, tanr\u0131lar da ona. Ne zaman ki Helios ve Poseidon birbirlerine meydan<span class=\"excerpt-hellip\"> [\u2026]<\/span><\/p>\n","protected":false},"featured_media":0,"template":"","meta":{"_monsterinsights_skip_tracking":false,"_monsterinsights_sitenote_active":false,"_monsterinsights_sitenote_note":"","_monsterinsights_sitenote_category":0},"product_brand":[],"product_cat":[12275,12274],"product_tag":[],"class_list":{"0":"post-733375","1":"product","2":"type-product","3":"status-publish","5":"product_cat-6-12-yas-kitaplari","6":"product_cat-cocuk-ve-genclik-kitaplari","7":"pa_cilt-ciltsiz","8":"pa_tur-kitap","9":"pa_yayinevi-hep-kitap","10":"pa_yazar-lucy-coats","12":"first","13":"instock","14":"sale","15":"shipping-taxable","16":"purchasable","17":"product-type-simple"},"_links":{"self":[{"href":"https:\/\/roveyayinevi.com.tr\/index.php\/wp-json\/wp\/v2\/product\/733375","targetHints":{"allow":["GET"]}}],"collection":[{"href":"https:\/\/roveyayinevi.com.tr\/index.php\/wp-json\/wp\/v2\/product"}],"about":[{"href":"https:\/\/roveyayinevi.com.tr\/index.php\/wp-json\/wp\/v2\/types\/product"}],"wp:attachment":[{"href":"https:\/\/roveyayinevi.com.tr\/index.php\/wp-json\/wp\/v2\/media?parent=733375"}],"wp:term":[{"taxonomy":"product_brand","embeddable":true,"href":"https:\/\/roveyayinevi.com.tr\/index.php\/wp-json\/wp\/v2\/product_brand?post=733375"},{"taxonomy":"product_cat","embeddable":true,"href":"https:\/\/roveyayinevi.com.tr\/index.php\/wp-json\/wp\/v2\/product_cat?post=733375"},{"taxonomy":"product_tag","embeddable":true,"href":"https:\/\/roveyayinevi.com.tr\/index.php\/wp-json\/wp\/v2\/product_tag?post=733375"}],"curies":[{"name":"wp","href":"https:\/\/api.w.org\/{rel}","templated":true}]}}