{"id":733374,"date":"2025-08-27T22:08:31","date_gmt":"2025-08-27T19:08:31","guid":{"rendered":"https:\/\/roveyayinevi.com.tr\/index.php\/urun\/ejderha-sifacisi-olymposun-yaratiklari\/"},"modified":"2026-04-16T02:40:56","modified_gmt":"2026-04-15T23:40:56","slug":"ejderha-sifacisi-olymposun-yaratiklari","status":"publish","type":"product","link":"https:\/\/roveyayinevi.com.tr\/index.php\/urun\/ejderha-sifacisi-olymposun-yaratiklari\/","title":{"rendered":"Ejderha \u015eifac\u0131s\u0131 &#8211; Olympos\u2019un Yarat\u0131klar\u0131"},"content":{"rendered":"<p>Mitoloji d\u00fcnyas\u0131na yolculuk yeni maceralarla devam ediyor!Demon, Olympos Da\u011f\u0131\u2019n\u0131n resmi hayvan terbiyecisi olarak her t\u00fcrl\u00fc hasta hayvana bakm\u0131\u015ft\u0131r ama hi\u00e7biri sava\u015f tanr\u0131s\u0131 Ares\u2019in sava\u015f ejderhas\u0131 kadar mutsuz de\u011fildir. \u015eimdi Demon, ejderhan\u0131n bu kadar kokmas\u0131na ve \u00fcz\u00fclmesine neyin yol a\u00e7t\u0131\u011f\u0131n\u0131 bulup onu iyile\u015ftirmek zorundad\u0131r. Hem de bu sefer b\u00fcy\u00fcl\u00fc ecza kutusunun yard\u0131m\u0131 olmadan!<\/p>\n","protected":false},"excerpt":{"rendered":"<p>Mitoloji d\u00fcnyas\u0131na yolculuk yeni maceralarla devam ediyor!Demon, Olympos Da\u011f\u0131\u2019n\u0131n resmi hayvan terbiyecisi olarak her t\u00fcrl\u00fc hasta hayvana bakm\u0131\u015ft\u0131r ama hi\u00e7biri sava\u015f tanr\u0131s\u0131 Ares\u2019in sava\u015f ejderhas\u0131 kadar<span class=\"excerpt-hellip\"> [\u2026]<\/span><\/p>\n","protected":false},"featured_media":0,"template":"","meta":{"_monsterinsights_skip_tracking":false,"_monsterinsights_sitenote_active":false,"_monsterinsights_sitenote_note":"","_monsterinsights_sitenote_category":0},"product_brand":[],"product_cat":[12275,12274],"product_tag":[],"class_list":{"0":"post-733374","1":"product","2":"type-product","3":"status-publish","5":"product_cat-6-12-yas-kitaplari","6":"product_cat-cocuk-ve-genclik-kitaplari","7":"pa_cilt-ciltsiz","8":"pa_tur-kitap","9":"pa_yayinevi-hep-kitap","10":"pa_yazar-lucy-coats","12":"first","13":"instock","14":"sale","15":"shipping-taxable","16":"purchasable","17":"product-type-simple"},"_links":{"self":[{"href":"https:\/\/roveyayinevi.com.tr\/index.php\/wp-json\/wp\/v2\/product\/733374","targetHints":{"allow":["GET"]}}],"collection":[{"href":"https:\/\/roveyayinevi.com.tr\/index.php\/wp-json\/wp\/v2\/product"}],"about":[{"href":"https:\/\/roveyayinevi.com.tr\/index.php\/wp-json\/wp\/v2\/types\/product"}],"wp:attachment":[{"href":"https:\/\/roveyayinevi.com.tr\/index.php\/wp-json\/wp\/v2\/media?parent=733374"}],"wp:term":[{"taxonomy":"product_brand","embeddable":true,"href":"https:\/\/roveyayinevi.com.tr\/index.php\/wp-json\/wp\/v2\/product_brand?post=733374"},{"taxonomy":"product_cat","embeddable":true,"href":"https:\/\/roveyayinevi.com.tr\/index.php\/wp-json\/wp\/v2\/product_cat?post=733374"},{"taxonomy":"product_tag","embeddable":true,"href":"https:\/\/roveyayinevi.com.tr\/index.php\/wp-json\/wp\/v2\/product_tag?post=733374"}],"curies":[{"name":"wp","href":"https:\/\/api.w.org\/{rel}","templated":true}]}}