{"id":733373,"date":"2025-08-27T22:08:30","date_gmt":"2025-08-27T19:08:30","guid":{"rendered":"https:\/\/roveyayinevi.com.tr\/index.php\/urun\/dus-pesine\/"},"modified":"2026-04-16T02:40:56","modified_gmt":"2026-04-15T23:40:56","slug":"dus-pesine","status":"publish","type":"product","link":"https:\/\/roveyayinevi.com.tr\/index.php\/urun\/dus-pesine\/","title":{"rendered":"D\u00fc\u015f Pe\u015fine"},"content":{"rendered":"<p>Hayal ve Maja\u2019n\u0131n internette ba\u015flay\u0131p \u0130stanbul\u2019un tarihi sokaklar\u0131na, oradan da \u00c7ocuk \u00dclkesi\u2019ne uzanan dostluklar\u0131 Kapadokya\u2019da devam ediyor. \u00c7ocuklar \u00dclkesi\u2019nin kurtar\u0131c\u0131lar\u0131, iki ayr\u0131 dalda a\u00e7an iki g\u00fczel \u00e7i\u00e7ek, k\u0131\u015f mevsiminin sar\u0131p sarmalad\u0131\u011f\u0131 masals\u0131 bir diyarda yeniden bir araya geliyor. Hayal ve Maja; G\u00fczel Atlar \u00dclkesi\u2019nde, kazand\u0131klar\u0131 yeni dostlarla bakal\u0131m kendilerini nas\u0131l bir macera i\u00e7inde bulacaklar? Haydi, peri bacalar\u0131n\u0131n b\u00fcy\u00fcleyici co\u011frafyas\u0131na do\u011fru birlikte yol alal\u0131m! Z\u00fcleyha Ersing\u00fcn\u2019\u00fcn h\u00fcnerli kaleminden, d\u00fc\u015flerinin pe\u015fini hi\u00e7 b\u0131rakmamaya s\u00f6z veren \u00e7ocuklara\u2026<\/p>\n","protected":false},"excerpt":{"rendered":"<p>Hayal ve Maja\u2019n\u0131n internette ba\u015flay\u0131p \u0130stanbul\u2019un tarihi sokaklar\u0131na, oradan da \u00c7ocuk \u00dclkesi\u2019ne uzanan dostluklar\u0131 Kapadokya\u2019da devam ediyor. \u00c7ocuklar \u00dclkesi\u2019nin kurtar\u0131c\u0131lar\u0131, iki ayr\u0131 dalda a\u00e7an iki g\u00fczel<span class=\"excerpt-hellip\"> [\u2026]<\/span><\/p>\n","protected":false},"featured_media":0,"template":"","meta":{"_monsterinsights_skip_tracking":false,"_monsterinsights_sitenote_active":false,"_monsterinsights_sitenote_note":"","_monsterinsights_sitenote_category":0},"product_brand":[],"product_cat":[12275,12274],"product_tag":[],"class_list":{"0":"post-733373","1":"product","2":"type-product","3":"status-publish","5":"product_cat-6-12-yas-kitaplari","6":"product_cat-cocuk-ve-genclik-kitaplari","7":"pa_cilt-ciltsiz","8":"pa_tur-kitap","9":"pa_yayinevi-fom-kitap","10":"pa_yazar-zuleyha-ersingun","12":"first","13":"instock","14":"sale","15":"shipping-taxable","16":"purchasable","17":"product-type-simple"},"_links":{"self":[{"href":"https:\/\/roveyayinevi.com.tr\/index.php\/wp-json\/wp\/v2\/product\/733373","targetHints":{"allow":["GET"]}}],"collection":[{"href":"https:\/\/roveyayinevi.com.tr\/index.php\/wp-json\/wp\/v2\/product"}],"about":[{"href":"https:\/\/roveyayinevi.com.tr\/index.php\/wp-json\/wp\/v2\/types\/product"}],"wp:attachment":[{"href":"https:\/\/roveyayinevi.com.tr\/index.php\/wp-json\/wp\/v2\/media?parent=733373"}],"wp:term":[{"taxonomy":"product_brand","embeddable":true,"href":"https:\/\/roveyayinevi.com.tr\/index.php\/wp-json\/wp\/v2\/product_brand?post=733373"},{"taxonomy":"product_cat","embeddable":true,"href":"https:\/\/roveyayinevi.com.tr\/index.php\/wp-json\/wp\/v2\/product_cat?post=733373"},{"taxonomy":"product_tag","embeddable":true,"href":"https:\/\/roveyayinevi.com.tr\/index.php\/wp-json\/wp\/v2\/product_tag?post=733373"}],"curies":[{"name":"wp","href":"https:\/\/api.w.org\/{rel}","templated":true}]}}