{"id":733372,"date":"2025-08-27T22:08:29","date_gmt":"2025-08-27T19:08:29","guid":{"rendered":"https:\/\/roveyayinevi.com.tr\/index.php\/urun\/istasyon-cocuklari\/"},"modified":"2026-04-16T02:40:56","modified_gmt":"2026-04-15T23:40:56","slug":"istasyon-cocuklari","status":"publish","type":"product","link":"https:\/\/roveyayinevi.com.tr\/index.php\/urun\/istasyon-cocuklari\/","title":{"rendered":"\u0130stasyon \u00c7ocuklar\u0131"},"content":{"rendered":"<p>\u2018\u2019Hepimiz g\u00fcl\u00fcyorduk. Bizi g\u00f6renler, d\u00fcnyan\u0131n en mutlu \u00e7ocuklar\u0131 oldu\u011fumuzu d\u00fc\u015f\u00fcnebilirdi. \u00d6yle miydik? Bilmem, belki de \u00f6yleydik. Omuzlar\u0131m\u0131zdaki a\u011f\u0131rl\u0131\u011f\u0131n\u0131 erken ya\u015flarda hissetti\u011fimiz hayata, onun b\u00fct\u00fcn g\u00fc\u00e7l\u00fcklerine ve s\u0131k\u0131nt\u0131lar\u0131na, her \u015feye ve her \u015feye ra\u011fmen, \u00e7ocuk g\u00fcl\u00fc\u015flerimizle meydan okuyorduk.\u2019\u2019Mustafa Hakk\u0131 Kurt\u2019un usta kaleminden \u0130stasyon \u00c7ocuklar\u0131, arkada\u015fl\u0131klarla ve aile ba\u011flar\u0131yla \u00f6r\u00fcl\u00fc, ya\u015fam\u0131n ac\u0131 tatl\u0131 t\u00fcm ger\u00e7eklerine dokunan, umut ye\u015ferten bir 5.6.7.8 S\u0131n\u0131flar \u0130\u00e7in gen\u00e7lik roman\u0131.<\/p>\n","protected":false},"excerpt":{"rendered":"<p>\u2018\u2019Hepimiz g\u00fcl\u00fcyorduk. Bizi g\u00f6renler, d\u00fcnyan\u0131n en mutlu \u00e7ocuklar\u0131 oldu\u011fumuzu d\u00fc\u015f\u00fcnebilirdi. \u00d6yle miydik? Bilmem, belki de \u00f6yleydik. Omuzlar\u0131m\u0131zdaki a\u011f\u0131rl\u0131\u011f\u0131n\u0131 erken ya\u015flarda hissetti\u011fimiz hayata, onun b\u00fct\u00fcn g\u00fc\u00e7l\u00fcklerine ve<span class=\"excerpt-hellip\"> [\u2026]<\/span><\/p>\n","protected":false},"featured_media":0,"template":"","meta":{"_monsterinsights_skip_tracking":false,"_monsterinsights_sitenote_active":false,"_monsterinsights_sitenote_note":"","_monsterinsights_sitenote_category":0},"product_brand":[],"product_cat":[12275,12274],"product_tag":[],"class_list":{"0":"post-733372","1":"product","2":"type-product","3":"status-publish","5":"product_cat-6-12-yas-kitaplari","6":"product_cat-cocuk-ve-genclik-kitaplari","7":"pa_cilt-ciltsiz","8":"pa_tur-kitap","9":"pa_yayinevi-fom-kitap","10":"pa_yazar-mustafa-hakki-kurt","12":"first","13":"instock","14":"sale","15":"shipping-taxable","16":"purchasable","17":"product-type-simple"},"_links":{"self":[{"href":"https:\/\/roveyayinevi.com.tr\/index.php\/wp-json\/wp\/v2\/product\/733372","targetHints":{"allow":["GET"]}}],"collection":[{"href":"https:\/\/roveyayinevi.com.tr\/index.php\/wp-json\/wp\/v2\/product"}],"about":[{"href":"https:\/\/roveyayinevi.com.tr\/index.php\/wp-json\/wp\/v2\/types\/product"}],"wp:attachment":[{"href":"https:\/\/roveyayinevi.com.tr\/index.php\/wp-json\/wp\/v2\/media?parent=733372"}],"wp:term":[{"taxonomy":"product_brand","embeddable":true,"href":"https:\/\/roveyayinevi.com.tr\/index.php\/wp-json\/wp\/v2\/product_brand?post=733372"},{"taxonomy":"product_cat","embeddable":true,"href":"https:\/\/roveyayinevi.com.tr\/index.php\/wp-json\/wp\/v2\/product_cat?post=733372"},{"taxonomy":"product_tag","embeddable":true,"href":"https:\/\/roveyayinevi.com.tr\/index.php\/wp-json\/wp\/v2\/product_tag?post=733372"}],"curies":[{"name":"wp","href":"https:\/\/api.w.org\/{rel}","templated":true}]}}