{"id":733371,"date":"2025-08-27T22:08:28","date_gmt":"2025-08-27T19:08:28","guid":{"rendered":"https:\/\/roveyayinevi.com.tr\/index.php\/urun\/evlere-sigmayan-macera\/"},"modified":"2026-04-16T02:40:56","modified_gmt":"2026-04-15T23:40:56","slug":"evlere-sigmayan-macera","status":"publish","type":"product","link":"https:\/\/roveyayinevi.com.tr\/index.php\/urun\/evlere-sigmayan-macera\/","title":{"rendered":"Evlere S\u0131\u011fmayan Macera"},"content":{"rendered":"<p>\u00dc\u00e7 ki\u015filik bir m\u00fczik grubu kuran Kerem, Emre ve Arda, har\u00e7l\u0131klar\u0131n\u0131 birle\u015ftirip bir ev kiralamaya karar verirler. Sabah ak\u015fam g\u00fcr\u00fclt\u00fclerinden \u015fikayet eden anne babalardan, kom\u015fulardan uzak, g\u00f6n\u00fcllerince m\u00fczik yapabilecekleri ve \u00f6zg\u00fcrce oyun oynayabilecekleri kendilerine ait bir yer\u2026Kerem\u2019in ablas\u0131 Sinem\u2019i de gizli planlar\u0131na dahil ederler. Ancak kiral\u0131k ev hayalinin heyecanl\u0131 bir maceraya d\u00f6n\u00fc\u015fece\u011fini hi\u00e7biri tahmin edememi\u015fti.\u00c7ocuk ve gen\u00e7lik edebiyat\u0131nda \u00f6zg\u00fcn tarz\u0131, ak\u0131c\u0131 dili ve okurunu ters k\u00f6\u015fe yapan s\u00fcrprizli kurgular\u0131yla tan\u0131n\u0131p sevilen Ayt\u00fcl Akal\u2019dan, odalara s\u0131\u011famayan, kendine ait bir evde g\u00f6n\u00fcllerince g\u00fcr\u00fclt\u00fc yapman\u0131n hayalini kuran merakl\u0131 \u00e7ocuklar i\u00e7in s\u00fcrekleyici ve e\u011flenceli bir roman.<\/p>\n","protected":false},"excerpt":{"rendered":"<p>\u00dc\u00e7 ki\u015filik bir m\u00fczik grubu kuran Kerem, Emre ve Arda, har\u00e7l\u0131klar\u0131n\u0131 birle\u015ftirip bir ev kiralamaya karar verirler. Sabah ak\u015fam g\u00fcr\u00fclt\u00fclerinden \u015fikayet eden anne babalardan, kom\u015fulardan uzak,<span class=\"excerpt-hellip\"> [\u2026]<\/span><\/p>\n","protected":false},"featured_media":0,"template":"","meta":{"_monsterinsights_skip_tracking":false,"_monsterinsights_sitenote_active":false,"_monsterinsights_sitenote_note":"","_monsterinsights_sitenote_category":0},"product_brand":[],"product_cat":[12275,12274],"product_tag":[],"class_list":{"0":"post-733371","1":"product","2":"type-product","3":"status-publish","5":"product_cat-6-12-yas-kitaplari","6":"product_cat-cocuk-ve-genclik-kitaplari","7":"pa_cilt-ciltsiz","8":"pa_tur-kitap","9":"pa_yayinevi-fom-kitap","10":"pa_yazar-aytul-akal","12":"first","13":"instock","14":"sale","15":"shipping-taxable","16":"purchasable","17":"product-type-simple"},"_links":{"self":[{"href":"https:\/\/roveyayinevi.com.tr\/index.php\/wp-json\/wp\/v2\/product\/733371","targetHints":{"allow":["GET"]}}],"collection":[{"href":"https:\/\/roveyayinevi.com.tr\/index.php\/wp-json\/wp\/v2\/product"}],"about":[{"href":"https:\/\/roveyayinevi.com.tr\/index.php\/wp-json\/wp\/v2\/types\/product"}],"wp:attachment":[{"href":"https:\/\/roveyayinevi.com.tr\/index.php\/wp-json\/wp\/v2\/media?parent=733371"}],"wp:term":[{"taxonomy":"product_brand","embeddable":true,"href":"https:\/\/roveyayinevi.com.tr\/index.php\/wp-json\/wp\/v2\/product_brand?post=733371"},{"taxonomy":"product_cat","embeddable":true,"href":"https:\/\/roveyayinevi.com.tr\/index.php\/wp-json\/wp\/v2\/product_cat?post=733371"},{"taxonomy":"product_tag","embeddable":true,"href":"https:\/\/roveyayinevi.com.tr\/index.php\/wp-json\/wp\/v2\/product_tag?post=733371"}],"curies":[{"name":"wp","href":"https:\/\/api.w.org\/{rel}","templated":true}]}}