{"id":733367,"date":"2025-08-27T22:08:24","date_gmt":"2025-08-27T19:08:24","guid":{"rendered":"https:\/\/roveyayinevi.com.tr\/index.php\/urun\/karalamalar\/"},"modified":"2026-04-16T02:40:56","modified_gmt":"2026-04-15T23:40:56","slug":"karalamalar","status":"publish","type":"product","link":"https:\/\/roveyayinevi.com.tr\/index.php\/urun\/karalamalar\/","title":{"rendered":"Karalamalar"},"content":{"rendered":"<p>Hayat bazen s\u00f6zlerde gizler kendini; g\u00fcne\u015fin, ay\u0131n, gizemli olan kap\u0131lar\u0131n ard\u0131nda, istemsiz g\u00fcl\u00fc\u015flerde, y\u00fcze d\u00fc\u015fen g\u00f6lgelerde, so\u011fuk duvarlarda, bazen harflerin k\u0131vr\u0131ml\u0131\u011f\u0131nda, kelimelerin dilsizli\u011finde, derin bak\u0131\u015flarda, d\u00fc\u015f\u00fclen yahut d\u00fc\u015f\u00fclmeyen yollarda, hi\u00e7 beklenmedik sonlarda, anlaml\u0131-anlams\u0131z c\u00fcmlelerde, i\u015fte orda bir yerde, binbir rengin olu\u015ftu\u011fu semada, toprak anada, g\u00fczelli\u011fini gizleyemeyen \u015eems &#8211; i Pare\u2019de, bir karede, \u00e7izilen bir resimde, onu buluncaya kadar a\u00e7\u0131\u011fa \u00e7\u0131karan, \u00e7\u0131kar\u0131lan s\u00f6zlerde&#8230; &#8220;G\u00fcne\u015f dursun; biraz da biz d\u00f6nelim, d\u00f6nd\u00fck\u00e7e yeni \u015feyler s\u00f6yleyelim.&#8221; Hayat\u0131n bilinenine ve bilinmezine do\u011fru yazar\u0131n anl\u0131k duygu ve d\u00fc\u015f\u00fcncelerini yans\u0131tan bu kitap; belki \u00e7oklar\u0131na ilham olacak, bazen i\u00e7imizde bir s\u0131cakl\u0131k bazen y\u00fcz\u00fcm\u00fczde bir tebess\u00fcm olu\u015fturacak c\u00fcmlemiz i\u00e7in bir araya gelen kelimelerden ibaret&#8230; <\/p>\n","protected":false},"excerpt":{"rendered":"<p>Hayat bazen s\u00f6zlerde gizler kendini; g\u00fcne\u015fin, ay\u0131n, gizemli olan kap\u0131lar\u0131n ard\u0131nda, istemsiz g\u00fcl\u00fc\u015flerde, y\u00fcze d\u00fc\u015fen g\u00f6lgelerde, so\u011fuk duvarlarda, bazen harflerin k\u0131vr\u0131ml\u0131\u011f\u0131nda, kelimelerin dilsizli\u011finde, derin bak\u0131\u015flarda, d\u00fc\u015f\u00fclen<span class=\"excerpt-hellip\"> [\u2026]<\/span><\/p>\n","protected":false},"featured_media":0,"template":"","meta":{"_monsterinsights_skip_tracking":false,"_monsterinsights_sitenote_active":false,"_monsterinsights_sitenote_note":"","_monsterinsights_sitenote_category":0},"product_brand":[],"product_cat":[12777,12291],"product_tag":[],"class_list":{"0":"post-733367","1":"product","2":"type-product","3":"status-publish","5":"product_cat-deneme","6":"product_cat-edebiyat","7":"pa_cilt-ciltsiz","8":"pa_tur-kitap","9":"pa_yayinevi-luna-yayinlari","10":"pa_yazar-sukru-ozcan","12":"first","13":"instock","14":"sale","15":"shipping-taxable","16":"purchasable","17":"product-type-simple"},"_links":{"self":[{"href":"https:\/\/roveyayinevi.com.tr\/index.php\/wp-json\/wp\/v2\/product\/733367","targetHints":{"allow":["GET"]}}],"collection":[{"href":"https:\/\/roveyayinevi.com.tr\/index.php\/wp-json\/wp\/v2\/product"}],"about":[{"href":"https:\/\/roveyayinevi.com.tr\/index.php\/wp-json\/wp\/v2\/types\/product"}],"wp:attachment":[{"href":"https:\/\/roveyayinevi.com.tr\/index.php\/wp-json\/wp\/v2\/media?parent=733367"}],"wp:term":[{"taxonomy":"product_brand","embeddable":true,"href":"https:\/\/roveyayinevi.com.tr\/index.php\/wp-json\/wp\/v2\/product_brand?post=733367"},{"taxonomy":"product_cat","embeddable":true,"href":"https:\/\/roveyayinevi.com.tr\/index.php\/wp-json\/wp\/v2\/product_cat?post=733367"},{"taxonomy":"product_tag","embeddable":true,"href":"https:\/\/roveyayinevi.com.tr\/index.php\/wp-json\/wp\/v2\/product_tag?post=733367"}],"curies":[{"name":"wp","href":"https:\/\/api.w.org\/{rel}","templated":true}]}}