{"id":733366,"date":"2025-08-27T22:08:22","date_gmt":"2025-08-27T19:08:22","guid":{"rendered":"https:\/\/roveyayinevi.com.tr\/index.php\/urun\/zaman-salincagi\/"},"modified":"2026-04-16T02:40:56","modified_gmt":"2026-04-15T23:40:56","slug":"zaman-salincagi","status":"publish","type":"product","link":"https:\/\/roveyayinevi.com.tr\/index.php\/urun\/zaman-salincagi\/","title":{"rendered":"Zaman Sal\u0131nca\u011f\u0131"},"content":{"rendered":"<p>Ba\u015flar e\u011fik, uzand\u0131 kollar Getirip, bir yere b\u0131rakt\u0131lar Topland\u0131 herkes etraf\u0131ma Beyaz sar\u0131kl\u0131 bir adam Bir \u015feyler s\u00f6yledi kalabal\u0131\u011fa Sonra, hep birden d\u00f6nd\u00fcler benim tarafa El kol hareketleri sonra Yine ald\u0131lar eller \u00fcst\u00fcne Getirdiler bir \u00e7ukurun ba\u015f\u0131na Mezar diyorlar buna Bir ki\u015fi, iki ki\u015fi indi Beni de indirdiler \u00e7ukura Yere yat\u0131r\u0131p, tahtalar\u0131 dizdiler Her tahtayla, \u0131\u015f\u0131\u011f\u0131m\u0131 \u00e7ald\u0131lar Son tahtada karanl\u0131\u011fa b\u0131rakt\u0131lar Sesler ba\u015flad\u0131, toprak sesleri K\u00fcrekler \u00e7al\u0131\u015f\u0131yor, a\u011f\u0131rl\u0131k art\u0131yor, Ve kesildi sesler Ve anlad\u0131m, ben \u00f6l\u00fcy\u00fcm Hi\u00e7bir \u015fey hissetmedim Sadece y\u00fcre\u011fim s\u0131zl\u0131yor. <\/p>\n","protected":false},"excerpt":{"rendered":"<p>Ba\u015flar e\u011fik, uzand\u0131 kollar Getirip, bir yere b\u0131rakt\u0131lar Topland\u0131 herkes etraf\u0131ma Beyaz sar\u0131kl\u0131 bir adam Bir \u015feyler s\u00f6yledi kalabal\u0131\u011fa Sonra, hep birden d\u00f6nd\u00fcler benim tarafa El<span class=\"excerpt-hellip\"> [\u2026]<\/span><\/p>\n","protected":false},"featured_media":0,"template":"","meta":{"_monsterinsights_skip_tracking":false,"_monsterinsights_sitenote_active":false,"_monsterinsights_sitenote_note":"","_monsterinsights_sitenote_category":0},"product_brand":[],"product_cat":[12291,12509],"product_tag":[],"class_list":{"0":"post-733366","1":"product","2":"type-product","3":"status-publish","5":"product_cat-edebiyat","6":"product_cat-siir","7":"pa_cilt-ciltsiz","8":"pa_tur-kitap","9":"pa_yayinevi-luna-yayinlari","10":"pa_yazar-adem-ali-komurcu","12":"first","13":"instock","14":"sale","15":"shipping-taxable","16":"purchasable","17":"product-type-simple"},"_links":{"self":[{"href":"https:\/\/roveyayinevi.com.tr\/index.php\/wp-json\/wp\/v2\/product\/733366","targetHints":{"allow":["GET"]}}],"collection":[{"href":"https:\/\/roveyayinevi.com.tr\/index.php\/wp-json\/wp\/v2\/product"}],"about":[{"href":"https:\/\/roveyayinevi.com.tr\/index.php\/wp-json\/wp\/v2\/types\/product"}],"wp:attachment":[{"href":"https:\/\/roveyayinevi.com.tr\/index.php\/wp-json\/wp\/v2\/media?parent=733366"}],"wp:term":[{"taxonomy":"product_brand","embeddable":true,"href":"https:\/\/roveyayinevi.com.tr\/index.php\/wp-json\/wp\/v2\/product_brand?post=733366"},{"taxonomy":"product_cat","embeddable":true,"href":"https:\/\/roveyayinevi.com.tr\/index.php\/wp-json\/wp\/v2\/product_cat?post=733366"},{"taxonomy":"product_tag","embeddable":true,"href":"https:\/\/roveyayinevi.com.tr\/index.php\/wp-json\/wp\/v2\/product_tag?post=733366"}],"curies":[{"name":"wp","href":"https:\/\/api.w.org\/{rel}","templated":true}]}}