{"id":733365,"date":"2025-08-27T22:08:21","date_gmt":"2025-08-27T19:08:21","guid":{"rendered":"https:\/\/roveyayinevi.com.tr\/index.php\/urun\/kanat-koparmaca\/"},"modified":"2026-04-16T02:40:56","modified_gmt":"2026-04-15T23:40:56","slug":"kanat-koparmaca","status":"publish","type":"product","link":"https:\/\/roveyayinevi.com.tr\/index.php\/urun\/kanat-koparmaca\/","title":{"rendered":"Kanat Koparmaca"},"content":{"rendered":"<p>\u201cY\u00fckselen gen\u00e7 bir edebiyat\u00e7\u0131 olarak Zekiye Yald\u0131z ismini daha \u00e7ok duyacaks\u0131n\u0131z; \u00e7ok ihtiya\u00e7 duydu\u011fumuz samimiyetine ve s\u0131cac\u0131k, arzulu, co\u015fkun kelimelerine bay\u0131lacaks\u0131n\u0131z. Sat\u0131r sat\u0131r, paragraf paragraf, sayfa sayfa ak\u0131nt\u0131ya kap\u0131l\u0131p s\u00fcr\u00fckleneceksiniz. Kelimelerin derinli\u011fine ve y\u00fcksekli\u011fine; \u015fiirsel, d\u00fc\u015fsel diline kap\u0131l\u0131p bata \u00e7\u0131ka harika bir yolculu\u011fa \u00e7\u0131kacaks\u0131n\u0131z, \u015fa\u015f\u0131rmay\u0131n!\u201dNihat Gen\u00e7\u201cZaman dostum, zaman insan\u0131 allak bullak eden k\u0131z\u0131ll\u0131\u011f\u0131n\u0131 soyunup \u0131\u015f\u0131lt\u0131l\u0131 karanl\u0131\u011f\u0131n\u0131 s\u0131rt\u0131na ge\u00e7iriyor ve mor saten \u00e7ar\u015faflara uzan\u0131p insana \u015f\u00f6yle g\u00fcl\u00fcms\u00fcyor: Se\u00e7iyorsun. E\u015fini, i\u015fini, bakla sofa evini, bir kere bile ba\u015f\u0131n\u0131 \u00e7evirip \u015fu mor \u00e7ar\u015faflar serilmi\u015f g\u00f6ky\u00fcz\u00fcne bakmadan oturaca\u011f\u0131n koltuklar\u0131n\u0131, o koltuklarda oturup izleyerek ya\u015flanaca\u011f\u0131n TV dizilerini se\u00e7iyorsun. Bu se\u00e7im Alev\u2019in se\u00e7imiydi. Bense salk\u0131m sa\u00e7ak g\u00f6z k\u0131rpan y\u0131ld\u0131zlar\u0131 birlikte izleyebilece\u011fim ve bana o y\u0131ld\u0131zlar\u0131n alt\u0131nda Attila \u0130lhan\u2019dan, Didem Madak\u2019tan \u015fiirler okuyan\u0131 se\u00e7mi\u015ftim.\u201d<\/p>\n","protected":false},"excerpt":{"rendered":"<p>\u201cY\u00fckselen gen\u00e7 bir edebiyat\u00e7\u0131 olarak Zekiye Yald\u0131z ismini daha \u00e7ok duyacaks\u0131n\u0131z; \u00e7ok ihtiya\u00e7 duydu\u011fumuz samimiyetine ve s\u0131cac\u0131k, arzulu, co\u015fkun kelimelerine bay\u0131lacaks\u0131n\u0131z. Sat\u0131r sat\u0131r, paragraf paragraf, sayfa<span class=\"excerpt-hellip\"> [\u2026]<\/span><\/p>\n","protected":false},"featured_media":0,"template":"","meta":{"_monsterinsights_skip_tracking":false,"_monsterinsights_sitenote_active":false,"_monsterinsights_sitenote_note":"","_monsterinsights_sitenote_category":0},"product_brand":[],"product_cat":[12291,12711],"product_tag":[],"class_list":{"0":"post-733365","1":"product","2":"type-product","3":"status-publish","5":"product_cat-edebiyat","6":"product_cat-roman-oyku","7":"pa_cilt-ciltsiz","8":"pa_tur-kitap","9":"pa_yayinevi-pankus-yayinlari","10":"pa_yazar-zekiye-yaldiz","12":"first","13":"instock","14":"sale","15":"shipping-taxable","16":"purchasable","17":"product-type-simple"},"_links":{"self":[{"href":"https:\/\/roveyayinevi.com.tr\/index.php\/wp-json\/wp\/v2\/product\/733365","targetHints":{"allow":["GET"]}}],"collection":[{"href":"https:\/\/roveyayinevi.com.tr\/index.php\/wp-json\/wp\/v2\/product"}],"about":[{"href":"https:\/\/roveyayinevi.com.tr\/index.php\/wp-json\/wp\/v2\/types\/product"}],"wp:attachment":[{"href":"https:\/\/roveyayinevi.com.tr\/index.php\/wp-json\/wp\/v2\/media?parent=733365"}],"wp:term":[{"taxonomy":"product_brand","embeddable":true,"href":"https:\/\/roveyayinevi.com.tr\/index.php\/wp-json\/wp\/v2\/product_brand?post=733365"},{"taxonomy":"product_cat","embeddable":true,"href":"https:\/\/roveyayinevi.com.tr\/index.php\/wp-json\/wp\/v2\/product_cat?post=733365"},{"taxonomy":"product_tag","embeddable":true,"href":"https:\/\/roveyayinevi.com.tr\/index.php\/wp-json\/wp\/v2\/product_tag?post=733365"}],"curies":[{"name":"wp","href":"https:\/\/api.w.org\/{rel}","templated":true}]}}