{"id":733363,"date":"2025-08-27T22:08:20","date_gmt":"2025-08-27T19:08:20","guid":{"rendered":"https:\/\/roveyayinevi.com.tr\/index.php\/urun\/faktor-analizi-modellerinin-belirlenebilirligi\/"},"modified":"2026-04-16T02:40:56","modified_gmt":"2026-04-15T23:40:56","slug":"faktor-analizi-modellerinin-belirlenebilirligi","status":"publish","type":"product","link":"https:\/\/roveyayinevi.com.tr\/index.php\/urun\/faktor-analizi-modellerinin-belirlenebilirligi\/","title":{"rendered":"Fakt\u00f6r Analizi Modellerinin Belirlenebilirli\u011fi"},"content":{"rendered":"<p>\u0130\u00e7indekiler1. Literat\u00fcr \u00d6zeti2. Fakt\u00f6r Analizi Modelinde Temel Kavramlar Ve Fakt\u00f6r Bulma Y\u00f6ntemleri2.1. Fakt\u00f6r Analizi Modelinde Temel Kavramlar2.2. Fakt\u00f6r Analizinin Verilere Uygulanmas\u01312.3. Fakt\u00f6r Analizi Yaparken Elde Edece\u011fimiz Matris T\u00fcrleri2.4. \u00c7\u00f6z\u00fcm Y\u00f6ntemleri2.5. Veri K\u00fcmesinin Analizindeki Sorunlar2.6. Fakt\u00f6r Analizi \u0130\u00e7in Verilerin Uygunlu\u011funun Test Edilmesi (\u00d6RNEKLEM B\u00fcy\u00fck\u00fc\u011f\u00fcn\u00fcn Yeterlili\u011fi)2.7. Fakt\u00f6r Say\u0131s\u0131n\u0131 Belirleyen Kurallar2.8. Fakt\u00f6r Bulma Y\u00f6ntemleri3. Fakt\u00f6r Analizi Modelinde D\u00f6nme3.1. Fakt\u00f6r D\u00f6nd\u00fcrmesi4. Uygulama4.1. Uygulamada Kullan\u0131lan Veri4.2. Uygulamada Kullan\u0131lan Analiz Y\u00f6ntemleri4.3. Uygulaman\u0131n Konusu Ve Amac\u01314.4. Fakt\u00f6r Analizi Uygularken Dikkat Edilecek Noktalar4.5. Fakt\u00f6r Analizi \u0130le T\u00fcrkiye Genelinde En \u00c7ok T\u00fcketilen G\u0131da Fiyatlar\u0131n\u0131n \u201cTemel Bile\u015fenler Analizi (TBA)\u201d Ve \u201cVAR\u0130MAX\u201d Y\u00f6ntemi Kullan\u0131larak \u0130llere G\u00f6re S\u0131ralanmas\u01314.6. Fakt\u00f6r Analizi \u0130le T\u00fcrkiye Genelinde En \u00c7ok T\u00fcketilen G\u0131da Fiyatlar\u0131n\u0131n \u201cMaksimum Likelihood Y\u00f6ntemi (ML)\u201d Ve \u201cVAR\u0130MAX\u201d Y\u00f6ntemi Kullan\u0131larak \u0130llere G\u00f6re S\u0131ralanmas\u01314.7. Fakt\u00f6r Analizi \u0130le T\u00fcrkiye Genelinde En \u00c7ok T\u00fcketilen G\u0131da Fiyatlar\u0131n\u0131n \u201cA\u011eIRLIKLANDIRILMAMI\u015e En K\u00fc\u00e7\u00fck Kareler (AEKK)\u201d Ve \u201cVAR\u0130MAX\u201d Y\u00f6ntemi Kullan\u0131larak \u0130llere G\u00f6re S\u0131ralanmas\u01314.8. Fakt\u00f6r Analizi \u0130le T\u00fcrkiye Genelinde En \u00c7ok T\u00fcketilen G\u0131da Fiyatlar\u0131n\u0131n \u201cGENELLE\u015eT\u0130R\u0130LM\u0130\u015e En K\u00fc\u00e7\u00fck Kareler (GEKK)\u201d Ve Varimax Y\u00f6ntemi Kullan\u0131larak \u0130llere G\u00f6re S\u0131ralanmas\u0131<\/p>\n","protected":false},"excerpt":{"rendered":"<p>\u0130\u00e7indekiler1. Literat\u00fcr \u00d6zeti2. Fakt\u00f6r Analizi Modelinde Temel Kavramlar Ve Fakt\u00f6r Bulma Y\u00f6ntemleri2.1. Fakt\u00f6r Analizi Modelinde Temel Kavramlar2.2. Fakt\u00f6r Analizinin Verilere Uygulanmas\u01312.3. Fakt\u00f6r Analizi Yaparken Elde Edece\u011fimiz<span class=\"excerpt-hellip\"> [\u2026]<\/span><\/p>\n","protected":false},"featured_media":0,"template":"","meta":{"_monsterinsights_skip_tracking":false,"_monsterinsights_sitenote_active":false,"_monsterinsights_sitenote_note":"","_monsterinsights_sitenote_category":0},"product_brand":[],"product_cat":[13043,14381],"product_tag":[],"class_list":{"0":"post-733363","1":"product","2":"type-product","3":"status-publish","5":"product_cat-ekonomi","6":"product_cat-isletme-muhasebe-maliye","7":"pa_cilt-ciltsiz","8":"pa_tur-kitap","9":"pa_yayinevi-gazi-kitabevi","10":"pa_yazar-seval-suzulmus-emre-yakut","12":"first","13":"instock","14":"sale","15":"shipping-taxable","16":"purchasable","17":"product-type-simple"},"_links":{"self":[{"href":"https:\/\/roveyayinevi.com.tr\/index.php\/wp-json\/wp\/v2\/product\/733363","targetHints":{"allow":["GET"]}}],"collection":[{"href":"https:\/\/roveyayinevi.com.tr\/index.php\/wp-json\/wp\/v2\/product"}],"about":[{"href":"https:\/\/roveyayinevi.com.tr\/index.php\/wp-json\/wp\/v2\/types\/product"}],"wp:attachment":[{"href":"https:\/\/roveyayinevi.com.tr\/index.php\/wp-json\/wp\/v2\/media?parent=733363"}],"wp:term":[{"taxonomy":"product_brand","embeddable":true,"href":"https:\/\/roveyayinevi.com.tr\/index.php\/wp-json\/wp\/v2\/product_brand?post=733363"},{"taxonomy":"product_cat","embeddable":true,"href":"https:\/\/roveyayinevi.com.tr\/index.php\/wp-json\/wp\/v2\/product_cat?post=733363"},{"taxonomy":"product_tag","embeddable":true,"href":"https:\/\/roveyayinevi.com.tr\/index.php\/wp-json\/wp\/v2\/product_tag?post=733363"}],"curies":[{"name":"wp","href":"https:\/\/api.w.org\/{rel}","templated":true}]}}