{"id":733362,"date":"2025-08-27T22:08:19","date_gmt":"2025-08-27T19:08:19","guid":{"rendered":"https:\/\/roveyayinevi.com.tr\/index.php\/urun\/pazarlama-ve-organizasyon-perspektifinden-kuramlar-ve-tartismalar\/"},"modified":"2026-04-16T02:40:56","modified_gmt":"2026-04-15T23:40:56","slug":"pazarlama-ve-organizasyon-perspektifinden-kuramlar-ve-tartismalar","status":"publish","type":"product","link":"https:\/\/roveyayinevi.com.tr\/index.php\/urun\/pazarlama-ve-organizasyon-perspektifinden-kuramlar-ve-tartismalar\/","title":{"rendered":"Pazarlama ve Organizasyon Perspektifinden Kuramlar ve Tart\u0131\u015fmalar"},"content":{"rendered":"<p>\u0130\u00e7indekiler1. Assessing Strategic Positioning of E-Commerce Sites: Analysis of Turkish Retail Market2. Parallel Import and Gray Marketing Differentiation: A Review on Consumer Preferences3. Pazarlama Odakl\u0131 Yakla\u015f\u0131m ile Karar Verme Teorilerine Kavramsal Bak\u0131\u015f4. Atfetme Teorisi: Pazarlama Literat\u00fcr\u00fc A\u00e7\u0131s\u0131ndan Bir \u0130nceleme5. Geri Kazan\u0131ma Pazarlama Bak\u0131\u015f\u01316. Ye\u015fil Pazarlama \u00d6rnekleri ve Ye\u015fil Aklama Stratejileri7. A\u015f\u0131r\u0131 T\u00fcketime Kar\u015f\u0131 Bir Ya\u015fam Bi\u00e7imi Olarak \u201cFreeganizm\u201d8. T\u00fcketicilerin Kompulsif Sat\u0131n Alma Davran\u0131\u015f\u0131na \u0130li\u015fkin Kavramsal Bir \u00c7al\u0131\u015fma9. Referans Gruplar\u0131n T\u00fcketici Davran\u0131\u015flar\u0131 \u00dczerine Etkisi: Ki\u015fiye \u00d6zel T\u00fcketilen ve Sosyal Olarak T\u00fcketilen \u00dcr\u00fcnlerin Kar\u015f\u0131la\u015ft\u0131r\u0131lmas\u0131na Y\u00f6nelik Bir Uygulama10. Sosyal Kar\u015f\u0131la\u015ft\u0131rman\u0131n T\u00fcketicilerin Yeniden Sat\u0131n Alma Davran\u0131\u015flar\u0131na Etkisinin K\u00fclt\u00fcr Ba\u011flam\u0131nda \u0130ncelenmesi11. T\u00fcrk Kahvesi ve \u00dc\u00e7\u00fcnc\u00fc Nesil Kahvelerde \u00dcr\u00fcne Kar\u015f\u0131 \u0130lgilenim12. Tedarik Zinciri Y\u00f6netiminin Tarihsel Geli\u015fimi, Ama\u00e7lar\u0131 ve \u0130\u015f S\u00fcre\u00e7leri13. Otel \u0130\u015fletmelerinde Marka Deneyimi, Marka \u0130maj\u0131 ve \u00dcr\u00fcn \u00d6zelliklerinin Marka Sadakati \u00dczerindeki Etkilerinin \u0130ncelenmesi14. Sosyal Bilimlerde Evrimci Yakla\u015f\u0131mlar\u0131n \u00d6rg\u00fct Kuramlar\u0131ndaki Yans\u0131mas\u0131: \u00d6rg\u00fctsel Pop\u00fclasyon Ekolojisi Kuram\u013115. Ma\u011faza Atmosferi Fakt\u00f6rlerinin Kurum \u0130tibar\u0131na Etkisi ve Bir Ara\u015ft\u0131rma<\/p>\n","protected":false},"excerpt":{"rendered":"<p>\u0130\u00e7indekiler1. Assessing Strategic Positioning of E-Commerce Sites: Analysis of Turkish Retail Market2. Parallel Import and Gray Marketing Differentiation: A Review on Consumer Preferences3. Pazarlama Odakl\u0131 Yakla\u015f\u0131m<span class=\"excerpt-hellip\"> [\u2026]<\/span><\/p>\n","protected":false},"featured_media":0,"template":"","meta":{"_monsterinsights_skip_tracking":false,"_monsterinsights_sitenote_active":false,"_monsterinsights_sitenote_note":"","_monsterinsights_sitenote_category":0},"product_brand":[],"product_cat":[13043,17492],"product_tag":[],"class_list":{"0":"post-733362","1":"product","2":"type-product","3":"status-publish","5":"product_cat-ekonomi","6":"product_cat-pazarlama-satis-reklam","7":"pa_cilt-ciltsiz","8":"pa_tur-kitap","9":"pa_yayinevi-gazi-kitabevi","10":"pa_yazar-sahin-karabulut","12":"first","13":"instock","14":"sale","15":"shipping-taxable","16":"purchasable","17":"product-type-simple"},"_links":{"self":[{"href":"https:\/\/roveyayinevi.com.tr\/index.php\/wp-json\/wp\/v2\/product\/733362","targetHints":{"allow":["GET"]}}],"collection":[{"href":"https:\/\/roveyayinevi.com.tr\/index.php\/wp-json\/wp\/v2\/product"}],"about":[{"href":"https:\/\/roveyayinevi.com.tr\/index.php\/wp-json\/wp\/v2\/types\/product"}],"wp:attachment":[{"href":"https:\/\/roveyayinevi.com.tr\/index.php\/wp-json\/wp\/v2\/media?parent=733362"}],"wp:term":[{"taxonomy":"product_brand","embeddable":true,"href":"https:\/\/roveyayinevi.com.tr\/index.php\/wp-json\/wp\/v2\/product_brand?post=733362"},{"taxonomy":"product_cat","embeddable":true,"href":"https:\/\/roveyayinevi.com.tr\/index.php\/wp-json\/wp\/v2\/product_cat?post=733362"},{"taxonomy":"product_tag","embeddable":true,"href":"https:\/\/roveyayinevi.com.tr\/index.php\/wp-json\/wp\/v2\/product_tag?post=733362"}],"curies":[{"name":"wp","href":"https:\/\/api.w.org\/{rel}","templated":true}]}}