{"id":733361,"date":"2025-08-27T22:08:18","date_gmt":"2025-08-27T19:08:18","guid":{"rendered":"https:\/\/roveyayinevi.com.tr\/index.php\/urun\/iktisadi-mali-ve-finansal-konulara-teorik-bakis-acilari\/"},"modified":"2026-04-16T02:40:56","modified_gmt":"2026-04-15T23:40:56","slug":"iktisadi-mali-ve-finansal-konulara-teorik-bakis-acilari","status":"publish","type":"product","link":"https:\/\/roveyayinevi.com.tr\/index.php\/urun\/iktisadi-mali-ve-finansal-konulara-teorik-bakis-acilari\/","title":{"rendered":"\u0130ktisadi, Mali ve Finansal Konulara Teorik Bak\u0131\u015f A\u00e7\u0131lar\u0131"},"content":{"rendered":"<p>\u0130\u00e7indekiler1. D\u00f6viz Kuru Ge\u00e7i\u015fkenli\u011fini Etkileyen Fakt\u00f6rler2. D\u00f6viz Kuru Riskine Teorik Bir Bak\u0131\u015f: Riskin \u00d6l\u00e7\u00fclmesi ve Korunma Y\u00f6ntemleri3. Yeni Nesil Yat\u0131r\u0131m ve Tasarruf Arac\u0131 Olarak Kripto Paralar4. Para Politikas\u0131 ve Gelir E\u015fitsizli\u011fi5. Kay\u0131t D\u0131\u015f\u0131 Ekonomi \u00dczerine Notlar6. D\u0131\u015f Ticaret Dengesi ve D\u0131\u015f Ticaret Haddi Aras\u0131ndaki \u0130li\u015fki \u00dczerine Teorik Bir Yakla\u015f\u0131m: J E\u011frisi7. T\u00fcrkiye\u2019nin D\u0131\u015f Ticaret Performans\u0131n\u0131n Do\u011frudan Yabanc\u0131 Yat\u0131r\u0131mlar ile \u0130li\u015fkisi: NARDL Y\u00f6nteminden Kan\u0131tlar8. T\u00fcrkiye\u2019de Do\u011frudan Yabanc\u0131 Sermaye Yat\u0131r\u0131mlar\u0131 ve \u0130novasyon \u0130li\u015fkisi \u00dczerine Teorik Bir \u0130nceleme9. Tanzimattan G\u00fcn\u00fcm\u00fcze Do\u011frudan Yabanc\u0131 Sermaye Hareketleri10. Enflasyonla M\u00fccadelede Neo-Fisher ve Neo-Keynesyen Paradigma11. Kamusal Mallar\u0131 Yeniden D\u00fc\u015f\u00fcnmek: \u00c7in\u2019in Vatanda\u015fl\u0131k Puan\u0131 Sistemi12. M\u00fcltecilerin (G\u00f6\u00e7menlerin) Korunmas\u0131n\u0131n K\u00fcresel Kamusal Mal Olarak De\u011ferlendirilmesi13. Sa\u011fl\u0131k Hizmetlerinde Piyasa Ba\u015far\u0131s\u0131zl\u0131\u011f\u0131 ve Devletin M\u00fcdahale Nedenleri14. Dijitalle\u015fme S\u00fcrecinde \u0130sl\u00e2mi Finans \u0130\u00e7in Model \u00d6nerisi: \u201c\u00c7ok Ortakl\u0131 Giri\u015fimci Fonu\u201d15. Sukuk\u2019un Kat\u0131l\u0131m Bankac\u0131l\u0131\u011f\u0131 Sekt\u00f6r\u00fcndeki Yeri ve Geli\u015fimi16. Uluslararas\u0131 Finansal Raporlama Standartlar\u0131\u2019n\u0131n Yarat\u0131c\u0131 Muhasebe Uygulamalar\u0131 \u00dczerine Etkisi17. Tahmini De\u011ferler ve Muhasebe Politikalar\u0131 Kapsam\u0131nda \u0130\u015fletmelerin Finansal Tablolar\u0131n\u0131n Kar\u015f\u0131la\u015ft\u0131r\u0131labilirli\u011fi18. \u015eirket De\u011ferlemesinde Teorik \u00c7er\u00e7eve ve T\u00fcrkiye\u2019de Yap\u0131lan \u015eirket De\u011ferlemesi \u00c7al\u0131\u015fmalar\u0131n\u0131n Analizi19. Covid-19 Pandemisinin \u00dcretim Planlama S\u00fcre\u00e7lerine Etkisi20. Covid-19 Pandemisinin Hisse Senedi Piyasalar\u0131 \u00dczerindeki Etkisine Y\u00f6nelik Literat\u00fcr Taramas\u0131<\/p>\n","protected":false},"excerpt":{"rendered":"<p>\u0130\u00e7indekiler1. D\u00f6viz Kuru Ge\u00e7i\u015fkenli\u011fini Etkileyen Fakt\u00f6rler2. D\u00f6viz Kuru Riskine Teorik Bir Bak\u0131\u015f: Riskin \u00d6l\u00e7\u00fclmesi ve Korunma Y\u00f6ntemleri3. Yeni Nesil Yat\u0131r\u0131m ve Tasarruf Arac\u0131 Olarak Kripto Paralar4.<span class=\"excerpt-hellip\"> [\u2026]<\/span><\/p>\n","protected":false},"featured_media":0,"template":"","meta":{"_monsterinsights_skip_tracking":false,"_monsterinsights_sitenote_active":false,"_monsterinsights_sitenote_note":"","_monsterinsights_sitenote_category":0},"product_brand":[],"product_cat":[13043,14381],"product_tag":[],"class_list":{"0":"post-733361","1":"product","2":"type-product","3":"status-publish","5":"product_cat-ekonomi","6":"product_cat-isletme-muhasebe-maliye","7":"pa_cilt-ciltsiz","8":"pa_tur-kitap","9":"pa_yayinevi-gazi-kitabevi","10":"pa_yazar-sahin-karabulut","12":"first","13":"instock","14":"sale","15":"shipping-taxable","16":"purchasable","17":"product-type-simple"},"_links":{"self":[{"href":"https:\/\/roveyayinevi.com.tr\/index.php\/wp-json\/wp\/v2\/product\/733361","targetHints":{"allow":["GET"]}}],"collection":[{"href":"https:\/\/roveyayinevi.com.tr\/index.php\/wp-json\/wp\/v2\/product"}],"about":[{"href":"https:\/\/roveyayinevi.com.tr\/index.php\/wp-json\/wp\/v2\/types\/product"}],"wp:attachment":[{"href":"https:\/\/roveyayinevi.com.tr\/index.php\/wp-json\/wp\/v2\/media?parent=733361"}],"wp:term":[{"taxonomy":"product_brand","embeddable":true,"href":"https:\/\/roveyayinevi.com.tr\/index.php\/wp-json\/wp\/v2\/product_brand?post=733361"},{"taxonomy":"product_cat","embeddable":true,"href":"https:\/\/roveyayinevi.com.tr\/index.php\/wp-json\/wp\/v2\/product_cat?post=733361"},{"taxonomy":"product_tag","embeddable":true,"href":"https:\/\/roveyayinevi.com.tr\/index.php\/wp-json\/wp\/v2\/product_tag?post=733361"}],"curies":[{"name":"wp","href":"https:\/\/api.w.org\/{rel}","templated":true}]}}