{"id":733358,"date":"2025-08-27T22:08:15","date_gmt":"2025-08-27T19:08:15","guid":{"rendered":"https:\/\/roveyayinevi.com.tr\/index.php\/urun\/harikalar-odasi\/"},"modified":"2026-04-16T02:40:56","modified_gmt":"2026-04-15T23:40:56","slug":"harikalar-odasi","status":"publish","type":"product","link":"https:\/\/roveyayinevi.com.tr\/index.php\/urun\/harikalar-odasi\/","title":{"rendered":"Harikalar Odas\u0131"},"content":{"rendered":"<p>Her yap\u0131t bir ba\u015fka yap\u0131t\u0131n aynas\u0131d\u0131r.Zengin koleksiyoner Hermann Raffke\u2019nin \u00f6zel koleksiyonundan olu\u015fan sergi, \u00f6ng\u00f6r\u00fclenin aksine, sanat d\u00fcnyas\u0131nda olay yarat\u0131r: \u0130nsanlar d\u00f6rt bir yandan apar topar bu sergiyi g\u00f6rmeye ko\u015far. Durum izdihama var\u0131nca, i\u00e7eriye s\u0131n\u0131rl\u0131 say\u0131da ziyaret\u00e7i almaya ba\u015flan\u0131r. Fakat serginin sonlanmas\u0131na bir hafta kala i\u015fler iyice kar\u0131\u015f\u0131r, g\u00fcn boyu bekleyip i\u00e7eri giremedi\u011fi i\u00e7in \u00e7ileden \u00e7\u0131kan bir ziyaret\u00e7i i\u00e7eri dalar ve olan olur.Harikalar Odas\u0131, Perec\u2019in harika tasvirlerinin alayc\u0131 \u00fcslubuyla birle\u015fti\u011fi, hik\u00e2ye i\u00e7inde hik\u00e2yelerinin tablo i\u00e7inde tablolarla tamamland\u0131\u011f\u0131 kurmaca bir sahtecilik \u00f6yk\u00fcs\u00fc.D\u00fcnyan\u0131n en benzersiz edeb\u00ee ki\u015filiklerinden biri.Italo Calvino<\/p>\n","protected":false},"excerpt":{"rendered":"<p>Her yap\u0131t bir ba\u015fka yap\u0131t\u0131n aynas\u0131d\u0131r.Zengin koleksiyoner Hermann Raffke\u2019nin \u00f6zel koleksiyonundan olu\u015fan sergi, \u00f6ng\u00f6r\u00fclenin aksine, sanat d\u00fcnyas\u0131nda olay yarat\u0131r: \u0130nsanlar d\u00f6rt bir yandan apar topar bu<span class=\"excerpt-hellip\"> [\u2026]<\/span><\/p>\n","protected":false},"featured_media":0,"template":"","meta":{"_monsterinsights_skip_tracking":false,"_monsterinsights_sitenote_active":false,"_monsterinsights_sitenote_note":"","_monsterinsights_sitenote_category":0},"product_brand":[],"product_cat":[12291,12711],"product_tag":[],"class_list":{"0":"post-733358","1":"product","2":"type-product","3":"status-publish","5":"product_cat-edebiyat","6":"product_cat-roman-oyku","7":"pa_cilt-ciltsiz","8":"pa_tur-kitap","9":"pa_yayinevi-can-yayinlari","10":"pa_yazar-georges-perec","12":"first","13":"instock","14":"sale","15":"shipping-taxable","16":"purchasable","17":"product-type-simple"},"_links":{"self":[{"href":"https:\/\/roveyayinevi.com.tr\/index.php\/wp-json\/wp\/v2\/product\/733358","targetHints":{"allow":["GET"]}}],"collection":[{"href":"https:\/\/roveyayinevi.com.tr\/index.php\/wp-json\/wp\/v2\/product"}],"about":[{"href":"https:\/\/roveyayinevi.com.tr\/index.php\/wp-json\/wp\/v2\/types\/product"}],"wp:attachment":[{"href":"https:\/\/roveyayinevi.com.tr\/index.php\/wp-json\/wp\/v2\/media?parent=733358"}],"wp:term":[{"taxonomy":"product_brand","embeddable":true,"href":"https:\/\/roveyayinevi.com.tr\/index.php\/wp-json\/wp\/v2\/product_brand?post=733358"},{"taxonomy":"product_cat","embeddable":true,"href":"https:\/\/roveyayinevi.com.tr\/index.php\/wp-json\/wp\/v2\/product_cat?post=733358"},{"taxonomy":"product_tag","embeddable":true,"href":"https:\/\/roveyayinevi.com.tr\/index.php\/wp-json\/wp\/v2\/product_tag?post=733358"}],"curies":[{"name":"wp","href":"https:\/\/api.w.org\/{rel}","templated":true}]}}